{"id":1408,"date":"2024-03-15T12:33:28","date_gmt":"2024-03-15T12:33:28","guid":{"rendered":"https:\/\/nehstore.com\/klubb\/?page_id=1408"},"modified":"2024-03-15T13:04:14","modified_gmt":"2024-03-15T13:04:14","slug":"ishockey","status":"publish","type":"page","link":"https:\/\/nehstore.com\/klubb\/ishockey\/","title":{"rendered":"ISHOCKEY"},"content":{"rendered":"<!--themify_builder_content-->\n<div id=\"themify_builder_content-1408\" data-postid=\"1408\" class=\"themify_builder_content themify_builder_content-1408 themify_builder tf_clear\">\n    \t\t\t\t<!-- module_row -->\n\t\t<div  data-lazy=\"1\" class=\"module_row themify_builder_row tb_tdf9633 tb_first tf_w tf_clearfix\">\n\t\t\t\t\t<div class=\"row_inner col_align_top tb_col_count_1 tf_box tf_rel\">\n\t\t\t\t\t<div  data-lazy=\"1\" class=\"module_column tb-column col-full tb_5q40634 first\">\n\t\t\t\t\t\t\t\t\t<div class=\"tb-column-inner tf_box tf_w\">\n\t\t\t\t\t\t<div  data-lazy=\"1\" class=\"module_subrow themify_builder_sub_row tb_30h6634 tf_w tf_clearfix\">\n\t\t\t\t\t<div class=\"subrow_inner col_align_top tb_col_count_4 tf_box tf_w\">\n\t\t\t\t\t<div  data-lazy=\"1\" class=\"module_column sub_column col4-1 tb_oj8r634 first\">\n\t\t\t\t\t\t\t\t\t<div class=\"tb-column-inner tf_box tf_w\">\n\t\t\t\t<!-- module image -->\n<div  class=\"module module-image tb_e93b634 rounded  image-full-overlay active-caption-hover auto_fullwidth tf_mw\" data-lazy=\"1\">\n        <div class=\"image-wrap tf_rel tf_mw\">\n\t\t    <a href=\"https:\/\/nehstore.com\/produkt-kategori\/bollnas-ishockeysallskap\/\"\n\t       \t       >\n\t\t   \t\t<img loading=\"lazy\" decoding=\"async\" src=\"https:\/\/nehstore.com\/klubb\/wp-content\/uploads\/2024\/03\/BollnasHockey-360x360.jpg\" width=\"360\" height=\"360\" class=\"wp-post-image wp-image-1457\" title=\"Bolln\u00e4s IS\" alt=\"Bolln\u00e4s IS\" srcset=\"https:\/\/nehstore.com\/klubb\/wp-content\/uploads\/2024\/03\/BollnasHockey-360x360.jpg 360w, https:\/\/nehstore.com\/klubb\/wp-content\/uploads\/2024\/03\/BollnasHockey-300x300.jpg 300w, https:\/\/nehstore.com\/klubb\/wp-content\/uploads\/2024\/03\/BollnasHockey-150x150.jpg 150w, https:\/\/nehstore.com\/klubb\/wp-content\/uploads\/2024\/03\/BollnasHockey-768x768.jpg 768w, https:\/\/nehstore.com\/klubb\/wp-content\/uploads\/2024\/03\/BollnasHockey-600x600.jpg 600w, https:\/\/nehstore.com\/klubb\/wp-content\/uploads\/2024\/03\/BollnasHockey-100x100.jpg 100w, https:\/\/nehstore.com\/klubb\/wp-content\/uploads\/2024\/03\/BollnasHockey.jpg 842w\" sizes=\"auto, (max-width: 360px) 100vw, 360px\" \/>\t    <\/a>\n\t\n\t\t<\/div>\n\t<!-- \/image-wrap -->\n    \n    \t<div class=\"image-content tf_overflow\">\n\t    \t\t\t<h3 class=\"image-title\">\n\t\t\t\t\t\t\t\t\t<a href=\"https:\/\/nehstore.com\/produkt-kategori\/bollnas-ishockeysallskap\/\" \n\t\t\t\t\t   \t\t\t\t\t   >\n\t\t\t\t\t\t   Bolln\u00e4s IS\t\t\t\t\t<\/a>\n\t\t\t\t\t\t\t<\/h3>\n\t    \n\t    \t<\/div>\n\t<!-- \/image-content -->\n    \t<\/div>\n<!-- \/module image -->\t\t\t\t<\/div><!-- .tb-column-inner -->\n\t\t\t\t\t\t<\/div><!-- .module_column -->\n\t\t\t\t\t<div  data-lazy=\"1\" class=\"module_column sub_column col4-1 tb_n00v634\">\n\t\t\t\t\t\t\t\t\t<div class=\"tb-column-inner tf_box tf_w\">\n\t\t\t\t<!-- module image -->\n<div  class=\"module module-image tb_rpbq276 rounded  image-full-overlay active-caption-hover auto_fullwidth tf_mw\" data-lazy=\"1\">\n        <div class=\"image-wrap tf_rel tf_mw\">\n\t\t    <a href=\"https:\/\/nehstore.com\/produkt-kategori\/hofors-hc\/\"\n\t       \t       >\n\t\t   \t\t<img loading=\"lazy\" decoding=\"async\" src=\"https:\/\/nehstore.com\/klubb\/wp-content\/uploads\/2024\/03\/HoforsHockey-360x360.jpg\" width=\"360\" height=\"360\" class=\"wp-post-image wp-image-1458\" title=\"Hofors HC\" alt=\"Hofors HC\" srcset=\"https:\/\/nehstore.com\/klubb\/wp-content\/uploads\/2024\/03\/HoforsHockey-360x360.jpg 360w, https:\/\/nehstore.com\/klubb\/wp-content\/uploads\/2024\/03\/HoforsHockey-300x300.jpg 300w, https:\/\/nehstore.com\/klubb\/wp-content\/uploads\/2024\/03\/HoforsHockey-150x150.jpg 150w, https:\/\/nehstore.com\/klubb\/wp-content\/uploads\/2024\/03\/HoforsHockey-768x768.jpg 768w, https:\/\/nehstore.com\/klubb\/wp-content\/uploads\/2024\/03\/HoforsHockey-600x600.jpg 600w, https:\/\/nehstore.com\/klubb\/wp-content\/uploads\/2024\/03\/HoforsHockey-100x100.jpg 100w, https:\/\/nehstore.com\/klubb\/wp-content\/uploads\/2024\/03\/HoforsHockey.jpg 842w\" sizes=\"auto, (max-width: 360px) 100vw, 360px\" \/>\t    <\/a>\n\t\n\t\t<\/div>\n\t<!-- \/image-wrap -->\n    \n    \t<div class=\"image-content tf_overflow\">\n\t    \t\t\t<h3 class=\"image-title\">\n\t\t\t\t\t\t\t\t\t<a href=\"https:\/\/nehstore.com\/produkt-kategori\/hofors-hc\/\" \n\t\t\t\t\t   \t\t\t\t\t   >\n\t\t\t\t\t\t   Hofors HC\t\t\t\t\t<\/a>\n\t\t\t\t\t\t\t<\/h3>\n\t    \n\t    \t<\/div>\n\t<!-- \/image-content -->\n    \t<\/div>\n<!-- \/module image -->\t\t\t\t<\/div><!-- .tb-column-inner -->\n\t\t\t\t\t\t<\/div><!-- .module_column -->\n\t\t\t\t\t<div  data-lazy=\"1\" class=\"module_column sub_column col4-1 tb_ymhj635\">\n\t\t\t\t\t\t\t\t\t<div class=\"tb-column-inner tf_box tf_w\">\n\t\t\t\t<!-- module image -->\n<div  class=\"module module-image tb_li8t913 rounded  image-full-overlay active-caption-hover auto_fullwidth tf_mw\" data-lazy=\"1\">\n        <div class=\"image-wrap tf_rel tf_mw\">\n\t\t    <a href=\"https:\/\/nehstore.com\/produkt-kategori\/nora-hk\/\"\n\t       \t       >\n\t\t   \t\t<img loading=\"lazy\" decoding=\"async\" src=\"https:\/\/nehstore.com\/klubb\/wp-content\/uploads\/2024\/03\/NoraHockey-360x360.jpg\" width=\"360\" height=\"360\" class=\"wp-post-image wp-image-1459\" title=\"Nora Hockey\" alt=\"Nora Hockey\" srcset=\"https:\/\/nehstore.com\/klubb\/wp-content\/uploads\/2024\/03\/NoraHockey-360x360.jpg 360w, https:\/\/nehstore.com\/klubb\/wp-content\/uploads\/2024\/03\/NoraHockey-300x300.jpg 300w, https:\/\/nehstore.com\/klubb\/wp-content\/uploads\/2024\/03\/NoraHockey-150x150.jpg 150w, https:\/\/nehstore.com\/klubb\/wp-content\/uploads\/2024\/03\/NoraHockey-768x768.jpg 768w, https:\/\/nehstore.com\/klubb\/wp-content\/uploads\/2024\/03\/NoraHockey-600x600.jpg 600w, https:\/\/nehstore.com\/klubb\/wp-content\/uploads\/2024\/03\/NoraHockey-100x100.jpg 100w, https:\/\/nehstore.com\/klubb\/wp-content\/uploads\/2024\/03\/NoraHockey.jpg 842w\" sizes=\"auto, (max-width: 360px) 100vw, 360px\" \/>\t    <\/a>\n\t\n\t\t<\/div>\n\t<!-- \/image-wrap -->\n    \n    \t<div class=\"image-content tf_overflow\">\n\t    \t\t\t<h3 class=\"image-title\">\n\t\t\t\t\t\t\t\t\t<a href=\"https:\/\/nehstore.com\/produkt-kategori\/nora-hk\/\" \n\t\t\t\t\t   \t\t\t\t\t   >\n\t\t\t\t\t\t   Nora Hockey\t\t\t\t\t<\/a>\n\t\t\t\t\t\t\t<\/h3>\n\t    \n\t    \t<\/div>\n\t<!-- \/image-content -->\n    \t<\/div>\n<!-- \/module image -->\t\t\t\t<\/div><!-- .tb-column-inner -->\n\t\t\t\t\t\t<\/div><!-- .module_column -->\n\t\t\t\t\t<div  data-lazy=\"1\" class=\"module_column sub_column col4-1 tb_oic2941 last\">\n\t\t\t\t\t\t\t\t\t<div class=\"tb-column-inner tf_box tf_w\">\n\t\t\t\t<!-- module image -->\n<div  class=\"module module-image tb_bnye709 rounded  image-full-overlay active-caption-hover auto_fullwidth tf_mw\" data-lazy=\"1\">\n        <div class=\"image-wrap tf_rel tf_mw\">\n\t\t    <a href=\"https:\/\/nehstore.com\/produkt-kategori\/skutskars-sk\/\"\n\t       \t       >\n\t\t   \t\t<img loading=\"lazy\" decoding=\"async\" src=\"https:\/\/nehstore.com\/klubb\/wp-content\/uploads\/2024\/03\/SkutkarsHockey-360x360.jpg\" width=\"360\" height=\"360\" class=\"wp-post-image wp-image-1460\" title=\"Skutsk\u00e4rs SK\" alt=\"Skutsk\u00e4rs SK\" srcset=\"https:\/\/nehstore.com\/klubb\/wp-content\/uploads\/2024\/03\/SkutkarsHockey-360x360.jpg 360w, https:\/\/nehstore.com\/klubb\/wp-content\/uploads\/2024\/03\/SkutkarsHockey-300x300.jpg 300w, https:\/\/nehstore.com\/klubb\/wp-content\/uploads\/2024\/03\/SkutkarsHockey-150x150.jpg 150w, https:\/\/nehstore.com\/klubb\/wp-content\/uploads\/2024\/03\/SkutkarsHockey-768x768.jpg 768w, https:\/\/nehstore.com\/klubb\/wp-content\/uploads\/2024\/03\/SkutkarsHockey-600x600.jpg 600w, https:\/\/nehstore.com\/klubb\/wp-content\/uploads\/2024\/03\/SkutkarsHockey-100x100.jpg 100w, https:\/\/nehstore.com\/klubb\/wp-content\/uploads\/2024\/03\/SkutkarsHockey.jpg 842w\" sizes=\"auto, (max-width: 360px) 100vw, 360px\" \/>\t    <\/a>\n\t\n\t\t<\/div>\n\t<!-- \/image-wrap -->\n    \n    \t<div class=\"image-content tf_overflow\">\n\t    \t\t\t<h3 class=\"image-title\">\n\t\t\t\t\t\t\t\t\t<a href=\"https:\/\/nehstore.com\/produkt-kategori\/skutskars-sk\/\" \n\t\t\t\t\t   \t\t\t\t\t   >\n\t\t\t\t\t\t   Skutsk\u00e4rs SK\t\t\t\t\t<\/a>\n\t\t\t\t\t\t\t<\/h3>\n\t    \n\t    \t<\/div>\n\t<!-- \/image-content -->\n    \t<\/div>\n<!-- \/module image -->\t\t\t\t<\/div><!-- .tb-column-inner -->\n\t\t\t\t\t\t<\/div><!-- .module_column -->\n\t\t\t\t\t\t<\/div><!-- .subrow_inner -->\n\t\t<\/div><!-- .themify_builder_sub_row -->\n\t\t\t\t\t\t<div  data-lazy=\"1\" class=\"module_subrow themify_builder_sub_row tb_89jv718 tf_w tf_clearfix\">\n\t\t\t\t\t<div class=\"subrow_inner col_align_top tb_col_count_4 tf_box tf_w\">\n\t\t\t\t\t<div  data-lazy=\"1\" class=\"module_column sub_column col4-1 tb_avs7718 first\">\n\t\t\t\t\t\t\t\t\t<div class=\"tb-column-inner tf_box tf_w\">\n\t\t\t\t<!-- module image -->\n<div  class=\"module module-image tb_5gaj718 rounded  image-full-overlay active-caption-hover auto_fullwidth tf_mw\" data-lazy=\"1\">\n        <div class=\"image-wrap tf_rel tf_mw\">\n\t\t    <a href=\"https:\/\/nehstore.com\/produkt-kategori\/lindlovens-if\/\"\n\t       \t       >\n\t\t   \t\t<img loading=\"lazy\" decoding=\"async\" src=\"https:\/\/nehstore.com\/klubb\/wp-content\/uploads\/2024\/03\/LindlovensIF-360x360.jpg\" width=\"360\" height=\"360\" class=\"wp-post-image wp-image-1461\" title=\"Lindl\u00f6vens IF\" alt=\"Lindl\u00f6vens IF\" srcset=\"https:\/\/nehstore.com\/klubb\/wp-content\/uploads\/2024\/03\/LindlovensIF-360x360.jpg 360w, https:\/\/nehstore.com\/klubb\/wp-content\/uploads\/2024\/03\/LindlovensIF-300x300.jpg 300w, https:\/\/nehstore.com\/klubb\/wp-content\/uploads\/2024\/03\/LindlovensIF-150x150.jpg 150w, https:\/\/nehstore.com\/klubb\/wp-content\/uploads\/2024\/03\/LindlovensIF-768x768.jpg 768w, https:\/\/nehstore.com\/klubb\/wp-content\/uploads\/2024\/03\/LindlovensIF-600x600.jpg 600w, https:\/\/nehstore.com\/klubb\/wp-content\/uploads\/2024\/03\/LindlovensIF-100x100.jpg 100w, https:\/\/nehstore.com\/klubb\/wp-content\/uploads\/2024\/03\/LindlovensIF.jpg 842w\" sizes=\"auto, (max-width: 360px) 100vw, 360px\" \/>\t    <\/a>\n\t\n\t\t<\/div>\n\t<!-- \/image-wrap -->\n    \n    \t<div class=\"image-content tf_overflow\">\n\t    \t\t\t<h3 class=\"image-title\">\n\t\t\t\t\t\t\t\t\t<a href=\"https:\/\/nehstore.com\/produkt-kategori\/lindlovens-if\/\" \n\t\t\t\t\t   \t\t\t\t\t   >\n\t\t\t\t\t\t   Lindl\u00f6vens IF\t\t\t\t\t<\/a>\n\t\t\t\t\t\t\t<\/h3>\n\t    \n\t    \t<\/div>\n\t<!-- \/image-content -->\n    \t<\/div>\n<!-- \/module image -->\t\t\t\t<\/div><!-- .tb-column-inner -->\n\t\t\t\t\t\t<\/div><!-- .module_column -->\n\t\t\t\t\t<div  data-lazy=\"1\" class=\"module_column sub_column col4-1 tb_htcm718\">\n\t\t\t\t\t\t\t\t\t<div class=\"tb-column-inner tf_box tf_w\">\n\t\t\t\t<!-- module image -->\n<div  class=\"module module-image tb_c1no718 rounded  image-full-overlay active-caption-hover auto_fullwidth tf_mw\" data-lazy=\"1\">\n        <div class=\"image-wrap tf_rel tf_mw\">\n\t\t    <a href=\"https:\/\/nehstore.com\/produkt-kategori\/ifk-arboga\/\"\n\t       \t       >\n\t\t   \t\t<img loading=\"lazy\" decoding=\"async\" src=\"https:\/\/nehstore.com\/klubb\/wp-content\/uploads\/2024\/03\/IFKArboga-360x360.jpg\" width=\"360\" height=\"360\" class=\"wp-post-image wp-image-1462\" title=\"IFK Arboga\" alt=\"IFK Arboga\" srcset=\"https:\/\/nehstore.com\/klubb\/wp-content\/uploads\/2024\/03\/IFKArboga-360x360.jpg 360w, https:\/\/nehstore.com\/klubb\/wp-content\/uploads\/2024\/03\/IFKArboga-300x300.jpg 300w, https:\/\/nehstore.com\/klubb\/wp-content\/uploads\/2024\/03\/IFKArboga-150x150.jpg 150w, https:\/\/nehstore.com\/klubb\/wp-content\/uploads\/2024\/03\/IFKArboga-768x768.jpg 768w, https:\/\/nehstore.com\/klubb\/wp-content\/uploads\/2024\/03\/IFKArboga-600x600.jpg 600w, https:\/\/nehstore.com\/klubb\/wp-content\/uploads\/2024\/03\/IFKArboga-100x100.jpg 100w, https:\/\/nehstore.com\/klubb\/wp-content\/uploads\/2024\/03\/IFKArboga.jpg 842w\" sizes=\"auto, (max-width: 360px) 100vw, 360px\" \/>\t    <\/a>\n\t\n\t\t<\/div>\n\t<!-- \/image-wrap -->\n    \n    \t<div class=\"image-content tf_overflow\">\n\t    \t\t\t<h3 class=\"image-title\">\n\t\t\t\t\t\t\t\t\t<a href=\"https:\/\/nehstore.com\/produkt-kategori\/ifk-arboga\/\" \n\t\t\t\t\t   \t\t\t\t\t   >\n\t\t\t\t\t\t   IFK Arboga\t\t\t\t\t<\/a>\n\t\t\t\t\t\t\t<\/h3>\n\t    \n\t    \t<\/div>\n\t<!-- \/image-content -->\n    \t<\/div>\n<!-- \/module image -->\t\t\t\t<\/div><!-- .tb-column-inner -->\n\t\t\t\t\t\t<\/div><!-- .module_column -->\n\t\t\t\t\t<div  data-lazy=\"1\" class=\"module_column sub_column col4-1 tb_lx1l718\">\n\t\t\t\t\t\t\t<\/div><!-- .module_column -->\n\t\t\t\t\t<div  data-lazy=\"1\" class=\"module_column sub_column col4-1 tb_mj9c718 last\">\n\t\t\t\t\t\t\t<\/div><!-- .module_column -->\n\t\t\t\t\t\t<\/div><!-- .subrow_inner -->\n\t\t<\/div><!-- .themify_builder_sub_row -->\n\t\t\t\t\t\t\t\t<\/div><!-- .tb-column-inner -->\n\t\t\t\t\t\t<\/div><!-- .module_column -->\n\t\t\t\t\t\t<\/div><!-- .row_inner -->\n\t\t<\/div><!-- .module_row -->\n\t\t\t\t<\/div>\n<!--\/themify_builder_content-->","protected":false},"excerpt":{"rendered":"<p>Bolln\u00e4s IS Hofors HC Nora Hockey Skutsk\u00e4rs SK Lindl\u00f6vens IF IFK Arboga<\/p>\n","protected":false},"author":1,"featured_media":0,"parent":0,"menu_order":0,"comment_status":"closed","ping_status":"closed","template":"","meta":{"_uag_custom_page_level_css":"","footnotes":""},"class_list":["post-1408","page","type-page","status-publish","hentry","has-post-title","has-post-date","has-post-category","has-post-tag","has-post-comment","has-post-author",""],"uagb_featured_image_src":{"full":false,"thumbnail":false,"medium":false,"medium_large":false,"large":false,"RoboGalleryMansoryImagesCenter":false,"RoboGalleryPreload":false,"1536x1536":false,"2048x2048":false,"woocommerce_thumbnail":false,"woocommerce_single":false,"woocommerce_gallery_thumbnail":false},"uagb_author_info":{"display_name":"neh-nehstore2","author_link":"https:\/\/nehstore.com\/klubb\/author\/neh-nehstore2\/"},"uagb_comment_info":0,"uagb_excerpt":"Bolln\u00e4s IS Hofors HC Nora Hockey Skutsk\u00e4rs SK Lindl\u00f6vens IF IFK Arboga","builder_content":"<a href=\"https:\/\/nehstore.com\/produkt-kategori\/bollnas-ishockeysallskap\/\" > <img src=\"https:\/\/nehstore.com\/klubb\/wp-content\/uploads\/2024\/03\/BollnasHockey-360x360.jpg\" width=\"360\" height=\"360\" title=\"Bolln\u00e4s IS\" alt=\"Bolln\u00e4s IS\" srcset=\"https:\/\/nehstore.com\/klubb\/wp-content\/uploads\/2024\/03\/BollnasHockey-360x360.jpg 360w, https:\/\/nehstore.com\/klubb\/wp-content\/uploads\/2024\/03\/BollnasHockey-300x300.jpg 300w, https:\/\/nehstore.com\/klubb\/wp-content\/uploads\/2024\/03\/BollnasHockey-150x150.jpg 150w, https:\/\/nehstore.com\/klubb\/wp-content\/uploads\/2024\/03\/BollnasHockey-768x768.jpg 768w, https:\/\/nehstore.com\/klubb\/wp-content\/uploads\/2024\/03\/BollnasHockey-600x600.jpg 600w, https:\/\/nehstore.com\/klubb\/wp-content\/uploads\/2024\/03\/BollnasHockey-100x100.jpg 100w, https:\/\/nehstore.com\/klubb\/wp-content\/uploads\/2024\/03\/BollnasHockey.jpg 842w\" sizes=\"(max-width: 360px) 100vw, 360px\" \/> <\/a> <h3> <a href=\"https:\/\/nehstore.com\/produkt-kategori\/bollnas-ishockeysallskap\/\" > Bolln\u00e4s IS <\/a> <\/h3>\n<a href=\"https:\/\/nehstore.com\/produkt-kategori\/hofors-hc\/\" > <img src=\"https:\/\/nehstore.com\/klubb\/wp-content\/uploads\/2024\/03\/HoforsHockey-360x360.jpg\" width=\"360\" height=\"360\" title=\"Hofors HC\" alt=\"Hofors HC\" srcset=\"https:\/\/nehstore.com\/klubb\/wp-content\/uploads\/2024\/03\/HoforsHockey-360x360.jpg 360w, https:\/\/nehstore.com\/klubb\/wp-content\/uploads\/2024\/03\/HoforsHockey-300x300.jpg 300w, https:\/\/nehstore.com\/klubb\/wp-content\/uploads\/2024\/03\/HoforsHockey-150x150.jpg 150w, https:\/\/nehstore.com\/klubb\/wp-content\/uploads\/2024\/03\/HoforsHockey-768x768.jpg 768w, https:\/\/nehstore.com\/klubb\/wp-content\/uploads\/2024\/03\/HoforsHockey-600x600.jpg 600w, https:\/\/nehstore.com\/klubb\/wp-content\/uploads\/2024\/03\/HoforsHockey-100x100.jpg 100w, https:\/\/nehstore.com\/klubb\/wp-content\/uploads\/2024\/03\/HoforsHockey.jpg 842w\" sizes=\"(max-width: 360px) 100vw, 360px\" \/> <\/a> <h3> <a href=\"https:\/\/nehstore.com\/produkt-kategori\/hofors-hc\/\" > Hofors HC <\/a> <\/h3>\n<a href=\"https:\/\/nehstore.com\/produkt-kategori\/nora-hk\/\" > <img src=\"https:\/\/nehstore.com\/klubb\/wp-content\/uploads\/2024\/03\/NoraHockey-360x360.jpg\" width=\"360\" height=\"360\" title=\"Nora Hockey\" alt=\"Nora Hockey\" srcset=\"https:\/\/nehstore.com\/klubb\/wp-content\/uploads\/2024\/03\/NoraHockey-360x360.jpg 360w, https:\/\/nehstore.com\/klubb\/wp-content\/uploads\/2024\/03\/NoraHockey-300x300.jpg 300w, https:\/\/nehstore.com\/klubb\/wp-content\/uploads\/2024\/03\/NoraHockey-150x150.jpg 150w, https:\/\/nehstore.com\/klubb\/wp-content\/uploads\/2024\/03\/NoraHockey-768x768.jpg 768w, https:\/\/nehstore.com\/klubb\/wp-content\/uploads\/2024\/03\/NoraHockey-600x600.jpg 600w, https:\/\/nehstore.com\/klubb\/wp-content\/uploads\/2024\/03\/NoraHockey-100x100.jpg 100w, https:\/\/nehstore.com\/klubb\/wp-content\/uploads\/2024\/03\/NoraHockey.jpg 842w\" sizes=\"(max-width: 360px) 100vw, 360px\" \/> <\/a> <h3> <a href=\"https:\/\/nehstore.com\/produkt-kategori\/nora-hk\/\" > Nora Hockey <\/a> <\/h3>\n<a href=\"https:\/\/nehstore.com\/produkt-kategori\/skutskars-sk\/\" > <img src=\"https:\/\/nehstore.com\/klubb\/wp-content\/uploads\/2024\/03\/SkutkarsHockey-360x360.jpg\" width=\"360\" height=\"360\" title=\"Skutsk\u00e4rs SK\" alt=\"Skutsk\u00e4rs SK\" srcset=\"https:\/\/nehstore.com\/klubb\/wp-content\/uploads\/2024\/03\/SkutkarsHockey-360x360.jpg 360w, https:\/\/nehstore.com\/klubb\/wp-content\/uploads\/2024\/03\/SkutkarsHockey-300x300.jpg 300w, https:\/\/nehstore.com\/klubb\/wp-content\/uploads\/2024\/03\/SkutkarsHockey-150x150.jpg 150w, https:\/\/nehstore.com\/klubb\/wp-content\/uploads\/2024\/03\/SkutkarsHockey-768x768.jpg 768w, https:\/\/nehstore.com\/klubb\/wp-content\/uploads\/2024\/03\/SkutkarsHockey-600x600.jpg 600w, https:\/\/nehstore.com\/klubb\/wp-content\/uploads\/2024\/03\/SkutkarsHockey-100x100.jpg 100w, https:\/\/nehstore.com\/klubb\/wp-content\/uploads\/2024\/03\/SkutkarsHockey.jpg 842w\" sizes=\"(max-width: 360px) 100vw, 360px\" \/> <\/a> <h3> <a href=\"https:\/\/nehstore.com\/produkt-kategori\/skutskars-sk\/\" > Skutsk\u00e4rs SK <\/a> <\/h3>\n<a href=\"https:\/\/nehstore.com\/produkt-kategori\/lindlovens-if\/\" > <img src=\"https:\/\/nehstore.com\/klubb\/wp-content\/uploads\/2024\/03\/LindlovensIF-360x360.jpg\" width=\"360\" height=\"360\" title=\"Lindl\u00f6vens IF\" alt=\"Lindl\u00f6vens IF\" srcset=\"https:\/\/nehstore.com\/klubb\/wp-content\/uploads\/2024\/03\/LindlovensIF-360x360.jpg 360w, https:\/\/nehstore.com\/klubb\/wp-content\/uploads\/2024\/03\/LindlovensIF-300x300.jpg 300w, https:\/\/nehstore.com\/klubb\/wp-content\/uploads\/2024\/03\/LindlovensIF-150x150.jpg 150w, https:\/\/nehstore.com\/klubb\/wp-content\/uploads\/2024\/03\/LindlovensIF-768x768.jpg 768w, https:\/\/nehstore.com\/klubb\/wp-content\/uploads\/2024\/03\/LindlovensIF-600x600.jpg 600w, https:\/\/nehstore.com\/klubb\/wp-content\/uploads\/2024\/03\/LindlovensIF-100x100.jpg 100w, https:\/\/nehstore.com\/klubb\/wp-content\/uploads\/2024\/03\/LindlovensIF.jpg 842w\" sizes=\"(max-width: 360px) 100vw, 360px\" \/> <\/a> <h3> <a href=\"https:\/\/nehstore.com\/produkt-kategori\/lindlovens-if\/\" > Lindl\u00f6vens IF <\/a> <\/h3>\n<a href=\"https:\/\/nehstore.com\/produkt-kategori\/ifk-arboga\/\" > <img src=\"https:\/\/nehstore.com\/klubb\/wp-content\/uploads\/2024\/03\/IFKArboga-360x360.jpg\" width=\"360\" height=\"360\" title=\"IFK Arboga\" alt=\"IFK Arboga\" srcset=\"https:\/\/nehstore.com\/klubb\/wp-content\/uploads\/2024\/03\/IFKArboga-360x360.jpg 360w, https:\/\/nehstore.com\/klubb\/wp-content\/uploads\/2024\/03\/IFKArboga-300x300.jpg 300w, https:\/\/nehstore.com\/klubb\/wp-content\/uploads\/2024\/03\/IFKArboga-150x150.jpg 150w, https:\/\/nehstore.com\/klubb\/wp-content\/uploads\/2024\/03\/IFKArboga-768x768.jpg 768w, https:\/\/nehstore.com\/klubb\/wp-content\/uploads\/2024\/03\/IFKArboga-600x600.jpg 600w, https:\/\/nehstore.com\/klubb\/wp-content\/uploads\/2024\/03\/IFKArboga-100x100.jpg 100w, https:\/\/nehstore.com\/klubb\/wp-content\/uploads\/2024\/03\/IFKArboga.jpg 842w\" sizes=\"(max-width: 360px) 100vw, 360px\" \/> <\/a> <h3> <a href=\"https:\/\/nehstore.com\/produkt-kategori\/ifk-arboga\/\" > IFK Arboga <\/a> <\/h3>","_links":{"self":[{"href":"https:\/\/nehstore.com\/klubb\/wp-json\/wp\/v2\/pages\/1408","targetHints":{"allow":["GET"]}}],"collection":[{"href":"https:\/\/nehstore.com\/klubb\/wp-json\/wp\/v2\/pages"}],"about":[{"href":"https:\/\/nehstore.com\/klubb\/wp-json\/wp\/v2\/types\/page"}],"author":[{"embeddable":true,"href":"https:\/\/nehstore.com\/klubb\/wp-json\/wp\/v2\/users\/1"}],"replies":[{"embeddable":true,"href":"https:\/\/nehstore.com\/klubb\/wp-json\/wp\/v2\/comments?post=1408"}],"version-history":[{"count":3,"href":"https:\/\/nehstore.com\/klubb\/wp-json\/wp\/v2\/pages\/1408\/revisions"}],"predecessor-version":[{"id":1463,"href":"https:\/\/nehstore.com\/klubb\/wp-json\/wp\/v2\/pages\/1408\/revisions\/1463"}],"wp:attachment":[{"href":"https:\/\/nehstore.com\/klubb\/wp-json\/wp\/v2\/media?parent=1408"}],"curies":[{"name":"wp","href":"https:\/\/api.w.org\/{rel}","templated":true}]}}