{"id":1423,"date":"2024-03-15T12:37:07","date_gmt":"2024-03-15T12:37:07","guid":{"rendered":"https:\/\/nehstore.com\/klubb\/?page_id=1423"},"modified":"2025-04-07T09:16:22","modified_gmt":"2025-04-07T09:16:22","slug":"kraftsport","status":"publish","type":"page","link":"https:\/\/nehstore.com\/klubb\/kraftsport\/","title":{"rendered":"KRAFTSPORT"},"content":{"rendered":"<!--themify_builder_content-->\n<div id=\"themify_builder_content-1423\" data-postid=\"1423\" class=\"themify_builder_content themify_builder_content-1423 themify_builder tf_clear\">\n    \t\t\t\t<!-- module_row -->\n\t\t<div  data-lazy=\"1\" class=\"module_row themify_builder_row tb_tdf9633 tb_first tf_w tf_clearfix\">\n\t\t\t\t\t<div class=\"row_inner col_align_top tb_col_count_1 tf_box tf_rel\">\n\t\t\t\t\t<div  data-lazy=\"1\" class=\"module_column tb-column col-full tb_5q40634 first\">\n\t\t\t\t\t\t\t\t\t<div class=\"tb-column-inner tf_box tf_w\">\n\t\t\t\t\t\t<div  data-lazy=\"1\" class=\"module_subrow themify_builder_sub_row tb_30h6634 tf_w tf_clearfix\">\n\t\t\t\t\t<div class=\"subrow_inner col_align_top tb_col_count_4 tf_box tf_w\">\n\t\t\t\t\t<div  data-lazy=\"1\" class=\"module_column sub_column col4-1 tb_oj8r634 first\">\n\t\t\t\t\t\t\t\t\t<div class=\"tb-column-inner tf_box tf_w\">\n\t\t\t\t<!-- module image -->\n<div  class=\"module module-image tb_e93b634 rounded  image-full-overlay active-caption-hover auto_fullwidth tf_mw\" data-lazy=\"1\">\n        <div class=\"image-wrap tf_rel tf_mw\">\n\t\t    <a href=\"https:\/\/nehstore.com\/produkt-kategori\/vasteras-kraftsportsklubb\/\"\n\t       \t       >\n\t\t   \t\t<img loading=\"lazy\" decoding=\"async\" src=\"https:\/\/nehstore.com\/klubb\/wp-content\/uploads\/2024\/03\/Vasteraskraft-360x360.jpg\" width=\"360\" height=\"360\" class=\"wp-post-image wp-image-1527\" title=\"V\u00e4ster\u00e5s KK\" alt=\"V\u00e4ster\u00e5s KK\" srcset=\"https:\/\/nehstore.com\/klubb\/wp-content\/uploads\/2024\/03\/Vasteraskraft-360x360.jpg 360w, https:\/\/nehstore.com\/klubb\/wp-content\/uploads\/2024\/03\/Vasteraskraft-300x300.jpg 300w, https:\/\/nehstore.com\/klubb\/wp-content\/uploads\/2024\/03\/Vasteraskraft-150x150.jpg 150w, https:\/\/nehstore.com\/klubb\/wp-content\/uploads\/2024\/03\/Vasteraskraft-768x768.jpg 768w, https:\/\/nehstore.com\/klubb\/wp-content\/uploads\/2024\/03\/Vasteraskraft-600x600.jpg 600w, https:\/\/nehstore.com\/klubb\/wp-content\/uploads\/2024\/03\/Vasteraskraft-100x100.jpg 100w, https:\/\/nehstore.com\/klubb\/wp-content\/uploads\/2024\/03\/Vasteraskraft.jpg 842w\" sizes=\"auto, (max-width: 360px) 100vw, 360px\" \/>\t    <\/a>\n\t\n\t\t<\/div>\n\t<!-- \/image-wrap -->\n    \n    \t<div class=\"image-content tf_overflow\">\n\t    \t\t\t<h3 class=\"image-title\">\n\t\t\t\t\t\t\t\t\t<a href=\"https:\/\/nehstore.com\/produkt-kategori\/vasteras-kraftsportsklubb\/\" \n\t\t\t\t\t   \t\t\t\t\t   >\n\t\t\t\t\t\t   V\u00e4ster\u00e5s KK\t\t\t\t\t<\/a>\n\t\t\t\t\t\t\t<\/h3>\n\t    \n\t    \t<\/div>\n\t<!-- \/image-content -->\n    \t<\/div>\n<!-- \/module image -->\t\t\t\t<\/div><!-- .tb-column-inner -->\n\t\t\t\t\t\t<\/div><!-- .module_column -->\n\t\t\t\t\t<div  data-lazy=\"1\" class=\"module_column sub_column col4-1 tb_n00v634\">\n\t\t\t\t\t\t\t\t\t<div class=\"tb-column-inner tf_box tf_w\">\n\t\t\t\t<!-- module image -->\n<div  class=\"module module-image tb_rpbq276 rounded  image-full-overlay active-caption-hover auto_fullwidth tf_mw\" data-lazy=\"1\">\n        <div class=\"image-wrap tf_rel tf_mw\">\n\t\t    <a href=\"https:\/\/nehstore.com\/produkt-kategori\/dalarnas-hogskola\/\"\n\t       \t       >\n\t\t   \t\t<img loading=\"lazy\" decoding=\"async\" src=\"https:\/\/nehstore.com\/klubb\/wp-content\/uploads\/2024\/03\/HogskolanDalarna-360x360.jpg\" width=\"360\" height=\"360\" class=\"wp-post-image wp-image-1526\" title=\"H\u00f6gskolan SSF\" alt=\"H\u00f6gskolan SSF\" srcset=\"https:\/\/nehstore.com\/klubb\/wp-content\/uploads\/2024\/03\/HogskolanDalarna-360x360.jpg 360w, https:\/\/nehstore.com\/klubb\/wp-content\/uploads\/2024\/03\/HogskolanDalarna-300x300.jpg 300w, https:\/\/nehstore.com\/klubb\/wp-content\/uploads\/2024\/03\/HogskolanDalarna-150x150.jpg 150w, https:\/\/nehstore.com\/klubb\/wp-content\/uploads\/2024\/03\/HogskolanDalarna-768x768.jpg 768w, https:\/\/nehstore.com\/klubb\/wp-content\/uploads\/2024\/03\/HogskolanDalarna-600x600.jpg 600w, https:\/\/nehstore.com\/klubb\/wp-content\/uploads\/2024\/03\/HogskolanDalarna-100x100.jpg 100w, https:\/\/nehstore.com\/klubb\/wp-content\/uploads\/2024\/03\/HogskolanDalarna.jpg 842w\" sizes=\"auto, (max-width: 360px) 100vw, 360px\" \/>\t    <\/a>\n\t\n\t\t<\/div>\n\t<!-- \/image-wrap -->\n    \n    \t<div class=\"image-content tf_overflow\">\n\t    \t\t\t<h3 class=\"image-title\">\n\t\t\t\t\t\t\t\t\t<a href=\"https:\/\/nehstore.com\/produkt-kategori\/dalarnas-hogskola\/\" \n\t\t\t\t\t   \t\t\t\t\t   >\n\t\t\t\t\t\t   H\u00f6gskolan SSF\t\t\t\t\t<\/a>\n\t\t\t\t\t\t\t<\/h3>\n\t    \n\t    \t<\/div>\n\t<!-- \/image-content -->\n    \t<\/div>\n<!-- \/module image -->\t\t\t\t<\/div><!-- .tb-column-inner -->\n\t\t\t\t\t\t<\/div><!-- .module_column -->\n\t\t\t\t\t<div  data-lazy=\"1\" class=\"module_column sub_column col4-1 tb_ymhj635\">\n\t\t\t\t\t\t\t\t\t<div class=\"tb-column-inner tf_box tf_w\">\n\t\t\t\t<!-- module image -->\n<div  class=\"module module-image tb_li8t913 rounded  image-full-overlay active-caption-hover auto_fullwidth tf_mw\" data-lazy=\"1\">\n        <div class=\"image-wrap tf_rel tf_mw\">\n\t\t    <a href=\"https:\/\/nehreklam.se\/eshop\/styrkelyftforbundet\/\"\n\t       \t       >\n\t\t   \t\t<img loading=\"lazy\" decoding=\"async\" src=\"https:\/\/nehstore.com\/klubb\/wp-content\/uploads\/2024\/03\/SvenskaStyrke-360x360.jpg\" width=\"360\" height=\"360\" class=\"wp-post-image wp-image-1525\" title=\"SSF\" alt=\"SSF\" srcset=\"https:\/\/nehstore.com\/klubb\/wp-content\/uploads\/2024\/03\/SvenskaStyrke-360x360.jpg 360w, https:\/\/nehstore.com\/klubb\/wp-content\/uploads\/2024\/03\/SvenskaStyrke-300x300.jpg 300w, https:\/\/nehstore.com\/klubb\/wp-content\/uploads\/2024\/03\/SvenskaStyrke-150x150.jpg 150w, https:\/\/nehstore.com\/klubb\/wp-content\/uploads\/2024\/03\/SvenskaStyrke-768x768.jpg 768w, https:\/\/nehstore.com\/klubb\/wp-content\/uploads\/2024\/03\/SvenskaStyrke-600x600.jpg 600w, https:\/\/nehstore.com\/klubb\/wp-content\/uploads\/2024\/03\/SvenskaStyrke-100x100.jpg 100w, https:\/\/nehstore.com\/klubb\/wp-content\/uploads\/2024\/03\/SvenskaStyrke.jpg 842w\" sizes=\"auto, (max-width: 360px) 100vw, 360px\" \/>\t    <\/a>\n\t\n\t\t<\/div>\n\t<!-- \/image-wrap -->\n    \n    \t<div class=\"image-content tf_overflow\">\n\t    \t\t\t<h3 class=\"image-title\">\n\t\t\t\t\t\t\t\t\t<a href=\"https:\/\/nehreklam.se\/eshop\/styrkelyftforbundet\/\" \n\t\t\t\t\t   \t\t\t\t\t   >\n\t\t\t\t\t\t   SSF\t\t\t\t\t<\/a>\n\t\t\t\t\t\t\t<\/h3>\n\t    \n\t    \t<\/div>\n\t<!-- \/image-content -->\n    \t<\/div>\n<!-- \/module image -->\t\t\t\t<\/div><!-- .tb-column-inner -->\n\t\t\t\t\t\t<\/div><!-- .module_column -->\n\t\t\t\t\t<div  data-lazy=\"1\" class=\"module_column sub_column col4-1 tb_oic2941 last\">\n\t\t\t\t\t\t\t\t\t<div class=\"tb-column-inner tf_box tf_w\">\n\t\t\t\t<!-- module image -->\n<div  class=\"module module-image tb_bnye709 rounded  image-full-overlay active-caption-hover auto_fullwidth tf_mw\" data-lazy=\"1\">\n        <div class=\"image-wrap tf_rel tf_mw\">\n\t\t    <img loading=\"lazy\" decoding=\"async\" src=\"https:\/\/nehstore.com\/klubb\/wp-content\/uploads\/2024\/03\/KarlstadAtlet-360x360.jpg\" width=\"360\" height=\"360\" class=\"wp-post-image wp-image-1524\" title=\"Karlstad AK\" alt=\"Karlstad AK\" srcset=\"https:\/\/nehstore.com\/klubb\/wp-content\/uploads\/2024\/03\/KarlstadAtlet-360x360.jpg 360w, https:\/\/nehstore.com\/klubb\/wp-content\/uploads\/2024\/03\/KarlstadAtlet-300x300.jpg 300w, https:\/\/nehstore.com\/klubb\/wp-content\/uploads\/2024\/03\/KarlstadAtlet-150x150.jpg 150w, https:\/\/nehstore.com\/klubb\/wp-content\/uploads\/2024\/03\/KarlstadAtlet-768x768.jpg 768w, https:\/\/nehstore.com\/klubb\/wp-content\/uploads\/2024\/03\/KarlstadAtlet-600x600.jpg 600w, https:\/\/nehstore.com\/klubb\/wp-content\/uploads\/2024\/03\/KarlstadAtlet-100x100.jpg 100w, https:\/\/nehstore.com\/klubb\/wp-content\/uploads\/2024\/03\/KarlstadAtlet.jpg 842w\" sizes=\"auto, (max-width: 360px) 100vw, 360px\" \/>\t\n\t\t<\/div>\n\t<!-- \/image-wrap -->\n    \n    \t<div class=\"image-content tf_overflow\">\n\t    \t\t\t<h3 class=\"image-title\">\n\t\t\t\t\t\t\t\t\tKarlstad AK\t\t\t\t\t\t\t<\/h3>\n\t    \n\t    \t<\/div>\n\t<!-- \/image-content -->\n    \t<\/div>\n<!-- \/module image -->\t\t\t\t<\/div><!-- .tb-column-inner -->\n\t\t\t\t\t\t<\/div><!-- .module_column -->\n\t\t\t\t\t\t<\/div><!-- .subrow_inner -->\n\t\t<\/div><!-- .themify_builder_sub_row -->\n\t\t\t\t\t\t\t\t<\/div><!-- .tb-column-inner -->\n\t\t\t\t\t\t<\/div><!-- .module_column -->\n\t\t\t\t\t\t<\/div><!-- .row_inner -->\n\t\t<\/div><!-- .module_row -->\n\t\t\t\t<\/div>\n<!--\/themify_builder_content-->","protected":false},"excerpt":{"rendered":"<p>V\u00e4ster\u00e5s KK H\u00f6gskolan SSF SSF Karlstad AK<\/p>\n","protected":false},"author":1,"featured_media":0,"parent":0,"menu_order":0,"comment_status":"closed","ping_status":"closed","template":"","meta":{"_uag_custom_page_level_css":"","footnotes":""},"class_list":["post-1423","page","type-page","status-publish","hentry","has-post-title","has-post-date","has-post-category","has-post-tag","has-post-comment","has-post-author",""],"uagb_featured_image_src":{"full":false,"thumbnail":false,"medium":false,"medium_large":false,"large":false,"RoboGalleryMansoryImagesCenter":false,"RoboGalleryPreload":false,"1536x1536":false,"2048x2048":false,"woocommerce_thumbnail":false,"woocommerce_single":false,"woocommerce_gallery_thumbnail":false},"uagb_author_info":{"display_name":"neh-nehstore2","author_link":"https:\/\/nehstore.com\/klubb\/author\/neh-nehstore2\/"},"uagb_comment_info":0,"uagb_excerpt":"V\u00e4ster\u00e5s KK H\u00f6gskolan SSF SSF Karlstad AK","builder_content":"<a href=\"https:\/\/nehstore.com\/produkt-kategori\/vasteras-kraftsportsklubb\/\" > <img src=\"https:\/\/nehstore.com\/klubb\/wp-content\/uploads\/2024\/03\/Vasteraskraft-360x360.jpg\" width=\"360\" height=\"360\" title=\"V\u00e4ster\u00e5s KK\" alt=\"V\u00e4ster\u00e5s KK\" srcset=\"https:\/\/nehstore.com\/klubb\/wp-content\/uploads\/2024\/03\/Vasteraskraft-360x360.jpg 360w, https:\/\/nehstore.com\/klubb\/wp-content\/uploads\/2024\/03\/Vasteraskraft-300x300.jpg 300w, https:\/\/nehstore.com\/klubb\/wp-content\/uploads\/2024\/03\/Vasteraskraft-150x150.jpg 150w, https:\/\/nehstore.com\/klubb\/wp-content\/uploads\/2024\/03\/Vasteraskraft-768x768.jpg 768w, https:\/\/nehstore.com\/klubb\/wp-content\/uploads\/2024\/03\/Vasteraskraft-600x600.jpg 600w, https:\/\/nehstore.com\/klubb\/wp-content\/uploads\/2024\/03\/Vasteraskraft-100x100.jpg 100w, https:\/\/nehstore.com\/klubb\/wp-content\/uploads\/2024\/03\/Vasteraskraft.jpg 842w\" sizes=\"(max-width: 360px) 100vw, 360px\" \/> <\/a> <h3> <a href=\"https:\/\/nehstore.com\/produkt-kategori\/vasteras-kraftsportsklubb\/\" > V\u00e4ster\u00e5s KK <\/a> <\/h3>\n<a href=\"https:\/\/nehstore.com\/produkt-kategori\/dalarnas-hogskola\/\" > <img src=\"https:\/\/nehstore.com\/klubb\/wp-content\/uploads\/2024\/03\/HogskolanDalarna-360x360.jpg\" width=\"360\" height=\"360\" title=\"H\u00f6gskolan SSF\" alt=\"H\u00f6gskolan SSF\" srcset=\"https:\/\/nehstore.com\/klubb\/wp-content\/uploads\/2024\/03\/HogskolanDalarna-360x360.jpg 360w, https:\/\/nehstore.com\/klubb\/wp-content\/uploads\/2024\/03\/HogskolanDalarna-300x300.jpg 300w, https:\/\/nehstore.com\/klubb\/wp-content\/uploads\/2024\/03\/HogskolanDalarna-150x150.jpg 150w, https:\/\/nehstore.com\/klubb\/wp-content\/uploads\/2024\/03\/HogskolanDalarna-768x768.jpg 768w, https:\/\/nehstore.com\/klubb\/wp-content\/uploads\/2024\/03\/HogskolanDalarna-600x600.jpg 600w, https:\/\/nehstore.com\/klubb\/wp-content\/uploads\/2024\/03\/HogskolanDalarna-100x100.jpg 100w, https:\/\/nehstore.com\/klubb\/wp-content\/uploads\/2024\/03\/HogskolanDalarna.jpg 842w\" sizes=\"(max-width: 360px) 100vw, 360px\" \/> <\/a> <h3> <a href=\"https:\/\/nehstore.com\/produkt-kategori\/dalarnas-hogskola\/\" > H\u00f6gskolan SSF <\/a> <\/h3>\n<a href=\"https:\/\/nehreklam.se\/eshop\/styrkelyftforbundet\/\" > <img src=\"https:\/\/nehstore.com\/klubb\/wp-content\/uploads\/2024\/03\/SvenskaStyrke-360x360.jpg\" width=\"360\" height=\"360\" title=\"SSF\" alt=\"SSF\" srcset=\"https:\/\/nehstore.com\/klubb\/wp-content\/uploads\/2024\/03\/SvenskaStyrke-360x360.jpg 360w, https:\/\/nehstore.com\/klubb\/wp-content\/uploads\/2024\/03\/SvenskaStyrke-300x300.jpg 300w, https:\/\/nehstore.com\/klubb\/wp-content\/uploads\/2024\/03\/SvenskaStyrke-150x150.jpg 150w, https:\/\/nehstore.com\/klubb\/wp-content\/uploads\/2024\/03\/SvenskaStyrke-768x768.jpg 768w, https:\/\/nehstore.com\/klubb\/wp-content\/uploads\/2024\/03\/SvenskaStyrke-600x600.jpg 600w, https:\/\/nehstore.com\/klubb\/wp-content\/uploads\/2024\/03\/SvenskaStyrke-100x100.jpg 100w, https:\/\/nehstore.com\/klubb\/wp-content\/uploads\/2024\/03\/SvenskaStyrke.jpg 842w\" sizes=\"(max-width: 360px) 100vw, 360px\" \/> <\/a> <h3> <a href=\"https:\/\/nehreklam.se\/eshop\/styrkelyftforbundet\/\" > SSF <\/a> <\/h3>\n<img src=\"https:\/\/nehstore.com\/klubb\/wp-content\/uploads\/2024\/03\/KarlstadAtlet-360x360.jpg\" width=\"360\" height=\"360\" title=\"Karlstad AK\" alt=\"Karlstad AK\" srcset=\"https:\/\/nehstore.com\/klubb\/wp-content\/uploads\/2024\/03\/KarlstadAtlet-360x360.jpg 360w, https:\/\/nehstore.com\/klubb\/wp-content\/uploads\/2024\/03\/KarlstadAtlet-300x300.jpg 300w, https:\/\/nehstore.com\/klubb\/wp-content\/uploads\/2024\/03\/KarlstadAtlet-150x150.jpg 150w, https:\/\/nehstore.com\/klubb\/wp-content\/uploads\/2024\/03\/KarlstadAtlet-768x768.jpg 768w, https:\/\/nehstore.com\/klubb\/wp-content\/uploads\/2024\/03\/KarlstadAtlet-600x600.jpg 600w, https:\/\/nehstore.com\/klubb\/wp-content\/uploads\/2024\/03\/KarlstadAtlet-100x100.jpg 100w, https:\/\/nehstore.com\/klubb\/wp-content\/uploads\/2024\/03\/KarlstadAtlet.jpg 842w\" sizes=\"(max-width: 360px) 100vw, 360px\" \/> <h3> Karlstad AK <\/h3>","_links":{"self":[{"href":"https:\/\/nehstore.com\/klubb\/wp-json\/wp\/v2\/pages\/1423","targetHints":{"allow":["GET"]}}],"collection":[{"href":"https:\/\/nehstore.com\/klubb\/wp-json\/wp\/v2\/pages"}],"about":[{"href":"https:\/\/nehstore.com\/klubb\/wp-json\/wp\/v2\/types\/page"}],"author":[{"embeddable":true,"href":"https:\/\/nehstore.com\/klubb\/wp-json\/wp\/v2\/users\/1"}],"replies":[{"embeddable":true,"href":"https:\/\/nehstore.com\/klubb\/wp-json\/wp\/v2\/comments?post=1423"}],"version-history":[{"count":5,"href":"https:\/\/nehstore.com\/klubb\/wp-json\/wp\/v2\/pages\/1423\/revisions"}],"predecessor-version":[{"id":4070,"href":"https:\/\/nehstore.com\/klubb\/wp-json\/wp\/v2\/pages\/1423\/revisions\/4070"}],"wp:attachment":[{"href":"https:\/\/nehstore.com\/klubb\/wp-json\/wp\/v2\/media?parent=1423"}],"curies":[{"name":"wp","href":"https:\/\/api.w.org\/{rel}","templated":true}]}}