{"id":1579,"date":"2024-03-22T13:04:58","date_gmt":"2024-03-22T13:04:58","guid":{"rendered":"https:\/\/nehstore.com\/klubb\/?page_id=1579"},"modified":"2024-03-22T13:20:26","modified_gmt":"2024-03-22T13:20:26","slug":"friidrott","status":"publish","type":"page","link":"https:\/\/nehstore.com\/klubb\/friidrott\/","title":{"rendered":"FRIIDROTT"},"content":{"rendered":"<!--themify_builder_content-->\n<div id=\"themify_builder_content-1579\" data-postid=\"1579\" class=\"themify_builder_content themify_builder_content-1579 themify_builder tf_clear\">\n    \t\t\t\t<!-- module_row -->\n\t\t<div  data-lazy=\"1\" class=\"module_row themify_builder_row tb_tdf9633 tb_first tf_w tf_clearfix\">\n\t\t\t\t\t<div class=\"row_inner col_align_top tb_col_count_1 tf_box tf_rel\">\n\t\t\t\t\t<div  data-lazy=\"1\" class=\"module_column tb-column col-full tb_5q40634 first\">\n\t\t\t\t\t\t\t\t\t<div class=\"tb-column-inner tf_box tf_w\">\n\t\t\t\t\t\t<div  data-lazy=\"1\" class=\"module_subrow themify_builder_sub_row tb_30h6634 hide-desktop hide-tablet hide-tablet_landscape hide-mobile tf_w tf_clearfix\">\n\t\t\t\t\t<div class=\"subrow_inner col_align_top tb_col_count_4 tf_box tf_w\">\n\t\t\t\t\t<div  data-lazy=\"1\" class=\"module_column sub_column col4-1 tb_oj8r634 first\">\n\t\t\t\t\t\t\t\t\t<div class=\"tb-column-inner tf_box tf_w\">\n\t\t\t\t<!-- module image -->\n<div  class=\"module module-image tb_e93b634 rounded  image-full-overlay active-caption-hover auto_fullwidth tf_mw\" data-lazy=\"1\">\n        <div class=\"image-wrap tf_rel tf_mw\">\n\t\t    <img loading=\"lazy\" decoding=\"async\" src=\"https:\/\/nehstore.com\/klubb\/wp-content\/uploads\/2023\/12\/CitizensOfSweden-360x360.jpg\" width=\"360\" height=\"360\" class=\"wp-post-image wp-image-188\" title=\"Citizens Of Sweden\" alt=\"Citizens Of Sweden\" srcset=\"https:\/\/nehstore.com\/klubb\/wp-content\/uploads\/2023\/12\/CitizensOfSweden-360x360.jpg 360w, https:\/\/nehstore.com\/klubb\/wp-content\/uploads\/2023\/12\/CitizensOfSweden-300x300.jpg 300w, https:\/\/nehstore.com\/klubb\/wp-content\/uploads\/2023\/12\/CitizensOfSweden-150x150.jpg 150w, https:\/\/nehstore.com\/klubb\/wp-content\/uploads\/2023\/12\/CitizensOfSweden-768x768.jpg 768w, https:\/\/nehstore.com\/klubb\/wp-content\/uploads\/2023\/12\/CitizensOfSweden-600x600.jpg 600w, https:\/\/nehstore.com\/klubb\/wp-content\/uploads\/2023\/12\/CitizensOfSweden-100x100.jpg 100w, https:\/\/nehstore.com\/klubb\/wp-content\/uploads\/2023\/12\/CitizensOfSweden.jpg 842w\" sizes=\"auto, (max-width: 360px) 100vw, 360px\" \/>\t\n\t\t<\/div>\n\t<!-- \/image-wrap -->\n    \n    \t<div class=\"image-content tf_overflow\">\n\t    \t\t\t<h3 class=\"image-title\">\n\t\t\t\t\t\t\t\t\tCitizens Of Sweden\t\t\t\t\t\t\t<\/h3>\n\t    \n\t    \t<\/div>\n\t<!-- \/image-content -->\n    \t<\/div>\n<!-- \/module image -->\t\t\t\t<\/div><!-- .tb-column-inner -->\n\t\t\t\t\t\t<\/div><!-- .module_column -->\n\t\t\t\t\t<div  data-lazy=\"1\" class=\"module_column sub_column col4-1 tb_n00v634\">\n\t\t\t\t\t\t\t\t\t<div class=\"tb-column-inner tf_box tf_w\">\n\t\t\t\t<!-- module image -->\n<div  class=\"module module-image tb_rpbq276 rounded  image-full-overlay active-caption-hover auto_fullwidth tf_mw\" data-lazy=\"1\">\n        <div class=\"image-wrap tf_rel tf_mw\">\n\t\t    <a href=\"https:\/\/themify.me\/\"\n\t       \t       >\n\t\t   \t\t<img loading=\"lazy\" decoding=\"async\" src=\"https:\/\/nehstore.com\/klubb\/wp-content\/uploads\/2023\/12\/KIFOrebro-360x360.jpg\" width=\"360\" height=\"360\" class=\"wp-post-image wp-image-189\" title=\"KIF \u00d6rebro\" alt=\"KIF \u00d6rebro\" srcset=\"https:\/\/nehstore.com\/klubb\/wp-content\/uploads\/2023\/12\/KIFOrebro-360x360.jpg 360w, https:\/\/nehstore.com\/klubb\/wp-content\/uploads\/2023\/12\/KIFOrebro-300x300.jpg 300w, https:\/\/nehstore.com\/klubb\/wp-content\/uploads\/2023\/12\/KIFOrebro-150x150.jpg 150w, https:\/\/nehstore.com\/klubb\/wp-content\/uploads\/2023\/12\/KIFOrebro-768x768.jpg 768w, https:\/\/nehstore.com\/klubb\/wp-content\/uploads\/2023\/12\/KIFOrebro-600x600.jpg 600w, https:\/\/nehstore.com\/klubb\/wp-content\/uploads\/2023\/12\/KIFOrebro-100x100.jpg 100w, https:\/\/nehstore.com\/klubb\/wp-content\/uploads\/2023\/12\/KIFOrebro.jpg 842w\" sizes=\"auto, (max-width: 360px) 100vw, 360px\" \/>\t    <\/a>\n\t\n\t\t<\/div>\n\t<!-- \/image-wrap -->\n    \n    \t<div class=\"image-content tf_overflow\">\n\t    \t\t\t<h3 class=\"image-title\">\n\t\t\t\t\t\t\t\t\t<a href=\"https:\/\/themify.me\/\" \n\t\t\t\t\t   \t\t\t\t\t   >\n\t\t\t\t\t\t   KIF \u00d6rebro\t\t\t\t\t<\/a>\n\t\t\t\t\t\t\t<\/h3>\n\t    \n\t    \t<\/div>\n\t<!-- \/image-content -->\n    \t<\/div>\n<!-- \/module image -->\t\t\t\t<\/div><!-- .tb-column-inner -->\n\t\t\t\t\t\t<\/div><!-- .module_column -->\n\t\t\t\t\t<div  data-lazy=\"1\" class=\"module_column sub_column col4-1 tb_ymhj635\">\n\t\t\t\t\t\t\t\t\t<div class=\"tb-column-inner tf_box tf_w\">\n\t\t\t\t<!-- module image -->\n<div  class=\"module module-image tb_li8t913 rounded  image-full-overlay active-caption-hover auto_fullwidth tf_mw\" data-lazy=\"1\">\n        <div class=\"image-wrap tf_rel tf_mw\">\n\t\t    <a href=\"https:\/\/themify.me\/\"\n\t       \t       >\n\t\t   \t\t<img loading=\"lazy\" decoding=\"async\" src=\"https:\/\/nehstore.com\/klubb\/wp-content\/uploads\/2023\/12\/LeicesterSweden-360x360.jpg\" width=\"360\" height=\"360\" class=\"wp-post-image wp-image-190\" title=\"Leicester Sweden\" alt=\"Leicester Sweden\" srcset=\"https:\/\/nehstore.com\/klubb\/wp-content\/uploads\/2023\/12\/LeicesterSweden-360x360.jpg 360w, https:\/\/nehstore.com\/klubb\/wp-content\/uploads\/2023\/12\/LeicesterSweden-300x300.jpg 300w, https:\/\/nehstore.com\/klubb\/wp-content\/uploads\/2023\/12\/LeicesterSweden-150x150.jpg 150w, https:\/\/nehstore.com\/klubb\/wp-content\/uploads\/2023\/12\/LeicesterSweden-768x768.jpg 768w, https:\/\/nehstore.com\/klubb\/wp-content\/uploads\/2023\/12\/LeicesterSweden-600x600.jpg 600w, https:\/\/nehstore.com\/klubb\/wp-content\/uploads\/2023\/12\/LeicesterSweden-100x100.jpg 100w, https:\/\/nehstore.com\/klubb\/wp-content\/uploads\/2023\/12\/LeicesterSweden.jpg 842w\" sizes=\"auto, (max-width: 360px) 100vw, 360px\" \/>\t    <\/a>\n\t\n\t\t<\/div>\n\t<!-- \/image-wrap -->\n    \n    \t<div class=\"image-content tf_overflow\">\n\t    \t\t\t<h3 class=\"image-title\">\n\t\t\t\t\t\t\t\t\t<a href=\"https:\/\/themify.me\/\" \n\t\t\t\t\t   \t\t\t\t\t   >\n\t\t\t\t\t\t   Leicester Sweden\t\t\t\t\t<\/a>\n\t\t\t\t\t\t\t<\/h3>\n\t    \n\t    \t<\/div>\n\t<!-- \/image-content -->\n    \t<\/div>\n<!-- \/module image -->\t\t\t\t<\/div><!-- .tb-column-inner -->\n\t\t\t\t\t\t<\/div><!-- .module_column -->\n\t\t\t\t\t<div  data-lazy=\"1\" class=\"module_column sub_column col4-1 tb_oic2941 last\">\n\t\t\t\t\t\t\t\t\t<div class=\"tb-column-inner tf_box tf_w\">\n\t\t\t\t<!-- module image -->\n<div  class=\"module module-image tb_bnye709 rounded  image-full-overlay active-caption-hover auto_fullwidth tf_mw\" data-lazy=\"1\">\n        <div class=\"image-wrap tf_rel tf_mw\">\n\t\t    <a href=\"https:\/\/themify.me\/\"\n\t       \t       >\n\t\t   \t\t<img loading=\"lazy\" decoding=\"async\" src=\"https:\/\/nehstore.com\/klubb\/wp-content\/uploads\/2023\/12\/OSKFutsal-360x360.jpg\" width=\"360\" height=\"360\" class=\"wp-post-image wp-image-191\" title=\"\u00d6SK Futsal\" alt=\"\u00d6SK Futsal\" srcset=\"https:\/\/nehstore.com\/klubb\/wp-content\/uploads\/2023\/12\/OSKFutsal-360x360.jpg 360w, https:\/\/nehstore.com\/klubb\/wp-content\/uploads\/2023\/12\/OSKFutsal-300x300.jpg 300w, https:\/\/nehstore.com\/klubb\/wp-content\/uploads\/2023\/12\/OSKFutsal-150x150.jpg 150w, https:\/\/nehstore.com\/klubb\/wp-content\/uploads\/2023\/12\/OSKFutsal-768x768.jpg 768w, https:\/\/nehstore.com\/klubb\/wp-content\/uploads\/2023\/12\/OSKFutsal-600x600.jpg 600w, https:\/\/nehstore.com\/klubb\/wp-content\/uploads\/2023\/12\/OSKFutsal-100x100.jpg 100w, https:\/\/nehstore.com\/klubb\/wp-content\/uploads\/2023\/12\/OSKFutsal.jpg 842w\" sizes=\"auto, (max-width: 360px) 100vw, 360px\" \/>\t    <\/a>\n\t\n\t\t<\/div>\n\t<!-- \/image-wrap -->\n    \n    \t<div class=\"image-content tf_overflow\">\n\t    \t\t\t<h3 class=\"image-title\">\n\t\t\t\t\t\t\t\t\t<a href=\"https:\/\/themify.me\/\" \n\t\t\t\t\t   \t\t\t\t\t   >\n\t\t\t\t\t\t   \u00d6SK Futsal\t\t\t\t\t<\/a>\n\t\t\t\t\t\t\t<\/h3>\n\t    \n\t    \t<\/div>\n\t<!-- \/image-content -->\n    \t<\/div>\n<!-- \/module image -->\t\t\t\t<\/div><!-- .tb-column-inner -->\n\t\t\t\t\t\t<\/div><!-- .module_column -->\n\t\t\t\t\t\t<\/div><!-- .subrow_inner -->\n\t\t<\/div><!-- .themify_builder_sub_row -->\n\t\t\t\t\t\t\t\t<\/div><!-- .tb-column-inner -->\n\t\t\t\t\t\t<\/div><!-- .module_column -->\n\t\t\t\t\t\t<\/div><!-- .row_inner -->\n\t\t<\/div><!-- .module_row -->\n\t\t\t\t\t\t\t\t<!-- module_row -->\n\t\t<div  data-lazy=\"1\" class=\"module_row themify_builder_row tb_pbdb301 tf_w tf_clearfix\">\n\t\t\t\t\t<div class=\"row_inner col_align_top tb_col_count_1 tf_box tf_rel\">\n\t\t\t\t\t<div  data-lazy=\"1\" class=\"module_column tb-column col-full tb_8jw1302 first\">\n\t\t\t\t\t\t\t\t\t<div class=\"tb-column-inner tf_box tf_w\">\n\t\t\t\t<!-- module fancy heading -->\n<div  class=\"module module-fancy-heading tb_h2o3850  tb_hide_divider\" data-lazy=\"1\">\n\t    <h1 class=\"fancy-heading tf_textc\">\n    <span class=\"main-head tf_block\">\n\t\t\t\t\tIngen friidrottsklubb \u00e4r ansluten idag\t\t    <\/span>\n\n\t\n    <span class=\"sub-head tf_block tf_rel\">\n\t\t\t\t\t<a href=\"https:\/\/nehreklam.se\/eshop\/nywebbshop\/\">Bli den f\u00f6rsta - klicka h\u00e4r<\/a>\n\t\t    <\/span>\n    <\/h1>\n<\/div>\n<!-- \/module fancy heading -->\n\t\t\t\t<\/div><!-- .tb-column-inner -->\n\t\t\t\t\t\t<\/div><!-- .module_column -->\n\t\t\t\t\t\t<\/div><!-- .row_inner -->\n\t\t<\/div><!-- .module_row -->\n\t\t\t\t<\/div>\n<!--\/themify_builder_content-->","protected":false},"excerpt":{"rendered":"<p>Citizens Of Sweden KIF \u00d6rebro Leicester Sweden \u00d6SK Futsal Ingen friidrottsklubb \u00e4r ansluten idagBli den f\u00f6rsta &#8211; klicka h\u00e4r<\/p>\n","protected":false},"author":1,"featured_media":0,"parent":0,"menu_order":0,"comment_status":"closed","ping_status":"closed","template":"","meta":{"_uag_custom_page_level_css":"","footnotes":""},"class_list":["post-1579","page","type-page","status-publish","hentry","has-post-title","has-post-date","has-post-category","has-post-tag","has-post-comment","has-post-author",""],"uagb_featured_image_src":{"full":false,"thumbnail":false,"medium":false,"medium_large":false,"large":false,"RoboGalleryMansoryImagesCenter":false,"RoboGalleryPreload":false,"1536x1536":false,"2048x2048":false,"woocommerce_thumbnail":false,"woocommerce_single":false,"woocommerce_gallery_thumbnail":false},"uagb_author_info":{"display_name":"neh-nehstore2","author_link":"https:\/\/nehstore.com\/klubb\/author\/neh-nehstore2\/"},"uagb_comment_info":0,"uagb_excerpt":"Citizens Of Sweden KIF \u00d6rebro Leicester Sweden \u00d6SK Futsal Ingen friidrottsklubb \u00e4r ansluten idagBli den f\u00f6rsta &#8211; klicka h\u00e4r","builder_content":"<img src=\"https:\/\/nehstore.com\/klubb\/wp-content\/uploads\/2023\/12\/CitizensOfSweden-360x360.jpg\" width=\"360\" height=\"360\" title=\"Citizens Of Sweden\" alt=\"Citizens Of Sweden\" srcset=\"https:\/\/nehstore.com\/klubb\/wp-content\/uploads\/2023\/12\/CitizensOfSweden-360x360.jpg 360w, https:\/\/nehstore.com\/klubb\/wp-content\/uploads\/2023\/12\/CitizensOfSweden-300x300.jpg 300w, https:\/\/nehstore.com\/klubb\/wp-content\/uploads\/2023\/12\/CitizensOfSweden-150x150.jpg 150w, https:\/\/nehstore.com\/klubb\/wp-content\/uploads\/2023\/12\/CitizensOfSweden-768x768.jpg 768w, https:\/\/nehstore.com\/klubb\/wp-content\/uploads\/2023\/12\/CitizensOfSweden-600x600.jpg 600w, https:\/\/nehstore.com\/klubb\/wp-content\/uploads\/2023\/12\/CitizensOfSweden-100x100.jpg 100w, https:\/\/nehstore.com\/klubb\/wp-content\/uploads\/2023\/12\/CitizensOfSweden.jpg 842w\" sizes=\"(max-width: 360px) 100vw, 360px\" \/> <h3> Citizens Of Sweden <\/h3>\n<a href=\"https:\/\/themify.me\/\" > <img src=\"https:\/\/nehstore.com\/klubb\/wp-content\/uploads\/2023\/12\/KIFOrebro-360x360.jpg\" width=\"360\" height=\"360\" title=\"KIF \u00d6rebro\" alt=\"KIF \u00d6rebro\" srcset=\"https:\/\/nehstore.com\/klubb\/wp-content\/uploads\/2023\/12\/KIFOrebro-360x360.jpg 360w, https:\/\/nehstore.com\/klubb\/wp-content\/uploads\/2023\/12\/KIFOrebro-300x300.jpg 300w, https:\/\/nehstore.com\/klubb\/wp-content\/uploads\/2023\/12\/KIFOrebro-150x150.jpg 150w, https:\/\/nehstore.com\/klubb\/wp-content\/uploads\/2023\/12\/KIFOrebro-768x768.jpg 768w, https:\/\/nehstore.com\/klubb\/wp-content\/uploads\/2023\/12\/KIFOrebro-600x600.jpg 600w, https:\/\/nehstore.com\/klubb\/wp-content\/uploads\/2023\/12\/KIFOrebro-100x100.jpg 100w, https:\/\/nehstore.com\/klubb\/wp-content\/uploads\/2023\/12\/KIFOrebro.jpg 842w\" sizes=\"(max-width: 360px) 100vw, 360px\" \/> <\/a> <h3> <a href=\"https:\/\/themify.me\/\" > KIF \u00d6rebro <\/a> <\/h3>\n<a href=\"https:\/\/themify.me\/\" > <img src=\"https:\/\/nehstore.com\/klubb\/wp-content\/uploads\/2023\/12\/LeicesterSweden-360x360.jpg\" width=\"360\" height=\"360\" title=\"Leicester Sweden\" alt=\"Leicester Sweden\" srcset=\"https:\/\/nehstore.com\/klubb\/wp-content\/uploads\/2023\/12\/LeicesterSweden-360x360.jpg 360w, https:\/\/nehstore.com\/klubb\/wp-content\/uploads\/2023\/12\/LeicesterSweden-300x300.jpg 300w, https:\/\/nehstore.com\/klubb\/wp-content\/uploads\/2023\/12\/LeicesterSweden-150x150.jpg 150w, https:\/\/nehstore.com\/klubb\/wp-content\/uploads\/2023\/12\/LeicesterSweden-768x768.jpg 768w, https:\/\/nehstore.com\/klubb\/wp-content\/uploads\/2023\/12\/LeicesterSweden-600x600.jpg 600w, https:\/\/nehstore.com\/klubb\/wp-content\/uploads\/2023\/12\/LeicesterSweden-100x100.jpg 100w, https:\/\/nehstore.com\/klubb\/wp-content\/uploads\/2023\/12\/LeicesterSweden.jpg 842w\" sizes=\"(max-width: 360px) 100vw, 360px\" \/> <\/a> <h3> <a href=\"https:\/\/themify.me\/\" > Leicester Sweden <\/a> <\/h3>\n<a href=\"https:\/\/themify.me\/\" > <img src=\"https:\/\/nehstore.com\/klubb\/wp-content\/uploads\/2023\/12\/OSKFutsal-360x360.jpg\" width=\"360\" height=\"360\" title=\"\u00d6SK Futsal\" alt=\"\u00d6SK Futsal\" srcset=\"https:\/\/nehstore.com\/klubb\/wp-content\/uploads\/2023\/12\/OSKFutsal-360x360.jpg 360w, https:\/\/nehstore.com\/klubb\/wp-content\/uploads\/2023\/12\/OSKFutsal-300x300.jpg 300w, https:\/\/nehstore.com\/klubb\/wp-content\/uploads\/2023\/12\/OSKFutsal-150x150.jpg 150w, https:\/\/nehstore.com\/klubb\/wp-content\/uploads\/2023\/12\/OSKFutsal-768x768.jpg 768w, https:\/\/nehstore.com\/klubb\/wp-content\/uploads\/2023\/12\/OSKFutsal-600x600.jpg 600w, https:\/\/nehstore.com\/klubb\/wp-content\/uploads\/2023\/12\/OSKFutsal-100x100.jpg 100w, https:\/\/nehstore.com\/klubb\/wp-content\/uploads\/2023\/12\/OSKFutsal.jpg 842w\" sizes=\"(max-width: 360px) 100vw, 360px\" \/> <\/a> <h3> <a href=\"https:\/\/themify.me\/\" > \u00d6SK Futsal <\/a> <\/h3>\n<h1>Ingen friidrottsklubb \u00e4r ansluten idag<br\/>Bli den f\u00f6rsta - klicka h\u00e4r<\/h1>","_links":{"self":[{"href":"https:\/\/nehstore.com\/klubb\/wp-json\/wp\/v2\/pages\/1579","targetHints":{"allow":["GET"]}}],"collection":[{"href":"https:\/\/nehstore.com\/klubb\/wp-json\/wp\/v2\/pages"}],"about":[{"href":"https:\/\/nehstore.com\/klubb\/wp-json\/wp\/v2\/types\/page"}],"author":[{"embeddable":true,"href":"https:\/\/nehstore.com\/klubb\/wp-json\/wp\/v2\/users\/1"}],"replies":[{"embeddable":true,"href":"https:\/\/nehstore.com\/klubb\/wp-json\/wp\/v2\/comments?post=1579"}],"version-history":[{"count":3,"href":"https:\/\/nehstore.com\/klubb\/wp-json\/wp\/v2\/pages\/1579\/revisions"}],"predecessor-version":[{"id":1594,"href":"https:\/\/nehstore.com\/klubb\/wp-json\/wp\/v2\/pages\/1579\/revisions\/1594"}],"wp:attachment":[{"href":"https:\/\/nehstore.com\/klubb\/wp-json\/wp\/v2\/media?parent=1579"}],"curies":[{"name":"wp","href":"https:\/\/api.w.org\/{rel}","templated":true}]}}