{"id":2411,"date":"2024-04-03T12:02:03","date_gmt":"2024-04-03T12:02:03","guid":{"rendered":"https:\/\/nehstore.com\/klubb\/?post_type=product&#038;p=2411"},"modified":"2025-01-16T08:21:12","modified_gmt":"2025-01-16T08:21:12","slug":"hood-bomull-premium-dam","status":"publish","type":"product","link":"https:\/\/nehstore.com\/klubb\/produkt\/hood-bomull-premium-dam\/","title":{"rendered":"Hood Bomull Premium, Dam"},"content":{"rendered":"<!--themify_builder_content-->\n<div id=\"themify_builder_content-2411\" data-postid=\"2411\" class=\"themify_builder_content themify_builder_content-2411 themify_builder tf_clear\">\n    <\/div>\n<!--\/themify_builder_content-->\n","protected":false},"excerpt":{"rendered":"<p>Hoodtr\u00f6ja i sk\u00f6nt, stretchigt, dubbelstickat l\u00e4ttviktsmaterial &#8211; ett perfekt \u00e5ret-runt plagg. Det tekniska materialet \u00e4r gjort av certifierad \u00e5tervunnen polyester, rayon samt tillf\u00f6rd elastan f\u00f6r bra stretch. Den h\u00f6ga kragen skyddar mot kallt v\u00e4der. Tr\u00f6jan har tv\u00e5 fickor framtill med dragkedjor. CUTTER &amp; BUCK-loggan \u00e4r inbroderad l\u00e4ngs huvans ytterkant.<\/p>\n<div>\n<div><strong>F\u00f6r\u00e4dling:<\/strong> Tryckt logga<\/div>\n<div class=\"Text-sc-s31epd-0 iovWTc d-inline f3-700 mr-1\"><strong>Material:<\/strong> 66% \u00e5tervunnen polyester, 4% polyester, 26% rayon, 4% elastan*<\/div>\n<\/div>\n<div>\n<div class=\"Text-sc-s31epd-0 iovWTc d-inline f3-700 mr-1\"><strong>Vikt:<\/strong> 350 g\/m2<\/div>\n<\/div>\n","protected":false},"featured_media":2438,"template":"","meta":{"_uag_custom_page_level_css":""},"product_brand":[],"product_cat":[19,246],"product_tag":[],"class_list":{"0":"post-2411","1":"product","2":"type-product","3":"status-publish","4":"has-post-thumbnail","6":"product_cat-mall-dam","7":"product_cat-mallar-alla","8":"has-post-title","9":"has-post-date","10":"has-post-category","11":"has-post-tag","12":"has-post-comment","13":"has-post-author","14":"","16":"first","17":"instock","18":"taxable","19":"shipping-taxable","20":"purchasable","21":"product-type-variable"},"uagb_featured_image_src":{"full":["https:\/\/nehstore.com\/klubb\/wp-content\/uploads\/2024\/04\/Hood-premium-dam-svart.jpg",842,842,false],"thumbnail":["https:\/\/nehstore.com\/klubb\/wp-content\/uploads\/2024\/04\/Hood-premium-dam-svart-150x150.jpg",150,150,true],"medium":["https:\/\/nehstore.com\/klubb\/wp-content\/uploads\/2024\/04\/Hood-premium-dam-svart-300x300.jpg",300,300,true],"medium_large":["https:\/\/nehstore.com\/klubb\/wp-content\/uploads\/2024\/04\/Hood-premium-dam-svart-768x768.jpg",768,768,true],"large":["https:\/\/nehstore.com\/klubb\/wp-content\/uploads\/2024\/04\/Hood-premium-dam-svart.jpg",842,842,false],"RoboGalleryMansoryImagesCenter":["https:\/\/nehstore.com\/klubb\/wp-content\/uploads\/2024\/04\/Hood-premium-dam-svart.jpg",600,600,false],"RoboGalleryPreload":["https:\/\/nehstore.com\/klubb\/wp-content\/uploads\/2024\/04\/Hood-premium-dam-svart.jpg",100,100,false],"1536x1536":["https:\/\/nehstore.com\/klubb\/wp-content\/uploads\/2024\/04\/Hood-premium-dam-svart.jpg",842,842,false],"2048x2048":["https:\/\/nehstore.com\/klubb\/wp-content\/uploads\/2024\/04\/Hood-premium-dam-svart.jpg",842,842,false],"woocommerce_thumbnail":["https:\/\/nehstore.com\/klubb\/wp-content\/uploads\/2024\/04\/Hood-premium-dam-svart-300x300.jpg",300,300,true],"woocommerce_single":["https:\/\/nehstore.com\/klubb\/wp-content\/uploads\/2024\/04\/Hood-premium-dam-svart-600x600.jpg",600,600,true],"woocommerce_gallery_thumbnail":["https:\/\/nehstore.com\/klubb\/wp-content\/uploads\/2024\/04\/Hood-premium-dam-svart-100x100.jpg",100,100,true]},"uagb_author_info":{"display_name":"neh-nehstore2","author_link":"https:\/\/nehstore.com\/klubb\/author\/"},"uagb_comment_info":0,"uagb_excerpt":"Hoodtr\u00f6ja i sk\u00f6nt, stretchigt, dubbelstickat l\u00e4ttviktsmaterial - ett perfekt \u00e5ret-runt plagg. Det tekniska materialet \u00e4r gjort av certifierad \u00e5tervunnen polyester, rayon samt tillf\u00f6rd elastan f\u00f6r bra stretch. Den h\u00f6ga kragen skyddar mot kallt v\u00e4der. Tr\u00f6jan har tv\u00e5 fickor framtill med dragkedjor. CUTTER &amp; BUCK-loggan \u00e4r inbroderad l\u00e4ngs huvans ytterkant. F\u00f6r\u00e4dling: Tryckt logga Material: 66% \u00e5tervunnen&hellip;","builder_content":"","_links":{"self":[{"href":"https:\/\/nehstore.com\/klubb\/wp-json\/wp\/v2\/product\/2411","targetHints":{"allow":["GET"]}}],"collection":[{"href":"https:\/\/nehstore.com\/klubb\/wp-json\/wp\/v2\/product"}],"about":[{"href":"https:\/\/nehstore.com\/klubb\/wp-json\/wp\/v2\/types\/product"}],"wp:featuredmedia":[{"embeddable":true,"href":"https:\/\/nehstore.com\/klubb\/wp-json\/wp\/v2\/media\/2438"}],"wp:attachment":[{"href":"https:\/\/nehstore.com\/klubb\/wp-json\/wp\/v2\/media?parent=2411"}],"wp:term":[{"taxonomy":"product_brand","embeddable":true,"href":"https:\/\/nehstore.com\/klubb\/wp-json\/wp\/v2\/product_brand?post=2411"},{"taxonomy":"product_cat","embeddable":true,"href":"https:\/\/nehstore.com\/klubb\/wp-json\/wp\/v2\/product_cat?post=2411"},{"taxonomy":"product_tag","embeddable":true,"href":"https:\/\/nehstore.com\/klubb\/wp-json\/wp\/v2\/product_tag?post=2411"}],"curies":[{"name":"wp","href":"https:\/\/api.w.org\/{rel}","templated":true}]}}