{"id":2425,"date":"2024-04-03T12:02:04","date_gmt":"2024-04-03T12:02:04","guid":{"rendered":"https:\/\/nehstore.com\/klubb\/?post_type=product&#038;p=2425"},"modified":"2025-01-16T08:21:12","modified_gmt":"2025-01-16T08:21:12","slug":"skjorta-premium-dam","status":"publish","type":"product","link":"https:\/\/nehstore.com\/klubb\/produkt\/skjorta-premium-dam\/","title":{"rendered":"Skjorta Premium, Dam"},"content":{"rendered":"<!--themify_builder_content-->\n<div id=\"themify_builder_content-2425\" data-postid=\"2425\" class=\"themify_builder_content themify_builder_content-2425 themify_builder tf_clear\">\n    <\/div>\n<!--\/themify_builder_content-->\n","protected":false},"excerpt":{"rendered":"<p>En stretchskjorta som \u00e4r framtagen i ett extremt stretchigt material designad f\u00f6r vardagsbruk i b\u00e5de fritids- och arbetsmilj\u00f6er. V\u00e5rt h\u00f6gkvalitativa ekologiska bomullstyg \u00e4r supersk\u00f6nt och luftigt, med fantastisk stretch och stuns. Du kan v\u00e4lja att b\u00e4ra skjortan som den \u00e4r eller som en lager under en tr\u00f6ja eller jacka. Det \u00e4r den perfekta business-skjortan som har ett komfortabelt och modernt snitt. \u00c4rmavslut och krage \u00e4r f\u00f6rst\u00e4rkta f\u00f6r extra komfort och h\u00e5llbarhet efter tv\u00e4tt. UPF 50+ p\u00e5 den vita skjortan.<\/p>\n<div>\n<div><strong>F\u00f6r\u00e4dling:<\/strong> Broderad logga<\/div>\n<div class=\"Text-sc-s31epd-0 iovWTc d-inline f3-700 mr-1\"><strong>Material:<\/strong> 92% ekologisk bomull, 8% elastan<\/div>\n<\/div>\n<div>\n<div class=\"Text-sc-s31epd-0 iovWTc d-inline f3-700 mr-1\"><strong>Vikt:<\/strong> 170 g\/m2<\/div>\n<\/div>\n","protected":false},"featured_media":2449,"template":"","meta":{"_uag_custom_page_level_css":""},"product_brand":[],"product_cat":[19,246],"product_tag":[],"class_list":{"0":"post-2425","1":"product","2":"type-product","3":"status-publish","4":"has-post-thumbnail","6":"product_cat-mall-dam","7":"product_cat-mallar-alla","8":"has-post-title","9":"has-post-date","10":"has-post-category","11":"has-post-tag","12":"has-post-comment","13":"has-post-author","14":"","16":"first","17":"instock","18":"taxable","19":"shipping-taxable","20":"purchasable","21":"product-type-variable"},"uagb_featured_image_src":{"full":["https:\/\/nehstore.com\/klubb\/wp-content\/uploads\/2024\/04\/Skjorta-premium-Dam-svart.jpg",842,842,false],"thumbnail":["https:\/\/nehstore.com\/klubb\/wp-content\/uploads\/2024\/04\/Skjorta-premium-Dam-svart-150x150.jpg",150,150,true],"medium":["https:\/\/nehstore.com\/klubb\/wp-content\/uploads\/2024\/04\/Skjorta-premium-Dam-svart-300x300.jpg",300,300,true],"medium_large":["https:\/\/nehstore.com\/klubb\/wp-content\/uploads\/2024\/04\/Skjorta-premium-Dam-svart-768x768.jpg",768,768,true],"large":["https:\/\/nehstore.com\/klubb\/wp-content\/uploads\/2024\/04\/Skjorta-premium-Dam-svart.jpg",842,842,false],"RoboGalleryMansoryImagesCenter":["https:\/\/nehstore.com\/klubb\/wp-content\/uploads\/2024\/04\/Skjorta-premium-Dam-svart.jpg",600,600,false],"RoboGalleryPreload":["https:\/\/nehstore.com\/klubb\/wp-content\/uploads\/2024\/04\/Skjorta-premium-Dam-svart.jpg",100,100,false],"1536x1536":["https:\/\/nehstore.com\/klubb\/wp-content\/uploads\/2024\/04\/Skjorta-premium-Dam-svart.jpg",842,842,false],"2048x2048":["https:\/\/nehstore.com\/klubb\/wp-content\/uploads\/2024\/04\/Skjorta-premium-Dam-svart.jpg",842,842,false],"woocommerce_thumbnail":["https:\/\/nehstore.com\/klubb\/wp-content\/uploads\/2024\/04\/Skjorta-premium-Dam-svart-300x300.jpg",300,300,true],"woocommerce_single":["https:\/\/nehstore.com\/klubb\/wp-content\/uploads\/2024\/04\/Skjorta-premium-Dam-svart-600x600.jpg",600,600,true],"woocommerce_gallery_thumbnail":["https:\/\/nehstore.com\/klubb\/wp-content\/uploads\/2024\/04\/Skjorta-premium-Dam-svart-100x100.jpg",100,100,true]},"uagb_author_info":{"display_name":"neh-nehstore2","author_link":"https:\/\/nehstore.com\/klubb\/author\/"},"uagb_comment_info":0,"uagb_excerpt":"En stretchskjorta som \u00e4r framtagen i ett extremt stretchigt material designad f\u00f6r vardagsbruk i b\u00e5de fritids- och arbetsmilj\u00f6er. V\u00e5rt h\u00f6gkvalitativa ekologiska bomullstyg \u00e4r supersk\u00f6nt och luftigt, med fantastisk stretch och stuns. Du kan v\u00e4lja att b\u00e4ra skjortan som den \u00e4r eller som en lager under en tr\u00f6ja eller jacka. Det \u00e4r den perfekta business-skjortan som&hellip;","builder_content":"","_links":{"self":[{"href":"https:\/\/nehstore.com\/klubb\/wp-json\/wp\/v2\/product\/2425","targetHints":{"allow":["GET"]}}],"collection":[{"href":"https:\/\/nehstore.com\/klubb\/wp-json\/wp\/v2\/product"}],"about":[{"href":"https:\/\/nehstore.com\/klubb\/wp-json\/wp\/v2\/types\/product"}],"wp:featuredmedia":[{"embeddable":true,"href":"https:\/\/nehstore.com\/klubb\/wp-json\/wp\/v2\/media\/2449"}],"wp:attachment":[{"href":"https:\/\/nehstore.com\/klubb\/wp-json\/wp\/v2\/media?parent=2425"}],"wp:term":[{"taxonomy":"product_brand","embeddable":true,"href":"https:\/\/nehstore.com\/klubb\/wp-json\/wp\/v2\/product_brand?post=2425"},{"taxonomy":"product_cat","embeddable":true,"href":"https:\/\/nehstore.com\/klubb\/wp-json\/wp\/v2\/product_cat?post=2425"},{"taxonomy":"product_tag","embeddable":true,"href":"https:\/\/nehstore.com\/klubb\/wp-json\/wp\/v2\/product_tag?post=2425"}],"curies":[{"name":"wp","href":"https:\/\/api.w.org\/{rel}","templated":true}]}}