{"id":2575,"date":"2024-04-03T12:02:52","date_gmt":"2024-04-03T12:02:52","guid":{"rendered":"https:\/\/nehstore.com\/klubb\/?post_type=product&#038;p=2575"},"modified":"2025-01-16T08:21:10","modified_gmt":"2025-01-16T08:21:10","slug":"shorts-craft-unisex","status":"publish","type":"product","link":"https:\/\/nehstore.com\/klubb\/produkt\/shorts-craft-unisex\/","title":{"rendered":"Shorts Craft, Unisex"},"content":{"rendered":"<!--themify_builder_content-->\n<div id=\"themify_builder_content-2575\" data-postid=\"2575\" class=\"themify_builder_content themify_builder_content-2575 themify_builder tf_clear\">\n    <\/div>\n<!--\/themify_builder_content-->\n","protected":false},"excerpt":{"rendered":"<p>Funktionella tr\u00e4ningsshorts med l\u00f6s passform som passar till de flesta typer av fysiska aktiviteter. Dessa m\u00e5ngfacetterade shorts har justerbar midja med dragsko och tv\u00e5 sidfickor.<\/p>\n<p>\u2022 Justerbar midja med dragsko<br \/>\n\u2022 Tv\u00e5 sidfickor<br \/>\n\u2022 L\u00f6s passform<\/p>\n<div>\n<div><strong>F\u00f6r\u00e4dling:<\/strong> Tryckt logga<\/div>\n<div class=\"Text-sc-s31epd-0 iovWTc d-inline f3-700 mr-1\"><strong>Material:<\/strong> 100%PES recycled plain woven<br \/>\n<strong>Vikt:<\/strong> 80 g\/m2<\/div>\n<\/div>\n","protected":false},"featured_media":2590,"template":"","meta":{"_uag_custom_page_level_css":""},"product_brand":[],"product_cat":[19,25,246],"product_tag":[],"class_list":{"0":"post-2575","1":"product","2":"type-product","3":"status-publish","4":"has-post-thumbnail","6":"product_cat-mall-dam","7":"product_cat-mall-herr","8":"product_cat-mallar-alla","9":"has-post-title","10":"has-post-date","11":"has-post-category","12":"has-post-tag","13":"has-post-comment","14":"has-post-author","15":"","17":"first","18":"instock","19":"taxable","20":"shipping-taxable","21":"purchasable","22":"product-type-variable"},"uagb_featured_image_src":{"full":["https:\/\/nehstore.com\/klubb\/wp-content\/uploads\/2024\/04\/shorts-craft-unisex-svart.jpg",842,842,false],"thumbnail":["https:\/\/nehstore.com\/klubb\/wp-content\/uploads\/2024\/04\/shorts-craft-unisex-svart-150x150.jpg",150,150,true],"medium":["https:\/\/nehstore.com\/klubb\/wp-content\/uploads\/2024\/04\/shorts-craft-unisex-svart-300x300.jpg",300,300,true],"medium_large":["https:\/\/nehstore.com\/klubb\/wp-content\/uploads\/2024\/04\/shorts-craft-unisex-svart-768x768.jpg",768,768,true],"large":["https:\/\/nehstore.com\/klubb\/wp-content\/uploads\/2024\/04\/shorts-craft-unisex-svart.jpg",842,842,false],"RoboGalleryMansoryImagesCenter":["https:\/\/nehstore.com\/klubb\/wp-content\/uploads\/2024\/04\/shorts-craft-unisex-svart.jpg",600,600,false],"RoboGalleryPreload":["https:\/\/nehstore.com\/klubb\/wp-content\/uploads\/2024\/04\/shorts-craft-unisex-svart.jpg",100,100,false],"1536x1536":["https:\/\/nehstore.com\/klubb\/wp-content\/uploads\/2024\/04\/shorts-craft-unisex-svart.jpg",842,842,false],"2048x2048":["https:\/\/nehstore.com\/klubb\/wp-content\/uploads\/2024\/04\/shorts-craft-unisex-svart.jpg",842,842,false],"woocommerce_thumbnail":["https:\/\/nehstore.com\/klubb\/wp-content\/uploads\/2024\/04\/shorts-craft-unisex-svart-300x300.jpg",300,300,true],"woocommerce_single":["https:\/\/nehstore.com\/klubb\/wp-content\/uploads\/2024\/04\/shorts-craft-unisex-svart-600x600.jpg",600,600,true],"woocommerce_gallery_thumbnail":["https:\/\/nehstore.com\/klubb\/wp-content\/uploads\/2024\/04\/shorts-craft-unisex-svart-100x100.jpg",100,100,true]},"uagb_author_info":{"display_name":"neh-nehstore2","author_link":"https:\/\/nehstore.com\/klubb\/author\/"},"uagb_comment_info":0,"uagb_excerpt":"Funktionella tr\u00e4ningsshorts med l\u00f6s passform som passar till de flesta typer av fysiska aktiviteter. Dessa m\u00e5ngfacetterade shorts har justerbar midja med dragsko och tv\u00e5 sidfickor. \u2022 Justerbar midja med dragsko \u2022 Tv\u00e5 sidfickor \u2022 L\u00f6s passform F\u00f6r\u00e4dling: Tryckt logga Material: 100%PES recycled plain woven Vikt: 80 g\/m2","builder_content":"","_links":{"self":[{"href":"https:\/\/nehstore.com\/klubb\/wp-json\/wp\/v2\/product\/2575","targetHints":{"allow":["GET"]}}],"collection":[{"href":"https:\/\/nehstore.com\/klubb\/wp-json\/wp\/v2\/product"}],"about":[{"href":"https:\/\/nehstore.com\/klubb\/wp-json\/wp\/v2\/types\/product"}],"wp:featuredmedia":[{"embeddable":true,"href":"https:\/\/nehstore.com\/klubb\/wp-json\/wp\/v2\/media\/2590"}],"wp:attachment":[{"href":"https:\/\/nehstore.com\/klubb\/wp-json\/wp\/v2\/media?parent=2575"}],"wp:term":[{"taxonomy":"product_brand","embeddable":true,"href":"https:\/\/nehstore.com\/klubb\/wp-json\/wp\/v2\/product_brand?post=2575"},{"taxonomy":"product_cat","embeddable":true,"href":"https:\/\/nehstore.com\/klubb\/wp-json\/wp\/v2\/product_cat?post=2575"},{"taxonomy":"product_tag","embeddable":true,"href":"https:\/\/nehstore.com\/klubb\/wp-json\/wp\/v2\/product_tag?post=2575"}],"curies":[{"name":"wp","href":"https:\/\/api.w.org\/{rel}","templated":true}]}}