{"id":2864,"date":"2024-09-11T12:21:07","date_gmt":"2024-09-11T12:21:07","guid":{"rendered":"https:\/\/nehstore.com\/klubb\/?post_type=product&#038;p=2864"},"modified":"2024-09-11T12:23:15","modified_gmt":"2024-09-11T12:23:15","slug":"crewneck-zip-craft-dam-ohk","status":"publish","type":"product","link":"https:\/\/nehstore.com\/klubb\/produkt\/crewneck-zip-craft-dam-ohk\/","title":{"rendered":"Crewneck Zip Craft Dam, \u00d6HK"},"content":{"rendered":"<!--themify_builder_content-->\n<div id=\"themify_builder_content-2864\" data-postid=\"2864\" class=\"themify_builder_content themify_builder_content-2864 themify_builder tf_clear\">\n    <\/div>\n<!--\/themify_builder_content-->\n","protected":false},"excerpt":{"rendered":"<p><strong>Tryck p\u00e5 br\u00f6st &amp; rygg<\/strong><\/p>\n<p>En funktionell, l\u00e5ng\u00e4rmad tr\u00e4ningstr\u00f6ja. Plagget \u00e4r gjort av \u00e5tervunnen polyester som ger effektiv fukttransport och har dessutom h\u00f6g elasticitet och ergonomisk design f\u00f6r optimal passform och bra r\u00f6relsefrihet. Tr\u00f6jan har \u00e4ven dragkedja i halsen. Regular fit.<\/p>\n<p>\u2022 \u00c5tervunnen polyester<br \/>\n\u2022 Mycket elastiskt material<br \/>\n\u2022 Dragkedja i halsen<\/p>\n<div>\n<div><strong>F\u00f6r\u00e4dling:<\/strong> Tryckt logga<\/div>\n<div class=\"Text-sc-s31epd-0 iovWTc d-inline f3-700 mr-1\"><strong>Material:<\/strong> 100% Polyester recycled<br \/>\n<strong>Vikt:<\/strong> 200 g\/m2<\/div>\n<\/div>\n","protected":false},"featured_media":2859,"template":"","meta":{"_uag_custom_page_level_css":""},"product_brand":[],"product_cat":[207],"product_tag":[],"class_list":{"0":"post-2864","1":"product","2":"type-product","3":"status-publish","4":"has-post-thumbnail","6":"product_cat-orebro-hundkapplopning","7":"has-post-title","8":"has-post-date","9":"has-post-category","10":"has-post-tag","11":"has-post-comment","12":"has-post-author","13":"","15":"first","16":"instock","17":"taxable","18":"shipping-taxable","19":"purchasable","20":"product-type-variable"},"uagb_featured_image_src":{"full":["https:\/\/nehstore.com\/klubb\/wp-content\/uploads\/2024\/09\/Orebro-hunkapp-produkter_Rityta-1-04.jpg",850,850,false],"thumbnail":["https:\/\/nehstore.com\/klubb\/wp-content\/uploads\/2024\/09\/Orebro-hunkapp-produkter_Rityta-1-04-150x150.jpg",150,150,true],"medium":["https:\/\/nehstore.com\/klubb\/wp-content\/uploads\/2024\/09\/Orebro-hunkapp-produkter_Rityta-1-04-300x300.jpg",300,300,true],"medium_large":["https:\/\/nehstore.com\/klubb\/wp-content\/uploads\/2024\/09\/Orebro-hunkapp-produkter_Rityta-1-04-768x768.jpg",768,768,true],"large":["https:\/\/nehstore.com\/klubb\/wp-content\/uploads\/2024\/09\/Orebro-hunkapp-produkter_Rityta-1-04.jpg",850,850,false],"RoboGalleryMansoryImagesCenter":["https:\/\/nehstore.com\/klubb\/wp-content\/uploads\/2024\/09\/Orebro-hunkapp-produkter_Rityta-1-04-600x850.jpg",600,850,true],"RoboGalleryPreload":["https:\/\/nehstore.com\/klubb\/wp-content\/uploads\/2024\/09\/Orebro-hunkapp-produkter_Rityta-1-04.jpg",100,100,false],"1536x1536":["https:\/\/nehstore.com\/klubb\/wp-content\/uploads\/2024\/09\/Orebro-hunkapp-produkter_Rityta-1-04.jpg",850,850,false],"2048x2048":["https:\/\/nehstore.com\/klubb\/wp-content\/uploads\/2024\/09\/Orebro-hunkapp-produkter_Rityta-1-04.jpg",850,850,false],"woocommerce_thumbnail":["https:\/\/nehstore.com\/klubb\/wp-content\/uploads\/2024\/09\/Orebro-hunkapp-produkter_Rityta-1-04-300x300.jpg",300,300,true],"woocommerce_single":["https:\/\/nehstore.com\/klubb\/wp-content\/uploads\/2024\/09\/Orebro-hunkapp-produkter_Rityta-1-04-600x600.jpg",600,600,true],"woocommerce_gallery_thumbnail":["https:\/\/nehstore.com\/klubb\/wp-content\/uploads\/2024\/09\/Orebro-hunkapp-produkter_Rityta-1-04-100x100.jpg",100,100,true]},"uagb_author_info":{"display_name":"neh-nehstore2","author_link":"https:\/\/nehstore.com\/klubb\/author\/"},"uagb_comment_info":0,"uagb_excerpt":"Tryck p\u00e5 br\u00f6st &amp; rygg En funktionell, l\u00e5ng\u00e4rmad tr\u00e4ningstr\u00f6ja. Plagget \u00e4r gjort av \u00e5tervunnen polyester som ger effektiv fukttransport och har dessutom h\u00f6g elasticitet och ergonomisk design f\u00f6r optimal passform och bra r\u00f6relsefrihet. Tr\u00f6jan har \u00e4ven dragkedja i halsen. Regular fit. \u2022 \u00c5tervunnen polyester \u2022 Mycket elastiskt material \u2022 Dragkedja i halsen F\u00f6r\u00e4dling: Tryckt logga&hellip;","builder_content":"","_links":{"self":[{"href":"https:\/\/nehstore.com\/klubb\/wp-json\/wp\/v2\/product\/2864","targetHints":{"allow":["GET"]}}],"collection":[{"href":"https:\/\/nehstore.com\/klubb\/wp-json\/wp\/v2\/product"}],"about":[{"href":"https:\/\/nehstore.com\/klubb\/wp-json\/wp\/v2\/types\/product"}],"wp:featuredmedia":[{"embeddable":true,"href":"https:\/\/nehstore.com\/klubb\/wp-json\/wp\/v2\/media\/2859"}],"wp:attachment":[{"href":"https:\/\/nehstore.com\/klubb\/wp-json\/wp\/v2\/media?parent=2864"}],"wp:term":[{"taxonomy":"product_brand","embeddable":true,"href":"https:\/\/nehstore.com\/klubb\/wp-json\/wp\/v2\/product_brand?post=2864"},{"taxonomy":"product_cat","embeddable":true,"href":"https:\/\/nehstore.com\/klubb\/wp-json\/wp\/v2\/product_cat?post=2864"},{"taxonomy":"product_tag","embeddable":true,"href":"https:\/\/nehstore.com\/klubb\/wp-json\/wp\/v2\/product_tag?post=2864"}],"curies":[{"name":"wp","href":"https:\/\/api.w.org\/{rel}","templated":true}]}}