{"id":2868,"date":"2024-09-11T12:26:11","date_gmt":"2024-09-11T12:26:11","guid":{"rendered":"https:\/\/nehstore.com\/klubb\/?post_type=product&#038;p=2868"},"modified":"2024-09-23T11:23:49","modified_gmt":"2024-09-23T11:23:49","slug":"fleecetroja-dam-kopia","status":"publish","type":"product","link":"https:\/\/nehstore.com\/klubb\/produkt\/fleecetroja-dam-kopia\/","title":{"rendered":"Fleecetr\u00f6ja Dam, \u00d6HK"},"content":{"rendered":"<!--themify_builder_content-->\n<div id=\"themify_builder_content-2868\" data-postid=\"2868\" class=\"themify_builder_content themify_builder_content-2868 themify_builder tf_clear\">\n    <\/div>\n<!--\/themify_builder_content-->\n","protected":false},"excerpt":{"rendered":"<p>Microfleece jacka med tv\u00e5 sidofickor med dragkedja samt tv\u00e5 innerfickor. SBS dragkedjor.<\/p>\n<div>\n<div><strong>F\u00f6r\u00e4dling: <\/strong>Broderad logga v\u00e4nster br\u00f6st &amp; rygg<strong><br \/>\n<\/strong><\/div>\n<div class=\"Text-sc-s31epd-0 iOMnrj d-inline f3-700 mr-1\"><strong>Material:<\/strong> 100% polyester, antipilling behandlad microfleece<\/div>\n<div>\n<div>\n<div class=\"Text-sc-s31epd-0 iovWTc d-inline f3-700 mr-1\"><strong>Vikt<\/strong>: 190 g\/m2<\/div>\n<\/div>\n<\/div>\n<\/div>\n","protected":false},"featured_media":2856,"template":"","meta":{"_uag_custom_page_level_css":""},"product_brand":[],"product_cat":[207],"product_tag":[],"class_list":{"0":"post-2868","1":"product","2":"type-product","3":"status-publish","4":"has-post-thumbnail","6":"product_cat-orebro-hundkapplopning","7":"has-post-title","8":"has-post-date","9":"has-post-category","10":"has-post-tag","11":"has-post-comment","12":"has-post-author","13":"","15":"first","16":"instock","17":"taxable","18":"shipping-taxable","19":"purchasable","20":"product-type-variable"},"uagb_featured_image_src":{"full":["https:\/\/nehstore.com\/klubb\/wp-content\/uploads\/2024\/09\/Orebro-hunkapp-produkter_Rityta-1-05.jpg",850,850,false],"thumbnail":["https:\/\/nehstore.com\/klubb\/wp-content\/uploads\/2024\/09\/Orebro-hunkapp-produkter_Rityta-1-05-150x150.jpg",150,150,true],"medium":["https:\/\/nehstore.com\/klubb\/wp-content\/uploads\/2024\/09\/Orebro-hunkapp-produkter_Rityta-1-05-300x300.jpg",300,300,true],"medium_large":["https:\/\/nehstore.com\/klubb\/wp-content\/uploads\/2024\/09\/Orebro-hunkapp-produkter_Rityta-1-05-768x768.jpg",768,768,true],"large":["https:\/\/nehstore.com\/klubb\/wp-content\/uploads\/2024\/09\/Orebro-hunkapp-produkter_Rityta-1-05.jpg",850,850,false],"RoboGalleryMansoryImagesCenter":["https:\/\/nehstore.com\/klubb\/wp-content\/uploads\/2024\/09\/Orebro-hunkapp-produkter_Rityta-1-05-600x850.jpg",600,850,true],"RoboGalleryPreload":["https:\/\/nehstore.com\/klubb\/wp-content\/uploads\/2024\/09\/Orebro-hunkapp-produkter_Rityta-1-05.jpg",100,100,false],"1536x1536":["https:\/\/nehstore.com\/klubb\/wp-content\/uploads\/2024\/09\/Orebro-hunkapp-produkter_Rityta-1-05.jpg",850,850,false],"2048x2048":["https:\/\/nehstore.com\/klubb\/wp-content\/uploads\/2024\/09\/Orebro-hunkapp-produkter_Rityta-1-05.jpg",850,850,false],"woocommerce_thumbnail":["https:\/\/nehstore.com\/klubb\/wp-content\/uploads\/2024\/09\/Orebro-hunkapp-produkter_Rityta-1-05-300x300.jpg",300,300,true],"woocommerce_single":["https:\/\/nehstore.com\/klubb\/wp-content\/uploads\/2024\/09\/Orebro-hunkapp-produkter_Rityta-1-05-600x600.jpg",600,600,true],"woocommerce_gallery_thumbnail":["https:\/\/nehstore.com\/klubb\/wp-content\/uploads\/2024\/09\/Orebro-hunkapp-produkter_Rityta-1-05-100x100.jpg",100,100,true]},"uagb_author_info":{"display_name":"neh-nehstore2","author_link":"https:\/\/nehstore.com\/klubb\/author\/"},"uagb_comment_info":0,"uagb_excerpt":"Microfleece jacka med tv\u00e5 sidofickor med dragkedja samt tv\u00e5 innerfickor. SBS dragkedjor. F\u00f6r\u00e4dling: Broderad logga v\u00e4nster br\u00f6st &amp; rygg Material: 100% polyester, antipilling behandlad microfleece Vikt: 190 g\/m2","builder_content":"","_links":{"self":[{"href":"https:\/\/nehstore.com\/klubb\/wp-json\/wp\/v2\/product\/2868","targetHints":{"allow":["GET"]}}],"collection":[{"href":"https:\/\/nehstore.com\/klubb\/wp-json\/wp\/v2\/product"}],"about":[{"href":"https:\/\/nehstore.com\/klubb\/wp-json\/wp\/v2\/types\/product"}],"wp:featuredmedia":[{"embeddable":true,"href":"https:\/\/nehstore.com\/klubb\/wp-json\/wp\/v2\/media\/2856"}],"wp:attachment":[{"href":"https:\/\/nehstore.com\/klubb\/wp-json\/wp\/v2\/media?parent=2868"}],"wp:term":[{"taxonomy":"product_brand","embeddable":true,"href":"https:\/\/nehstore.com\/klubb\/wp-json\/wp\/v2\/product_brand?post=2868"},{"taxonomy":"product_cat","embeddable":true,"href":"https:\/\/nehstore.com\/klubb\/wp-json\/wp\/v2\/product_cat?post=2868"},{"taxonomy":"product_tag","embeddable":true,"href":"https:\/\/nehstore.com\/klubb\/wp-json\/wp\/v2\/product_tag?post=2868"}],"curies":[{"name":"wp","href":"https:\/\/api.w.org\/{rel}","templated":true}]}}