{"id":2906,"date":"2024-09-11T12:35:34","date_gmt":"2024-09-11T12:35:34","guid":{"rendered":"https:\/\/nehstore.com\/klubb\/?post_type=product&#038;p=2906"},"modified":"2024-09-11T13:46:03","modified_gmt":"2024-09-11T13:46:03","slug":"tackbyxa-funktion-dam-kopia","status":"publish","type":"product","link":"https:\/\/nehstore.com\/klubb\/produkt\/tackbyxa-funktion-dam-kopia\/","title":{"rendered":"T\u00e4ckbyxa Funktion Dam, \u00d6HK"},"content":{"rendered":"<!--themify_builder_content-->\n<div id=\"themify_builder_content-2906\" data-postid=\"2906\" class=\"themify_builder_content themify_builder_content-2906 themify_builder tf_clear\">\n    <\/div>\n<!--\/themify_builder_content-->\n","protected":false},"excerpt":{"rendered":"<p>Fodrade byxor som h\u00e5ller dig varm och sk\u00f6n.<\/p>\n<div>\n<div><strong>F\u00f6r\u00e4dling: <\/strong>Tryckt logga<strong><br \/>\n<\/strong><\/div>\n<div class=\"Text-sc-s31epd-0 iOMnrj d-inline f3-700 mr-1\"><strong>Material: <\/strong>Shell: 100% polyester 240 Twith Taflon finishing. Lining: 100% polyester 190T tafata. Padding: 100% polyester 80G.<\/div>\n<\/div>\n","protected":false},"featured_media":2838,"template":"","meta":{"_uag_custom_page_level_css":""},"product_brand":[],"product_cat":[207],"product_tag":[189],"class_list":{"0":"post-2906","1":"product","2":"type-product","3":"status-publish","4":"has-post-thumbnail","6":"product_cat-orebro-hundkapplopning","7":"product_tag-ingenstorleksguide","8":"has-post-title","9":"has-post-date","10":"has-post-category","11":"has-post-tag","12":"has-post-comment","13":"has-post-author","14":"","16":"first","17":"instock","18":"taxable","19":"shipping-taxable","20":"purchasable","21":"product-type-variable"},"uagb_featured_image_src":{"full":["https:\/\/nehstore.com\/klubb\/wp-content\/uploads\/2024\/09\/Orebro-hunkapp-produkter_Rityta-1-25.jpg",850,850,false],"thumbnail":["https:\/\/nehstore.com\/klubb\/wp-content\/uploads\/2024\/09\/Orebro-hunkapp-produkter_Rityta-1-25-150x150.jpg",150,150,true],"medium":["https:\/\/nehstore.com\/klubb\/wp-content\/uploads\/2024\/09\/Orebro-hunkapp-produkter_Rityta-1-25-300x300.jpg",300,300,true],"medium_large":["https:\/\/nehstore.com\/klubb\/wp-content\/uploads\/2024\/09\/Orebro-hunkapp-produkter_Rityta-1-25-768x768.jpg",768,768,true],"large":["https:\/\/nehstore.com\/klubb\/wp-content\/uploads\/2024\/09\/Orebro-hunkapp-produkter_Rityta-1-25.jpg",850,850,false],"RoboGalleryMansoryImagesCenter":["https:\/\/nehstore.com\/klubb\/wp-content\/uploads\/2024\/09\/Orebro-hunkapp-produkter_Rityta-1-25-600x850.jpg",600,850,true],"RoboGalleryPreload":["https:\/\/nehstore.com\/klubb\/wp-content\/uploads\/2024\/09\/Orebro-hunkapp-produkter_Rityta-1-25.jpg",100,100,false],"1536x1536":["https:\/\/nehstore.com\/klubb\/wp-content\/uploads\/2024\/09\/Orebro-hunkapp-produkter_Rityta-1-25.jpg",850,850,false],"2048x2048":["https:\/\/nehstore.com\/klubb\/wp-content\/uploads\/2024\/09\/Orebro-hunkapp-produkter_Rityta-1-25.jpg",850,850,false],"woocommerce_thumbnail":["https:\/\/nehstore.com\/klubb\/wp-content\/uploads\/2024\/09\/Orebro-hunkapp-produkter_Rityta-1-25-300x300.jpg",300,300,true],"woocommerce_single":["https:\/\/nehstore.com\/klubb\/wp-content\/uploads\/2024\/09\/Orebro-hunkapp-produkter_Rityta-1-25-600x600.jpg",600,600,true],"woocommerce_gallery_thumbnail":["https:\/\/nehstore.com\/klubb\/wp-content\/uploads\/2024\/09\/Orebro-hunkapp-produkter_Rityta-1-25-100x100.jpg",100,100,true]},"uagb_author_info":{"display_name":"neh-nehstore2","author_link":"https:\/\/nehstore.com\/klubb\/author\/"},"uagb_comment_info":0,"uagb_excerpt":"Fodrade byxor som h\u00e5ller dig varm och sk\u00f6n. F\u00f6r\u00e4dling: Tryckt logga Material: Shell: 100% polyester 240 Twith Taflon finishing. Lining: 100% polyester 190T tafata. Padding: 100% polyester 80G.","builder_content":"","_links":{"self":[{"href":"https:\/\/nehstore.com\/klubb\/wp-json\/wp\/v2\/product\/2906","targetHints":{"allow":["GET"]}}],"collection":[{"href":"https:\/\/nehstore.com\/klubb\/wp-json\/wp\/v2\/product"}],"about":[{"href":"https:\/\/nehstore.com\/klubb\/wp-json\/wp\/v2\/types\/product"}],"wp:featuredmedia":[{"embeddable":true,"href":"https:\/\/nehstore.com\/klubb\/wp-json\/wp\/v2\/media\/2838"}],"wp:attachment":[{"href":"https:\/\/nehstore.com\/klubb\/wp-json\/wp\/v2\/media?parent=2906"}],"wp:term":[{"taxonomy":"product_brand","embeddable":true,"href":"https:\/\/nehstore.com\/klubb\/wp-json\/wp\/v2\/product_brand?post=2906"},{"taxonomy":"product_cat","embeddable":true,"href":"https:\/\/nehstore.com\/klubb\/wp-json\/wp\/v2\/product_cat?post=2906"},{"taxonomy":"product_tag","embeddable":true,"href":"https:\/\/nehstore.com\/klubb\/wp-json\/wp\/v2\/product_tag?post=2906"}],"curies":[{"name":"wp","href":"https:\/\/api.w.org\/{rel}","templated":true}]}}