{"id":3036,"date":"2024-10-02T12:29:29","date_gmt":"2024-10-02T12:29:29","guid":{"rendered":"https:\/\/nehstore.com\/klubb\/?post_type=product&#038;p=3036"},"modified":"2024-10-02T14:40:21","modified_gmt":"2024-10-02T14:40:21","slug":"t-shirt-ls-bomull-herr-krf","status":"publish","type":"product","link":"https:\/\/nehstore.com\/klubb\/produkt\/t-shirt-ls-bomull-herr-krf\/","title":{"rendered":"T-shirt LS Bomull Herr, KRF"},"content":{"rendered":"<!--themify_builder_content-->\n<div id=\"themify_builder_content-3036\" data-postid=\"3036\" class=\"themify_builder_content themify_builder_content-3036 themify_builder tf_clear\">\n    <\/div>\n<!--\/themify_builder_content-->\n","protected":false},"excerpt":{"rendered":"<p>L\u00e5ng\u00e4rmad t-shirt. Passformen \u00e4r modern och n\u00e5got smalare. Den ribbade halsen har elastan samt kantband baktill.<\/p>\n<div>\n<div><strong>F\u00f6r\u00e4dling: <\/strong>Tryckt logga<\/div>\n<div class=\"Text-sc-s31epd-0 iOMnrj d-inline f3-700 mr-1\"><strong>Material:<\/strong> 100% bomull<\/div>\n<div>\n<div>\n<div class=\"Text-sc-s31epd-0 iOMnrj d-inline f3-700 mr-1\"><strong>Vikt:<\/strong> 145 g\/m2<\/div>\n<\/div>\n<\/div>\n<\/div>\n","protected":false},"featured_media":2989,"template":"","meta":{"_uag_custom_page_level_css":""},"product_brand":[],"product_cat":[210],"product_tag":[],"class_list":{"0":"post-3036","1":"product","2":"type-product","3":"status-publish","4":"has-post-thumbnail","6":"product_cat-kils-ryttarforening","7":"has-post-title","8":"has-post-date","9":"has-post-category","10":"has-post-tag","11":"has-post-comment","12":"has-post-author","13":"","15":"first","16":"instock","17":"taxable","18":"shipping-taxable","19":"purchasable","20":"product-type-variable"},"uagb_featured_image_src":{"full":["https:\/\/nehstore.com\/klubb\/wp-content\/uploads\/2024\/10\/produkter-i-shop-3_Rityta-1-22.jpg",1772,1772,false],"thumbnail":["https:\/\/nehstore.com\/klubb\/wp-content\/uploads\/2024\/10\/produkter-i-shop-3_Rityta-1-22-150x150.jpg",150,150,true],"medium":["https:\/\/nehstore.com\/klubb\/wp-content\/uploads\/2024\/10\/produkter-i-shop-3_Rityta-1-22-300x300.jpg",300,300,true],"medium_large":["https:\/\/nehstore.com\/klubb\/wp-content\/uploads\/2024\/10\/produkter-i-shop-3_Rityta-1-22-768x768.jpg",768,768,true],"large":["https:\/\/nehstore.com\/klubb\/wp-content\/uploads\/2024\/10\/produkter-i-shop-3_Rityta-1-22-1024x1024.jpg",1024,1024,true],"RoboGalleryMansoryImagesCenter":["https:\/\/nehstore.com\/klubb\/wp-content\/uploads\/2024\/10\/produkter-i-shop-3_Rityta-1-22-600x1024.jpg",600,1024,true],"RoboGalleryPreload":["https:\/\/nehstore.com\/klubb\/wp-content\/uploads\/2024\/10\/produkter-i-shop-3_Rityta-1-22.jpg",100,100,false],"1536x1536":["https:\/\/nehstore.com\/klubb\/wp-content\/uploads\/2024\/10\/produkter-i-shop-3_Rityta-1-22-1536x1536.jpg",1536,1536,true],"2048x2048":["https:\/\/nehstore.com\/klubb\/wp-content\/uploads\/2024\/10\/produkter-i-shop-3_Rityta-1-22.jpg",1772,1772,false],"woocommerce_thumbnail":["https:\/\/nehstore.com\/klubb\/wp-content\/uploads\/2024\/10\/produkter-i-shop-3_Rityta-1-22-300x300.jpg",300,300,true],"woocommerce_single":["https:\/\/nehstore.com\/klubb\/wp-content\/uploads\/2024\/10\/produkter-i-shop-3_Rityta-1-22-600x600-600x600.jpg",600,600,true],"woocommerce_gallery_thumbnail":["https:\/\/nehstore.com\/klubb\/wp-content\/uploads\/2024\/10\/produkter-i-shop-3_Rityta-1-22-100x100.jpg",100,100,true]},"uagb_author_info":{"display_name":"neh-nehstore2","author_link":"https:\/\/nehstore.com\/klubb\/author\/"},"uagb_comment_info":0,"uagb_excerpt":"L\u00e5ng\u00e4rmad t-shirt. Passformen \u00e4r modern och n\u00e5got smalare. Den ribbade halsen har elastan samt kantband baktill. F\u00f6r\u00e4dling: Tryckt logga Material: 100% bomull Vikt: 145 g\/m2","builder_content":"","_links":{"self":[{"href":"https:\/\/nehstore.com\/klubb\/wp-json\/wp\/v2\/product\/3036","targetHints":{"allow":["GET"]}}],"collection":[{"href":"https:\/\/nehstore.com\/klubb\/wp-json\/wp\/v2\/product"}],"about":[{"href":"https:\/\/nehstore.com\/klubb\/wp-json\/wp\/v2\/types\/product"}],"wp:featuredmedia":[{"embeddable":true,"href":"https:\/\/nehstore.com\/klubb\/wp-json\/wp\/v2\/media\/2989"}],"wp:attachment":[{"href":"https:\/\/nehstore.com\/klubb\/wp-json\/wp\/v2\/media?parent=3036"}],"wp:term":[{"taxonomy":"product_brand","embeddable":true,"href":"https:\/\/nehstore.com\/klubb\/wp-json\/wp\/v2\/product_brand?post=3036"},{"taxonomy":"product_cat","embeddable":true,"href":"https:\/\/nehstore.com\/klubb\/wp-json\/wp\/v2\/product_cat?post=3036"},{"taxonomy":"product_tag","embeddable":true,"href":"https:\/\/nehstore.com\/klubb\/wp-json\/wp\/v2\/product_tag?post=3036"}],"curies":[{"name":"wp","href":"https:\/\/api.w.org\/{rel}","templated":true}]}}