{"id":3682,"date":"2025-01-16T08:28:22","date_gmt":"2025-01-16T08:28:22","guid":{"rendered":"https:\/\/nehstore.com\/klubb\/?post_type=product&#038;p=3682"},"modified":"2025-05-19T12:20:18","modified_gmt":"2025-05-19T12:20:18","slug":"ryggsack-basic-team-one","status":"publish","type":"product","link":"https:\/\/nehstore.com\/klubb\/produkt\/ryggsack-basic-team-one\/","title":{"rendered":"Ryggs\u00e4ck Basic, Team One"},"content":{"rendered":"<!--themify_builder_content-->\n<div id=\"themify_builder_content-3682\" data-postid=\"3682\" class=\"themify_builder_content themify_builder_content-3682 themify_builder tf_clear\">\n    <\/div>\n<!--\/themify_builder_content-->\n","protected":false},"excerpt":{"rendered":"<p>En enkel tv\u00e5f\u00e4rgad l\u00e4tt sportryggs\u00e4ck i non woven material. Justerbara axelband och dragkedja. Zippuller.<\/p>\n<div id=\"react-tabs-761\" class=\"ProductTabs__StyledTabPanel-sc-uf201h-4 IQaaw react-tabs__tab-panel--selected\" role=\"tabpanel\" aria-labelledby=\"react-tabs-760\">\n<div id=\"react-tabs-801\" class=\"ProductTabs__StyledTabPanel-sc-uf201h-4 IQaaw react-tabs__tab-panel--selected\" role=\"tabpanel\" aria-labelledby=\"react-tabs-800\">\n<div>\n<div class=\"Text-sc-s31epd-0 iovWTc d-inline f3-700 mr-1\"><strong>F\u00f6r\u00e4dling: <\/strong>Tryckt logga<strong><br \/>\nMaterial<\/strong>: Non woven 95g och 600D polyester<\/div>\n<\/div>\n<div>\n<div class=\"Text-sc-s31epd-0 iovWTc d-inline f3-700 mr-1\"><strong>M\u00e5tt<\/strong>: 29x18x42cm, ca 21 l<\/div>\n<\/div>\n<\/div>\n<\/div>\n","protected":false},"featured_media":3671,"template":"","meta":{"_uag_custom_page_level_css":""},"product_brand":[],"product_cat":[245],"product_tag":[],"class_list":{"0":"post-3682","1":"product","2":"type-product","3":"status-publish","4":"has-post-thumbnail","6":"product_cat-team-one-taekwondo","7":"has-post-title","8":"has-post-date","9":"has-post-category","10":"has-post-tag","11":"has-post-comment","12":"has-post-author","13":"","15":"first","16":"instock","17":"taxable","18":"shipping-taxable","19":"purchasable","20":"product-type-variable"},"uagb_featured_image_src":{"full":["https:\/\/nehstore.com\/klubb\/wp-content\/uploads\/2025\/01\/Produkter-forslag-team-one_Rityta-1-15.jpg",850,850,false],"thumbnail":["https:\/\/nehstore.com\/klubb\/wp-content\/uploads\/2025\/01\/Produkter-forslag-team-one_Rityta-1-15-150x150.jpg",150,150,true],"medium":["https:\/\/nehstore.com\/klubb\/wp-content\/uploads\/2025\/01\/Produkter-forslag-team-one_Rityta-1-15-300x300.jpg",300,300,true],"medium_large":["https:\/\/nehstore.com\/klubb\/wp-content\/uploads\/2025\/01\/Produkter-forslag-team-one_Rityta-1-15-768x768.jpg",768,768,true],"large":["https:\/\/nehstore.com\/klubb\/wp-content\/uploads\/2025\/01\/Produkter-forslag-team-one_Rityta-1-15.jpg",850,850,false],"RoboGalleryMansoryImagesCenter":["https:\/\/nehstore.com\/klubb\/wp-content\/uploads\/2025\/01\/Produkter-forslag-team-one_Rityta-1-15-600x850.jpg",600,850,true],"RoboGalleryPreload":["https:\/\/nehstore.com\/klubb\/wp-content\/uploads\/2025\/01\/Produkter-forslag-team-one_Rityta-1-15.jpg",100,100,false],"1536x1536":["https:\/\/nehstore.com\/klubb\/wp-content\/uploads\/2025\/01\/Produkter-forslag-team-one_Rityta-1-15.jpg",850,850,false],"2048x2048":["https:\/\/nehstore.com\/klubb\/wp-content\/uploads\/2025\/01\/Produkter-forslag-team-one_Rityta-1-15.jpg",850,850,false],"woocommerce_thumbnail":["https:\/\/nehstore.com\/klubb\/wp-content\/uploads\/2025\/01\/Produkter-forslag-team-one_Rityta-1-15-300x300.jpg",300,300,true],"woocommerce_single":["https:\/\/nehstore.com\/klubb\/wp-content\/uploads\/2025\/01\/Produkter-forslag-team-one_Rityta-1-15-600x600.jpg",600,600,true],"woocommerce_gallery_thumbnail":["https:\/\/nehstore.com\/klubb\/wp-content\/uploads\/2025\/01\/Produkter-forslag-team-one_Rityta-1-15-100x100.jpg",100,100,true]},"uagb_author_info":{"display_name":"neh-nehstore2","author_link":"https:\/\/nehstore.com\/klubb\/author\/"},"uagb_comment_info":0,"uagb_excerpt":"En enkel tv\u00e5f\u00e4rgad l\u00e4tt sportryggs\u00e4ck i non woven material. Justerbara axelband och dragkedja. Zippuller. F\u00f6r\u00e4dling: Tryckt logga Material: Non woven 95g och 600D polyester M\u00e5tt: 29x18x42cm, ca 21 l","builder_content":"","_links":{"self":[{"href":"https:\/\/nehstore.com\/klubb\/wp-json\/wp\/v2\/product\/3682","targetHints":{"allow":["GET"]}}],"collection":[{"href":"https:\/\/nehstore.com\/klubb\/wp-json\/wp\/v2\/product"}],"about":[{"href":"https:\/\/nehstore.com\/klubb\/wp-json\/wp\/v2\/types\/product"}],"wp:featuredmedia":[{"embeddable":true,"href":"https:\/\/nehstore.com\/klubb\/wp-json\/wp\/v2\/media\/3671"}],"wp:attachment":[{"href":"https:\/\/nehstore.com\/klubb\/wp-json\/wp\/v2\/media?parent=3682"}],"wp:term":[{"taxonomy":"product_brand","embeddable":true,"href":"https:\/\/nehstore.com\/klubb\/wp-json\/wp\/v2\/product_brand?post=3682"},{"taxonomy":"product_cat","embeddable":true,"href":"https:\/\/nehstore.com\/klubb\/wp-json\/wp\/v2\/product_cat?post=3682"},{"taxonomy":"product_tag","embeddable":true,"href":"https:\/\/nehstore.com\/klubb\/wp-json\/wp\/v2\/product_tag?post=3682"}],"curies":[{"name":"wp","href":"https:\/\/api.w.org\/{rel}","templated":true}]}}