{"id":3684,"date":"2025-01-16T08:28:22","date_gmt":"2025-01-16T08:28:22","guid":{"rendered":"https:\/\/nehstore.com\/klubb\/?post_type=product&#038;p=3684"},"modified":"2025-05-19T12:16:38","modified_gmt":"2025-05-19T12:16:38","slug":"ryggsack-sport-team-one","status":"publish","type":"product","link":"https:\/\/nehstore.com\/klubb\/produkt\/ryggsack-sport-team-one\/","title":{"rendered":"Ryggs\u00e4ck Sport, Team One"},"content":{"rendered":"<!--themify_builder_content-->\n<div id=\"themify_builder_content-3684\" data-postid=\"3684\" class=\"themify_builder_content themify_builder_content-3684 themify_builder tf_clear\">\n    <\/div>\n<!--\/themify_builder_content-->\n","protected":false},"excerpt":{"rendered":"<p>Sportbetonad ryggs\u00e4ck med plats f\u00f6r de viktigaste prylarna. Reglerbara remmar p\u00e5 vardera sida, reflexpiping p\u00e5 utsidan. Ficka med synlig dragkedja fram. Rej\u00e4lt handtag i gummimaterial. Flera innerfickor med plats f\u00f6r sm\u00e5saker och mobiltelefon. Vadderade baksida f\u00f6r sk\u00f6n komfort mot ryggen. Reglerbara och vadderade b\u00e4rremmar.<\/p>\n<div id=\"react-tabs-761\" class=\"ProductTabs__StyledTabPanel-sc-uf201h-4 IQaaw react-tabs__tab-panel--selected\" role=\"tabpanel\" aria-labelledby=\"react-tabs-760\">\n<div id=\"react-tabs-801\" class=\"ProductTabs__StyledTabPanel-sc-uf201h-4 IQaaw react-tabs__tab-panel--selected\" role=\"tabpanel\" aria-labelledby=\"react-tabs-800\">\n<div>\n<div class=\"Text-sc-s31epd-0 iovWTc d-inline f3-700 mr-1\"><strong>F\u00f6r\u00e4dling: <\/strong>Tryckt logga<strong><br \/>\nMaterial<\/strong>: 600D polyester med PVC-bel\u00e4ggning<\/div>\n<\/div>\n<div>\n<div class=\"Text-sc-s31epd-0 iovWTc d-inline f3-700 mr-1\"><strong>M\u00e5tt<\/strong>: 46x28x13 cm<\/div>\n<\/div>\n<\/div>\n<\/div>\n","protected":false},"featured_media":3673,"template":"","meta":{"_uag_custom_page_level_css":""},"product_brand":[],"product_cat":[245],"product_tag":[],"class_list":{"0":"post-3684","1":"product","2":"type-product","3":"status-publish","4":"has-post-thumbnail","6":"product_cat-team-one-taekwondo","7":"has-post-title","8":"has-post-date","9":"has-post-category","10":"has-post-tag","11":"has-post-comment","12":"has-post-author","13":"","15":"first","16":"instock","17":"taxable","18":"shipping-taxable","19":"purchasable","20":"product-type-variable"},"uagb_featured_image_src":{"full":["https:\/\/nehstore.com\/klubb\/wp-content\/uploads\/2025\/01\/Produkter-forslag-team-one_Rityta-1-17.jpg",850,850,false],"thumbnail":["https:\/\/nehstore.com\/klubb\/wp-content\/uploads\/2025\/01\/Produkter-forslag-team-one_Rityta-1-17-150x150.jpg",150,150,true],"medium":["https:\/\/nehstore.com\/klubb\/wp-content\/uploads\/2025\/01\/Produkter-forslag-team-one_Rityta-1-17-300x300.jpg",300,300,true],"medium_large":["https:\/\/nehstore.com\/klubb\/wp-content\/uploads\/2025\/01\/Produkter-forslag-team-one_Rityta-1-17-768x768.jpg",768,768,true],"large":["https:\/\/nehstore.com\/klubb\/wp-content\/uploads\/2025\/01\/Produkter-forslag-team-one_Rityta-1-17.jpg",850,850,false],"RoboGalleryMansoryImagesCenter":["https:\/\/nehstore.com\/klubb\/wp-content\/uploads\/2025\/01\/Produkter-forslag-team-one_Rityta-1-17-600x850.jpg",600,850,true],"RoboGalleryPreload":["https:\/\/nehstore.com\/klubb\/wp-content\/uploads\/2025\/01\/Produkter-forslag-team-one_Rityta-1-17.jpg",100,100,false],"1536x1536":["https:\/\/nehstore.com\/klubb\/wp-content\/uploads\/2025\/01\/Produkter-forslag-team-one_Rityta-1-17.jpg",850,850,false],"2048x2048":["https:\/\/nehstore.com\/klubb\/wp-content\/uploads\/2025\/01\/Produkter-forslag-team-one_Rityta-1-17.jpg",850,850,false],"woocommerce_thumbnail":["https:\/\/nehstore.com\/klubb\/wp-content\/uploads\/2025\/01\/Produkter-forslag-team-one_Rityta-1-17-300x300.jpg",300,300,true],"woocommerce_single":["https:\/\/nehstore.com\/klubb\/wp-content\/uploads\/2025\/01\/Produkter-forslag-team-one_Rityta-1-17-600x600.jpg",600,600,true],"woocommerce_gallery_thumbnail":["https:\/\/nehstore.com\/klubb\/wp-content\/uploads\/2025\/01\/Produkter-forslag-team-one_Rityta-1-17-100x100.jpg",100,100,true]},"uagb_author_info":{"display_name":"neh-nehstore2","author_link":"https:\/\/nehstore.com\/klubb\/author\/"},"uagb_comment_info":0,"uagb_excerpt":"Sportbetonad ryggs\u00e4ck med plats f\u00f6r de viktigaste prylarna. Reglerbara remmar p\u00e5 vardera sida, reflexpiping p\u00e5 utsidan. Ficka med synlig dragkedja fram. Rej\u00e4lt handtag i gummimaterial. Flera innerfickor med plats f\u00f6r sm\u00e5saker och mobiltelefon. Vadderade baksida f\u00f6r sk\u00f6n komfort mot ryggen. Reglerbara och vadderade b\u00e4rremmar. F\u00f6r\u00e4dling: Tryckt logga Material: 600D polyester med PVC-bel\u00e4ggning M\u00e5tt: 46x28x13 cm","builder_content":"","_links":{"self":[{"href":"https:\/\/nehstore.com\/klubb\/wp-json\/wp\/v2\/product\/3684","targetHints":{"allow":["GET"]}}],"collection":[{"href":"https:\/\/nehstore.com\/klubb\/wp-json\/wp\/v2\/product"}],"about":[{"href":"https:\/\/nehstore.com\/klubb\/wp-json\/wp\/v2\/types\/product"}],"wp:featuredmedia":[{"embeddable":true,"href":"https:\/\/nehstore.com\/klubb\/wp-json\/wp\/v2\/media\/3673"}],"wp:attachment":[{"href":"https:\/\/nehstore.com\/klubb\/wp-json\/wp\/v2\/media?parent=3684"}],"wp:term":[{"taxonomy":"product_brand","embeddable":true,"href":"https:\/\/nehstore.com\/klubb\/wp-json\/wp\/v2\/product_brand?post=3684"},{"taxonomy":"product_cat","embeddable":true,"href":"https:\/\/nehstore.com\/klubb\/wp-json\/wp\/v2\/product_cat?post=3684"},{"taxonomy":"product_tag","embeddable":true,"href":"https:\/\/nehstore.com\/klubb\/wp-json\/wp\/v2\/product_tag?post=3684"}],"curies":[{"name":"wp","href":"https:\/\/api.w.org\/{rel}","templated":true}]}}