{"id":3756,"date":"2025-01-29T14:12:05","date_gmt":"2025-01-29T14:12:05","guid":{"rendered":"https:\/\/nehstore.com\/klubb\/?post_type=product&#038;p=3756"},"modified":"2025-02-12T14:10:38","modified_gmt":"2025-02-12T14:10:38","slug":"ziptroja-unisex-krf","status":"publish","type":"product","link":"https:\/\/nehstore.com\/klubb\/produkt\/ziptroja-unisex-krf\/","title":{"rendered":"Ziptr\u00f6ja Unisex, KRF"},"content":{"rendered":"<p><img loading=\"lazy\" decoding=\"async\" class=\"alignnone wp-image-3759 size-full\" src=\"https:\/\/nehstore.com\/klubb\/wp-content\/uploads\/2025\/01\/Size-Chart-2262058_1-Powerslide_page-0001.jpg\" alt=\"\" width=\"1062\" height=\"588\" srcset=\"https:\/\/nehstore.com\/klubb\/wp-content\/uploads\/2025\/01\/Size-Chart-2262058_1-Powerslide_page-0001.jpg 1062w, https:\/\/nehstore.com\/klubb\/wp-content\/uploads\/2025\/01\/Size-Chart-2262058_1-Powerslide_page-0001-300x166.jpg 300w, https:\/\/nehstore.com\/klubb\/wp-content\/uploads\/2025\/01\/Size-Chart-2262058_1-Powerslide_page-0001-1024x567.jpg 1024w, https:\/\/nehstore.com\/klubb\/wp-content\/uploads\/2025\/01\/Size-Chart-2262058_1-Powerslide_page-0001-768x425.jpg 768w, https:\/\/nehstore.com\/klubb\/wp-content\/uploads\/2025\/01\/Size-Chart-2262058_1-Powerslide_page-0001-600x332.jpg 600w\" sizes=\"auto, (max-width: 1062px) 100vw, 1062px\" \/><\/p>\n<!--themify_builder_content-->\n<div id=\"themify_builder_content-3756\" data-postid=\"3756\" class=\"themify_builder_content themify_builder_content-3756 themify_builder tf_clear\">\n    <\/div>\n<!--\/themify_builder_content-->\n","protected":false},"excerpt":{"rendered":"<p>Unisexjacka i polyesterstretch. Med kontrast i dragkedja och interlocks\u00f6mmar. Spun dyed.<\/p>\n<p>Material:<\/p>\n<p>100% polyester, spun dyed, 280 g\/m\u00b2<\/p>\n<p><i>Observera att tryckets storlek p\u00e5 bilden kan komma att variera beroende p\u00e5 vald tr\u00f6jstorlek.\u00a0<\/i><\/p>\n","protected":false},"featured_media":3758,"template":"","meta":{"_uag_custom_page_level_css":""},"product_brand":[],"product_cat":[210],"product_tag":[],"class_list":{"0":"post-3756","1":"product","2":"type-product","3":"status-publish","4":"has-post-thumbnail","6":"product_cat-kils-ryttarforening","7":"has-post-title","8":"has-post-date","9":"has-post-category","10":"has-post-tag","11":"has-post-comment","12":"has-post-author","13":"","15":"first","16":"instock","17":"sale","18":"taxable","19":"shipping-taxable","20":"purchasable","21":"product-type-variable"},"uagb_featured_image_src":{"full":["https:\/\/nehstore.com\/klubb\/wp-content\/uploads\/2025\/01\/Kilsjan.jpg",850,850,false],"thumbnail":["https:\/\/nehstore.com\/klubb\/wp-content\/uploads\/2025\/01\/Kilsjan-150x150.jpg",150,150,true],"medium":["https:\/\/nehstore.com\/klubb\/wp-content\/uploads\/2025\/01\/Kilsjan-300x300.jpg",300,300,true],"medium_large":["https:\/\/nehstore.com\/klubb\/wp-content\/uploads\/2025\/01\/Kilsjan-768x768.jpg",768,768,true],"large":["https:\/\/nehstore.com\/klubb\/wp-content\/uploads\/2025\/01\/Kilsjan.jpg",850,850,false],"RoboGalleryMansoryImagesCenter":["https:\/\/nehstore.com\/klubb\/wp-content\/uploads\/2025\/01\/Kilsjan-600x850.jpg",600,850,true],"RoboGalleryPreload":["https:\/\/nehstore.com\/klubb\/wp-content\/uploads\/2025\/01\/Kilsjan.jpg",100,100,false],"1536x1536":["https:\/\/nehstore.com\/klubb\/wp-content\/uploads\/2025\/01\/Kilsjan.jpg",850,850,false],"2048x2048":["https:\/\/nehstore.com\/klubb\/wp-content\/uploads\/2025\/01\/Kilsjan.jpg",850,850,false],"woocommerce_thumbnail":["https:\/\/nehstore.com\/klubb\/wp-content\/uploads\/2025\/01\/Kilsjan-300x300.jpg",300,300,true],"woocommerce_single":["https:\/\/nehstore.com\/klubb\/wp-content\/uploads\/2025\/01\/Kilsjan-600x600-600x600.jpg",600,600,true],"woocommerce_gallery_thumbnail":["https:\/\/nehstore.com\/klubb\/wp-content\/uploads\/2025\/01\/Kilsjan-100x100.jpg",100,100,true]},"uagb_author_info":{"display_name":"neh-nehstore2","author_link":"https:\/\/nehstore.com\/klubb\/author\/"},"uagb_comment_info":0,"uagb_excerpt":"Unisexjacka i polyesterstretch. Med kontrast i dragkedja och interlocks\u00f6mmar. Spun dyed. Material: 100% polyester, spun dyed, 280 g\/m\u00b2 Observera att tryckets storlek p\u00e5 bilden kan komma att variera beroende p\u00e5 vald tr\u00f6jstorlek.\u00a0","builder_content":"","_links":{"self":[{"href":"https:\/\/nehstore.com\/klubb\/wp-json\/wp\/v2\/product\/3756","targetHints":{"allow":["GET"]}}],"collection":[{"href":"https:\/\/nehstore.com\/klubb\/wp-json\/wp\/v2\/product"}],"about":[{"href":"https:\/\/nehstore.com\/klubb\/wp-json\/wp\/v2\/types\/product"}],"wp:featuredmedia":[{"embeddable":true,"href":"https:\/\/nehstore.com\/klubb\/wp-json\/wp\/v2\/media\/3758"}],"wp:attachment":[{"href":"https:\/\/nehstore.com\/klubb\/wp-json\/wp\/v2\/media?parent=3756"}],"wp:term":[{"taxonomy":"product_brand","embeddable":true,"href":"https:\/\/nehstore.com\/klubb\/wp-json\/wp\/v2\/product_brand?post=3756"},{"taxonomy":"product_cat","embeddable":true,"href":"https:\/\/nehstore.com\/klubb\/wp-json\/wp\/v2\/product_cat?post=3756"},{"taxonomy":"product_tag","embeddable":true,"href":"https:\/\/nehstore.com\/klubb\/wp-json\/wp\/v2\/product_tag?post=3756"}],"curies":[{"name":"wp","href":"https:\/\/api.w.org\/{rel}","templated":true}]}}