{"id":3797,"date":"2025-02-12T15:32:04","date_gmt":"2025-02-12T15:32:04","guid":{"rendered":"https:\/\/nehstore.com\/klubb\/?post_type=product&#038;p=3797"},"modified":"2025-10-13T08:58:17","modified_gmt":"2025-10-13T08:58:17","slug":"jacka-premium-krf","status":"publish","type":"product","link":"https:\/\/nehstore.com\/klubb\/produkt\/jacka-premium-krf\/","title":{"rendered":"Jacka Premium, KRF"},"content":{"rendered":"<!--themify_builder_content-->\n<div id=\"themify_builder_content-3797\" data-postid=\"3797\" class=\"themify_builder_content themify_builder_content-3797 themify_builder tf_clear\">\n    <\/div>\n<!--\/themify_builder_content-->\n","protected":false},"excerpt":{"rendered":"<p>En varm och l\u00e4tt jacka med dunliknande vaddering. Tillverkad av 100% \u00e5tervunnen polyamid. Avtagbar huva, tre ytterfickor med dragkedjor och tv\u00e5 innerfickor. Elastiskt avslut i nederkant samt \u00e4rmar. Utrustad med f\u00e4rgade zippullers, h\u00f6rlursl\u00f6sning och dragkedja.<\/p>\n<p>Broderad logga<\/p>\n","protected":false},"featured_media":3794,"template":"","meta":{"_uag_custom_page_level_css":""},"product_brand":[],"product_cat":[210],"product_tag":[],"class_list":{"0":"post-3797","1":"product","2":"type-product","3":"status-publish","4":"has-post-thumbnail","6":"product_cat-kils-ryttarforening","7":"has-post-title","8":"has-post-date","9":"has-post-category","10":"has-post-tag","11":"has-post-comment","12":"has-post-author","13":"","15":"first","16":"instock","17":"taxable","18":"shipping-taxable","19":"purchasable","20":"product-type-variable"},"uagb_featured_image_src":{"full":["https:\/\/nehstore.com\/klubb\/wp-content\/uploads\/2025\/02\/Feb-erbjudande-Kils.jpg",850,850,false],"thumbnail":["https:\/\/nehstore.com\/klubb\/wp-content\/uploads\/2025\/02\/Feb-erbjudande-Kils-150x150.jpg",150,150,true],"medium":["https:\/\/nehstore.com\/klubb\/wp-content\/uploads\/2025\/02\/Feb-erbjudande-Kils-300x300.jpg",300,300,true],"medium_large":["https:\/\/nehstore.com\/klubb\/wp-content\/uploads\/2025\/02\/Feb-erbjudande-Kils-768x768.jpg",768,768,true],"large":["https:\/\/nehstore.com\/klubb\/wp-content\/uploads\/2025\/02\/Feb-erbjudande-Kils.jpg",850,850,false],"RoboGalleryMansoryImagesCenter":["https:\/\/nehstore.com\/klubb\/wp-content\/uploads\/2025\/02\/Feb-erbjudande-Kils-600x850.jpg",600,850,true],"RoboGalleryPreload":["https:\/\/nehstore.com\/klubb\/wp-content\/uploads\/2025\/02\/Feb-erbjudande-Kils.jpg",100,100,false],"1536x1536":["https:\/\/nehstore.com\/klubb\/wp-content\/uploads\/2025\/02\/Feb-erbjudande-Kils.jpg",850,850,false],"2048x2048":["https:\/\/nehstore.com\/klubb\/wp-content\/uploads\/2025\/02\/Feb-erbjudande-Kils.jpg",850,850,false],"woocommerce_thumbnail":["https:\/\/nehstore.com\/klubb\/wp-content\/uploads\/2025\/02\/Feb-erbjudande-Kils-300x300.jpg",300,300,true],"woocommerce_single":["https:\/\/nehstore.com\/klubb\/wp-content\/uploads\/2025\/02\/Feb-erbjudande-Kils-600x600-600x600.jpg",600,600,true],"woocommerce_gallery_thumbnail":["https:\/\/nehstore.com\/klubb\/wp-content\/uploads\/2025\/02\/Feb-erbjudande-Kils-100x100.jpg",100,100,true]},"uagb_author_info":{"display_name":"neh-nehstore2","author_link":"https:\/\/nehstore.com\/klubb\/author\/"},"uagb_comment_info":0,"uagb_excerpt":"En varm och l\u00e4tt jacka med dunliknande vaddering. Tillverkad av 100% \u00e5tervunnen polyamid. Avtagbar huva, tre ytterfickor med dragkedjor och tv\u00e5 innerfickor. Elastiskt avslut i nederkant samt \u00e4rmar. Utrustad med f\u00e4rgade zippullers, h\u00f6rlursl\u00f6sning och dragkedja. Broderad logga","builder_content":"","_links":{"self":[{"href":"https:\/\/nehstore.com\/klubb\/wp-json\/wp\/v2\/product\/3797","targetHints":{"allow":["GET"]}}],"collection":[{"href":"https:\/\/nehstore.com\/klubb\/wp-json\/wp\/v2\/product"}],"about":[{"href":"https:\/\/nehstore.com\/klubb\/wp-json\/wp\/v2\/types\/product"}],"wp:featuredmedia":[{"embeddable":true,"href":"https:\/\/nehstore.com\/klubb\/wp-json\/wp\/v2\/media\/3794"}],"wp:attachment":[{"href":"https:\/\/nehstore.com\/klubb\/wp-json\/wp\/v2\/media?parent=3797"}],"wp:term":[{"taxonomy":"product_brand","embeddable":true,"href":"https:\/\/nehstore.com\/klubb\/wp-json\/wp\/v2\/product_brand?post=3797"},{"taxonomy":"product_cat","embeddable":true,"href":"https:\/\/nehstore.com\/klubb\/wp-json\/wp\/v2\/product_cat?post=3797"},{"taxonomy":"product_tag","embeddable":true,"href":"https:\/\/nehstore.com\/klubb\/wp-json\/wp\/v2\/product_tag?post=3797"}],"curies":[{"name":"wp","href":"https:\/\/api.w.org\/{rel}","templated":true}]}}