{"id":4035,"date":"2025-03-21T11:23:15","date_gmt":"2025-03-21T11:23:15","guid":{"rendered":"https:\/\/nehstore.com\/klubb\/?post_type=product&#038;p=4035"},"modified":"2025-04-10T00:07:18","modified_gmt":"2025-04-10T00:07:18","slug":"microfleece-krf","status":"publish","type":"product","link":"https:\/\/nehstore.com\/klubb\/produkt\/microfleece-krf\/","title":{"rendered":"Microfleece, KRF"},"content":{"rendered":"<!--themify_builder_content-->\n<div id=\"themify_builder_content-4035\" data-postid=\"4035\" class=\"themify_builder_content themify_builder_content-4035 themify_builder tf_clear\">\n    <\/div>\n<!--\/themify_builder_content-->\n","protected":false},"excerpt":{"rendered":"<p>Microfleecejacka med dragkedjor i framfickor och \u00f6ppning. Dekorativa flatlocks\u00f6mmar p\u00e5 \u00e4rmar och elastisk tape vid \u00e4rmavslut och i nederkant.<\/p>\n<p>Broderad logga p\u00e5 v\u00e4nster br\u00f6st.<span class=\"Apple-converted-space\">\u00a0<\/span><\/p>\n<p>Notera att barntr\u00f6jan skiljer sig n\u00e5got i utseende, j\u00e4mf\u00f6rt med vuxenmodellen.<\/p>\n","protected":false},"featured_media":4034,"template":"","meta":{"_uag_custom_page_level_css":""},"product_brand":[],"product_cat":[210],"product_tag":[],"class_list":{"0":"post-4035","1":"product","2":"type-product","3":"status-publish","4":"has-post-thumbnail","6":"product_cat-kils-ryttarforening","7":"has-post-title","8":"has-post-date","9":"has-post-category","10":"has-post-tag","11":"has-post-comment","12":"has-post-author","13":"","15":"first","16":"instock","17":"taxable","18":"shipping-taxable","19":"purchasable","20":"product-type-variable"},"uagb_featured_image_src":{"full":["https:\/\/nehstore.com\/klubb\/wp-content\/uploads\/2025\/03\/Mars-erbjudande-FleeceKRF.jpg",850,850,false],"thumbnail":["https:\/\/nehstore.com\/klubb\/wp-content\/uploads\/2025\/03\/Mars-erbjudande-FleeceKRF-150x150.jpg",150,150,true],"medium":["https:\/\/nehstore.com\/klubb\/wp-content\/uploads\/2025\/03\/Mars-erbjudande-FleeceKRF-300x300.jpg",300,300,true],"medium_large":["https:\/\/nehstore.com\/klubb\/wp-content\/uploads\/2025\/03\/Mars-erbjudande-FleeceKRF-768x768.jpg",768,768,true],"large":["https:\/\/nehstore.com\/klubb\/wp-content\/uploads\/2025\/03\/Mars-erbjudande-FleeceKRF.jpg",850,850,false],"RoboGalleryMansoryImagesCenter":["https:\/\/nehstore.com\/klubb\/wp-content\/uploads\/2025\/03\/Mars-erbjudande-FleeceKRF-600x850.jpg",600,850,true],"RoboGalleryPreload":["https:\/\/nehstore.com\/klubb\/wp-content\/uploads\/2025\/03\/Mars-erbjudande-FleeceKRF.jpg",100,100,false],"1536x1536":["https:\/\/nehstore.com\/klubb\/wp-content\/uploads\/2025\/03\/Mars-erbjudande-FleeceKRF.jpg",850,850,false],"2048x2048":["https:\/\/nehstore.com\/klubb\/wp-content\/uploads\/2025\/03\/Mars-erbjudande-FleeceKRF.jpg",850,850,false],"woocommerce_thumbnail":["https:\/\/nehstore.com\/klubb\/wp-content\/uploads\/2025\/03\/Mars-erbjudande-FleeceKRF-300x300.jpg",300,300,true],"woocommerce_single":["https:\/\/nehstore.com\/klubb\/wp-content\/uploads\/2025\/03\/Mars-erbjudande-FleeceKRF-600x600-600x600.jpg",600,600,true],"woocommerce_gallery_thumbnail":["https:\/\/nehstore.com\/klubb\/wp-content\/uploads\/2025\/03\/Mars-erbjudande-FleeceKRF-100x100.jpg",100,100,true]},"uagb_author_info":{"display_name":"neh-nehstore2","author_link":"https:\/\/nehstore.com\/klubb\/author\/"},"uagb_comment_info":0,"uagb_excerpt":"Microfleecejacka med dragkedjor i framfickor och \u00f6ppning. Dekorativa flatlocks\u00f6mmar p\u00e5 \u00e4rmar och elastisk tape vid \u00e4rmavslut och i nederkant. Broderad logga p\u00e5 v\u00e4nster br\u00f6st.\u00a0 Notera att barntr\u00f6jan skiljer sig n\u00e5got i utseende, j\u00e4mf\u00f6rt med vuxenmodellen.","builder_content":"","_links":{"self":[{"href":"https:\/\/nehstore.com\/klubb\/wp-json\/wp\/v2\/product\/4035","targetHints":{"allow":["GET"]}}],"collection":[{"href":"https:\/\/nehstore.com\/klubb\/wp-json\/wp\/v2\/product"}],"about":[{"href":"https:\/\/nehstore.com\/klubb\/wp-json\/wp\/v2\/types\/product"}],"wp:featuredmedia":[{"embeddable":true,"href":"https:\/\/nehstore.com\/klubb\/wp-json\/wp\/v2\/media\/4034"}],"wp:attachment":[{"href":"https:\/\/nehstore.com\/klubb\/wp-json\/wp\/v2\/media?parent=4035"}],"wp:term":[{"taxonomy":"product_brand","embeddable":true,"href":"https:\/\/nehstore.com\/klubb\/wp-json\/wp\/v2\/product_brand?post=4035"},{"taxonomy":"product_cat","embeddable":true,"href":"https:\/\/nehstore.com\/klubb\/wp-json\/wp\/v2\/product_cat?post=4035"},{"taxonomy":"product_tag","embeddable":true,"href":"https:\/\/nehstore.com\/klubb\/wp-json\/wp\/v2\/product_tag?post=4035"}],"curies":[{"name":"wp","href":"https:\/\/api.w.org\/{rel}","templated":true}]}}