{"id":4090,"date":"2025-04-22T14:24:37","date_gmt":"2025-04-22T14:24:37","guid":{"rendered":"https:\/\/nehstore.com\/klubb\/?post_type=product&#038;p=4090"},"modified":"2025-05-13T00:00:02","modified_gmt":"2025-05-13T00:00:02","slug":"vadderad-vast-krf","status":"publish","type":"product","link":"https:\/\/nehstore.com\/klubb\/produkt\/vadderad-vast-krf\/","title":{"rendered":"Vadderad V\u00e4st, KRF"},"content":{"rendered":"<!--themify_builder_content-->\n<div id=\"themify_builder_content-4090\" data-postid=\"4090\" class=\"themify_builder_content themify_builder_content-4090 themify_builder tf_clear\">\n    <\/div>\n<!--\/themify_builder_content-->\n","protected":false},"excerpt":{"rendered":"<p>Vadderade v\u00e4st designad f\u00f6r att erbjuda o\u00f6vertr\u00e4ffad komfort och funktionalitet. Denna moderna, huvl\u00f6sa v\u00e4st av \u00e5tervunnen polyester har g\u00f6mda dragkedjefickor och en elastisk dragsko i nederkanten f\u00f6r b\u00e4sta passform.<\/p>\n<p>Broderad logga p\u00e5 br\u00f6stet!<\/p>\n<p>F\u00f6r storleksguide: <a href=\"https:\/\/nehstore.com\/klubb\/storlekstabell-vast-arches\/\">Klicka h\u00e4r<\/a><\/p>\n<p>&nbsp;<\/p>\n","protected":false},"featured_media":4081,"template":"","meta":{"_uag_custom_page_level_css":""},"product_brand":[],"product_cat":[210],"product_tag":[],"class_list":{"0":"post-4090","1":"product","2":"type-product","3":"status-publish","4":"has-post-thumbnail","6":"product_cat-kils-ryttarforening","7":"has-post-title","8":"has-post-date","9":"has-post-category","10":"has-post-tag","11":"has-post-comment","12":"has-post-author","13":"","15":"first","16":"instock","17":"taxable","18":"shipping-taxable","19":"purchasable","20":"product-type-variable"},"uagb_featured_image_src":{"full":["https:\/\/nehstore.com\/klubb\/wp-content\/uploads\/2025\/04\/April-erbjudande-Kils.jpg",850,850,false],"thumbnail":["https:\/\/nehstore.com\/klubb\/wp-content\/uploads\/2025\/04\/April-erbjudande-Kils-150x150.jpg",150,150,true],"medium":["https:\/\/nehstore.com\/klubb\/wp-content\/uploads\/2025\/04\/April-erbjudande-Kils-300x300.jpg",300,300,true],"medium_large":["https:\/\/nehstore.com\/klubb\/wp-content\/uploads\/2025\/04\/April-erbjudande-Kils-768x768.jpg",768,768,true],"large":["https:\/\/nehstore.com\/klubb\/wp-content\/uploads\/2025\/04\/April-erbjudande-Kils.jpg",850,850,false],"RoboGalleryMansoryImagesCenter":["https:\/\/nehstore.com\/klubb\/wp-content\/uploads\/2025\/04\/April-erbjudande-Kils-600x850.jpg",600,850,true],"RoboGalleryPreload":["https:\/\/nehstore.com\/klubb\/wp-content\/uploads\/2025\/04\/April-erbjudande-Kils.jpg",100,100,false],"1536x1536":["https:\/\/nehstore.com\/klubb\/wp-content\/uploads\/2025\/04\/April-erbjudande-Kils.jpg",850,850,false],"2048x2048":["https:\/\/nehstore.com\/klubb\/wp-content\/uploads\/2025\/04\/April-erbjudande-Kils.jpg",850,850,false],"woocommerce_thumbnail":["https:\/\/nehstore.com\/klubb\/wp-content\/uploads\/2025\/04\/April-erbjudande-Kils-300x300.jpg",300,300,true],"woocommerce_single":["https:\/\/nehstore.com\/klubb\/wp-content\/uploads\/2025\/04\/April-erbjudande-Kils-600x600-600x600.jpg",600,600,true],"woocommerce_gallery_thumbnail":["https:\/\/nehstore.com\/klubb\/wp-content\/uploads\/2025\/04\/April-erbjudande-Kils-100x100.jpg",100,100,true]},"uagb_author_info":{"display_name":"neh-nehstore2","author_link":"https:\/\/nehstore.com\/klubb\/author\/"},"uagb_comment_info":0,"uagb_excerpt":"Vadderade v\u00e4st designad f\u00f6r att erbjuda o\u00f6vertr\u00e4ffad komfort och funktionalitet. Denna moderna, huvl\u00f6sa v\u00e4st av \u00e5tervunnen polyester har g\u00f6mda dragkedjefickor och en elastisk dragsko i nederkanten f\u00f6r b\u00e4sta passform. Broderad logga p\u00e5 br\u00f6stet! F\u00f6r storleksguide: Klicka h\u00e4r &nbsp;","builder_content":"","_links":{"self":[{"href":"https:\/\/nehstore.com\/klubb\/wp-json\/wp\/v2\/product\/4090","targetHints":{"allow":["GET"]}}],"collection":[{"href":"https:\/\/nehstore.com\/klubb\/wp-json\/wp\/v2\/product"}],"about":[{"href":"https:\/\/nehstore.com\/klubb\/wp-json\/wp\/v2\/types\/product"}],"wp:featuredmedia":[{"embeddable":true,"href":"https:\/\/nehstore.com\/klubb\/wp-json\/wp\/v2\/media\/4081"}],"wp:attachment":[{"href":"https:\/\/nehstore.com\/klubb\/wp-json\/wp\/v2\/media?parent=4090"}],"wp:term":[{"taxonomy":"product_brand","embeddable":true,"href":"https:\/\/nehstore.com\/klubb\/wp-json\/wp\/v2\/product_brand?post=4090"},{"taxonomy":"product_cat","embeddable":true,"href":"https:\/\/nehstore.com\/klubb\/wp-json\/wp\/v2\/product_cat?post=4090"},{"taxonomy":"product_tag","embeddable":true,"href":"https:\/\/nehstore.com\/klubb\/wp-json\/wp\/v2\/product_tag?post=4090"}],"curies":[{"name":"wp","href":"https:\/\/api.w.org\/{rel}","templated":true}]}}