{"id":4237,"date":"2025-05-09T09:55:01","date_gmt":"2025-05-09T09:55:01","guid":{"rendered":"https:\/\/nehstore.com\/klubb\/?post_type=product&#038;p=4237"},"modified":"2025-05-09T10:01:20","modified_gmt":"2025-05-09T10:01:20","slug":"t-shirt-bomull-herr-krf","status":"publish","type":"product","link":"https:\/\/nehstore.com\/klubb\/produkt\/t-shirt-bomull-herr-krf\/","title":{"rendered":"T-shirt Bomull Herr, KRF"},"content":{"rendered":"<!--themify_builder_content-->\n<div id=\"themify_builder_content-4237\" data-postid=\"4237\" class=\"themify_builder_content themify_builder_content-4237 themify_builder tf_clear\">\n    <\/div>\n<!--\/themify_builder_content-->\n","protected":false},"excerpt":{"rendered":"<p>Klassisk t-shirt i b\u00e4sta kvalitet i modern passform. F\u00f6rkrymt kammad bomull, ringspunnet garn och rundstickad. Dubbelkrage med elastan.<\/p>\n<div>\n<div><strong>F\u00f6r\u00e4dling: <\/strong>Tryckt logga<\/div>\n<div class=\"Text-sc-s31epd-0 iOMnrj d-inline f3-700 mr-1\"><strong>Material:<\/strong> 100% bomull<\/div>\n<div>\n<div>\n<div class=\"Text-sc-s31epd-0 iOMnrj d-inline f3-700 mr-1\"><strong>Vikt:<\/strong> 160 g\/m2<\/div>\n<\/div>\n<\/div>\n<\/div>\n","protected":false},"featured_media":4234,"template":"","meta":{"_uag_custom_page_level_css":""},"product_brand":[],"product_cat":[210],"product_tag":[],"class_list":{"0":"post-4237","1":"product","2":"type-product","3":"status-publish","4":"has-post-thumbnail","6":"product_cat-kils-ryttarforening","7":"has-post-title","8":"has-post-date","9":"has-post-category","10":"has-post-tag","11":"has-post-comment","12":"has-post-author","13":"","15":"first","16":"instock","17":"taxable","18":"shipping-taxable","19":"purchasable","20":"product-type-variable"},"uagb_featured_image_src":{"full":["https:\/\/nehstore.com\/klubb\/wp-content\/uploads\/2025\/05\/Kilstherr1.jpg",850,850,false],"thumbnail":["https:\/\/nehstore.com\/klubb\/wp-content\/uploads\/2025\/05\/Kilstherr1-150x150.jpg",150,150,true],"medium":["https:\/\/nehstore.com\/klubb\/wp-content\/uploads\/2025\/05\/Kilstherr1-300x300.jpg",300,300,true],"medium_large":["https:\/\/nehstore.com\/klubb\/wp-content\/uploads\/2025\/05\/Kilstherr1-768x768.jpg",768,768,true],"large":["https:\/\/nehstore.com\/klubb\/wp-content\/uploads\/2025\/05\/Kilstherr1.jpg",850,850,false],"RoboGalleryMansoryImagesCenter":["https:\/\/nehstore.com\/klubb\/wp-content\/uploads\/2025\/05\/Kilstherr1-600x850.jpg",600,850,true],"RoboGalleryPreload":["https:\/\/nehstore.com\/klubb\/wp-content\/uploads\/2025\/05\/Kilstherr1.jpg",100,100,false],"1536x1536":["https:\/\/nehstore.com\/klubb\/wp-content\/uploads\/2025\/05\/Kilstherr1.jpg",850,850,false],"2048x2048":["https:\/\/nehstore.com\/klubb\/wp-content\/uploads\/2025\/05\/Kilstherr1.jpg",850,850,false],"woocommerce_thumbnail":["https:\/\/nehstore.com\/klubb\/wp-content\/uploads\/2025\/05\/Kilstherr1-300x300.jpg",300,300,true],"woocommerce_single":["https:\/\/nehstore.com\/klubb\/wp-content\/uploads\/2025\/05\/Kilstherr1-600x600-600x600.jpg",600,600,true],"woocommerce_gallery_thumbnail":["https:\/\/nehstore.com\/klubb\/wp-content\/uploads\/2025\/05\/Kilstherr1-100x100.jpg",100,100,true]},"uagb_author_info":{"display_name":"neh-nehstore2","author_link":"https:\/\/nehstore.com\/klubb\/author\/"},"uagb_comment_info":0,"uagb_excerpt":"Klassisk t-shirt i b\u00e4sta kvalitet i modern passform. F\u00f6rkrymt kammad bomull, ringspunnet garn och rundstickad. Dubbelkrage med elastan. F\u00f6r\u00e4dling: Tryckt logga Material: 100% bomull Vikt: 160 g\/m2","builder_content":"","_links":{"self":[{"href":"https:\/\/nehstore.com\/klubb\/wp-json\/wp\/v2\/product\/4237","targetHints":{"allow":["GET"]}}],"collection":[{"href":"https:\/\/nehstore.com\/klubb\/wp-json\/wp\/v2\/product"}],"about":[{"href":"https:\/\/nehstore.com\/klubb\/wp-json\/wp\/v2\/types\/product"}],"wp:featuredmedia":[{"embeddable":true,"href":"https:\/\/nehstore.com\/klubb\/wp-json\/wp\/v2\/media\/4234"}],"wp:attachment":[{"href":"https:\/\/nehstore.com\/klubb\/wp-json\/wp\/v2\/media?parent=4237"}],"wp:term":[{"taxonomy":"product_brand","embeddable":true,"href":"https:\/\/nehstore.com\/klubb\/wp-json\/wp\/v2\/product_brand?post=4237"},{"taxonomy":"product_cat","embeddable":true,"href":"https:\/\/nehstore.com\/klubb\/wp-json\/wp\/v2\/product_cat?post=4237"},{"taxonomy":"product_tag","embeddable":true,"href":"https:\/\/nehstore.com\/klubb\/wp-json\/wp\/v2\/product_tag?post=4237"}],"curies":[{"name":"wp","href":"https:\/\/api.w.org\/{rel}","templated":true}]}}