{"id":4557,"date":"2025-08-22T10:47:04","date_gmt":"2025-08-22T10:47:04","guid":{"rendered":"https:\/\/nehstore.com\/klubb\/?post_type=product&#038;p=4557"},"modified":"2025-09-12T09:17:58","modified_gmt":"2025-09-12T09:17:58","slug":"t-shirt-craft-herr","status":"publish","type":"product","link":"https:\/\/nehstore.com\/klubb\/produkt\/t-shirt-craft-herr\/","title":{"rendered":"T-shirt Craft, Herr"},"content":{"rendered":"<!--themify_builder_content-->\n<div id=\"themify_builder_content-4557\" data-postid=\"4557\" class=\"themify_builder_content themify_builder_content-4557 themify_builder tf_clear\">\n    <\/div>\n<!--\/themify_builder_content-->\n","protected":false},"excerpt":{"rendered":"<p>Craft&#8217;s Training Tee \u00e4r designad f\u00f6r aktiva m\u00e4nniskor som v\u00e4rdes\u00e4tter h\u00f6g komfort och h\u00f6g kvalit\u00e9. Tr\u00e4nings-t-shirten \u00e4r gjord av \u00e5tervunnen, mjuk och funktionell polyester och har dessutom sv\u00e4ngda sids\u00f6mmar f\u00f6r ett atletiskt, modernt utseende.<\/p>\n<div>\n<div class=\"sc-s31epd-0 dmFsCg d-inline f3-700 mr-1\"><strong>Material<\/strong>: 100% recycled polyester<\/div>\n<\/div>\n<div>\n<div class=\"sc-s31epd-0 dmFsCg d-inline f3-700 mr-1\"><strong>Vikt<\/strong>: 130 g\/m2<br \/>\n<strong>F\u00f6r\u00e4dling<\/strong>: Stort tryck framtill<\/div>\n<\/div>\n<div><\/div>\n<div><em>OBS! V\u00e4lj storlek f\u00f6rst f\u00f6r att se de olika f\u00e4rgerna p\u00e5 plagget.<\/em><\/div>\n","protected":false},"featured_media":4558,"template":"","meta":{"_uag_custom_page_level_css":""},"product_brand":[],"product_cat":[281],"product_tag":[],"class_list":{"0":"post-4557","1":"product","2":"type-product","3":"status-publish","4":"has-post-thumbnail","6":"product_cat-lopargruppen","7":"has-post-title","8":"has-post-date","9":"has-post-category","10":"has-post-tag","11":"has-post-comment","12":"has-post-author","13":"","15":"first","16":"instock","17":"taxable","18":"shipping-taxable","19":"purchasable","20":"product-type-variable"},"uagb_featured_image_src":{"full":["https:\/\/nehstore.com\/klubb\/wp-content\/uploads\/2025\/08\/T-shirtCraft-Blue.jpg",850,850,false],"thumbnail":["https:\/\/nehstore.com\/klubb\/wp-content\/uploads\/2025\/08\/T-shirtCraft-Blue-150x150.jpg",150,150,true],"medium":["https:\/\/nehstore.com\/klubb\/wp-content\/uploads\/2025\/08\/T-shirtCraft-Blue-300x300.jpg",300,300,true],"medium_large":["https:\/\/nehstore.com\/klubb\/wp-content\/uploads\/2025\/08\/T-shirtCraft-Blue-768x768.jpg",768,768,true],"large":["https:\/\/nehstore.com\/klubb\/wp-content\/uploads\/2025\/08\/T-shirtCraft-Blue.jpg",850,850,false],"RoboGalleryMansoryImagesCenter":["https:\/\/nehstore.com\/klubb\/wp-content\/uploads\/2025\/08\/T-shirtCraft-Blue-600x850.jpg",600,850,true],"RoboGalleryPreload":["https:\/\/nehstore.com\/klubb\/wp-content\/uploads\/2025\/08\/T-shirtCraft-Blue-100x100.jpg",100,100,true],"1536x1536":["https:\/\/nehstore.com\/klubb\/wp-content\/uploads\/2025\/08\/T-shirtCraft-Blue.jpg",850,850,false],"2048x2048":["https:\/\/nehstore.com\/klubb\/wp-content\/uploads\/2025\/08\/T-shirtCraft-Blue.jpg",850,850,false],"woocommerce_thumbnail":["https:\/\/nehstore.com\/klubb\/wp-content\/uploads\/2025\/08\/T-shirtCraft-Blue-300x300.jpg",300,300,true],"woocommerce_single":["https:\/\/nehstore.com\/klubb\/wp-content\/uploads\/2025\/08\/T-shirtCraft-Blue-600x600-600x600.jpg",600,600,true],"woocommerce_gallery_thumbnail":["https:\/\/nehstore.com\/klubb\/wp-content\/uploads\/2025\/08\/T-shirtCraft-Blue-100x100.jpg",100,100,true]},"uagb_author_info":{"display_name":"neh-nehstore2","author_link":"https:\/\/nehstore.com\/klubb\/author\/"},"uagb_comment_info":0,"uagb_excerpt":"Craft's Training Tee \u00e4r designad f\u00f6r aktiva m\u00e4nniskor som v\u00e4rdes\u00e4tter h\u00f6g komfort och h\u00f6g kvalit\u00e9. Tr\u00e4nings-t-shirten \u00e4r gjord av \u00e5tervunnen, mjuk och funktionell polyester och har dessutom sv\u00e4ngda sids\u00f6mmar f\u00f6r ett atletiskt, modernt utseende. Material: 100% recycled polyester Vikt: 130 g\/m2 F\u00f6r\u00e4dling: Stort tryck framtill OBS! V\u00e4lj storlek f\u00f6rst f\u00f6r att se de olika f\u00e4rgerna&hellip;","builder_content":"","_links":{"self":[{"href":"https:\/\/nehstore.com\/klubb\/wp-json\/wp\/v2\/product\/4557","targetHints":{"allow":["GET"]}}],"collection":[{"href":"https:\/\/nehstore.com\/klubb\/wp-json\/wp\/v2\/product"}],"about":[{"href":"https:\/\/nehstore.com\/klubb\/wp-json\/wp\/v2\/types\/product"}],"wp:featuredmedia":[{"embeddable":true,"href":"https:\/\/nehstore.com\/klubb\/wp-json\/wp\/v2\/media\/4558"}],"wp:attachment":[{"href":"https:\/\/nehstore.com\/klubb\/wp-json\/wp\/v2\/media?parent=4557"}],"wp:term":[{"taxonomy":"product_brand","embeddable":true,"href":"https:\/\/nehstore.com\/klubb\/wp-json\/wp\/v2\/product_brand?post=4557"},{"taxonomy":"product_cat","embeddable":true,"href":"https:\/\/nehstore.com\/klubb\/wp-json\/wp\/v2\/product_cat?post=4557"},{"taxonomy":"product_tag","embeddable":true,"href":"https:\/\/nehstore.com\/klubb\/wp-json\/wp\/v2\/product_tag?post=4557"}],"curies":[{"name":"wp","href":"https:\/\/api.w.org\/{rel}","templated":true}]}}