{"id":4698,"date":"2025-08-22T13:05:54","date_gmt":"2025-08-22T13:05:54","guid":{"rendered":"https:\/\/nehstore.com\/klubb\/?post_type=product&#038;p=4698"},"modified":"2025-09-11T09:36:46","modified_gmt":"2025-09-11T09:36:46","slug":"huvtroja-herr","status":"publish","type":"product","link":"https:\/\/nehstore.com\/klubb\/produkt\/huvtroja-herr\/","title":{"rendered":"Huvtr\u00f6ja, Herr"},"content":{"rendered":"<!--themify_builder_content-->\n<div id=\"themify_builder_content-4698\" data-postid=\"4698\" class=\"themify_builder_content themify_builder_content-4698 themify_builder tf_clear\">\n    <\/div>\n<!--\/themify_builder_content-->\n","protected":false},"excerpt":{"rendered":"<p>En huvjacka i ett mjukt bondat tyg d\u00e4r polyestern \u00e5tervinns. Utrustad med tv\u00e5 dolda sidfickor med dragkedja och tv\u00e5 innerfickor. Muddar i tyg och nederkant med elastiskt band. L\u00e5sbar dragsko f\u00f6r en justerbar huva.<\/p>\n<div>\n<div class=\"sc-s31epd-0 dmFsCg d-inline f3-700 mr-1\"><strong>Material<\/strong>: 50% spun dyed polyester, 24% \u00e5tervunnen polyester, 20% viskos och 6% elastan<\/div>\n<\/div>\n<div>\n<div class=\"sc-s31epd-0 dmFsCg d-inline f3-700 mr-1\"><strong>Vikt<\/strong>: 300 g\/m2<br \/>\n<strong>F\u00f6r\u00e4dling<\/strong>: Stort tryck p\u00e5 ryggen<\/div>\n<\/div>\n<div><\/div>\n<div><em>OBS! V\u00e4lj storlek f\u00f6rst f\u00f6r att se de olika f\u00e4rgerna p\u00e5 plagget.<\/em><\/div>\n","protected":false},"featured_media":4702,"template":"","meta":{"_uag_custom_page_level_css":""},"product_brand":[],"product_cat":[281],"product_tag":[],"class_list":{"0":"post-4698","1":"product","2":"type-product","3":"status-publish","4":"has-post-thumbnail","6":"product_cat-lopargruppen","7":"has-post-title","8":"has-post-date","9":"has-post-category","10":"has-post-tag","11":"has-post-comment","12":"has-post-author","13":"","15":"first","16":"instock","17":"sale","18":"taxable","19":"shipping-taxable","20":"purchasable","21":"product-type-variable"},"uagb_featured_image_src":{"full":["https:\/\/nehstore.com\/klubb\/wp-content\/uploads\/2025\/08\/Hoodjacka-Gron.jpg",850,850,false],"thumbnail":["https:\/\/nehstore.com\/klubb\/wp-content\/uploads\/2025\/08\/Hoodjacka-Gron-150x150.jpg",150,150,true],"medium":["https:\/\/nehstore.com\/klubb\/wp-content\/uploads\/2025\/08\/Hoodjacka-Gron-300x300.jpg",300,300,true],"medium_large":["https:\/\/nehstore.com\/klubb\/wp-content\/uploads\/2025\/08\/Hoodjacka-Gron-768x768.jpg",768,768,true],"large":["https:\/\/nehstore.com\/klubb\/wp-content\/uploads\/2025\/08\/Hoodjacka-Gron.jpg",850,850,false],"RoboGalleryMansoryImagesCenter":["https:\/\/nehstore.com\/klubb\/wp-content\/uploads\/2025\/08\/Hoodjacka-Gron-600x850.jpg",600,850,true],"RoboGalleryPreload":["https:\/\/nehstore.com\/klubb\/wp-content\/uploads\/2025\/08\/Hoodjacka-Gron-100x100.jpg",100,100,true],"1536x1536":["https:\/\/nehstore.com\/klubb\/wp-content\/uploads\/2025\/08\/Hoodjacka-Gron.jpg",850,850,false],"2048x2048":["https:\/\/nehstore.com\/klubb\/wp-content\/uploads\/2025\/08\/Hoodjacka-Gron.jpg",850,850,false],"woocommerce_thumbnail":["https:\/\/nehstore.com\/klubb\/wp-content\/uploads\/2025\/08\/Hoodjacka-Gron-300x300.jpg",300,300,true],"woocommerce_single":["https:\/\/nehstore.com\/klubb\/wp-content\/uploads\/2025\/08\/Hoodjacka-Gron-600x600.jpg",600,600,true],"woocommerce_gallery_thumbnail":["https:\/\/nehstore.com\/klubb\/wp-content\/uploads\/2025\/08\/Hoodjacka-Gron-100x100.jpg",100,100,true]},"uagb_author_info":{"display_name":"neh-nehstore2","author_link":"https:\/\/nehstore.com\/klubb\/author\/"},"uagb_comment_info":0,"uagb_excerpt":"En huvjacka i ett mjukt bondat tyg d\u00e4r polyestern \u00e5tervinns. Utrustad med tv\u00e5 dolda sidfickor med dragkedja och tv\u00e5 innerfickor. Muddar i tyg och nederkant med elastiskt band. L\u00e5sbar dragsko f\u00f6r en justerbar huva. Material: 50% spun dyed polyester, 24% \u00e5tervunnen polyester, 20% viskos och 6% elastan Vikt: 300 g\/m2 F\u00f6r\u00e4dling: Stort tryck p\u00e5 ryggen&hellip;","builder_content":"","_links":{"self":[{"href":"https:\/\/nehstore.com\/klubb\/wp-json\/wp\/v2\/product\/4698","targetHints":{"allow":["GET"]}}],"collection":[{"href":"https:\/\/nehstore.com\/klubb\/wp-json\/wp\/v2\/product"}],"about":[{"href":"https:\/\/nehstore.com\/klubb\/wp-json\/wp\/v2\/types\/product"}],"wp:featuredmedia":[{"embeddable":true,"href":"https:\/\/nehstore.com\/klubb\/wp-json\/wp\/v2\/media\/4702"}],"wp:attachment":[{"href":"https:\/\/nehstore.com\/klubb\/wp-json\/wp\/v2\/media?parent=4698"}],"wp:term":[{"taxonomy":"product_brand","embeddable":true,"href":"https:\/\/nehstore.com\/klubb\/wp-json\/wp\/v2\/product_brand?post=4698"},{"taxonomy":"product_cat","embeddable":true,"href":"https:\/\/nehstore.com\/klubb\/wp-json\/wp\/v2\/product_cat?post=4698"},{"taxonomy":"product_tag","embeddable":true,"href":"https:\/\/nehstore.com\/klubb\/wp-json\/wp\/v2\/product_tag?post=4698"}],"curies":[{"name":"wp","href":"https:\/\/api.w.org\/{rel}","templated":true}]}}