{"id":5034,"date":"2025-09-19T07:16:59","date_gmt":"2025-09-19T07:16:59","guid":{"rendered":"https:\/\/nehstore.com\/klubb\/?post_type=product&#038;p=5034"},"modified":"2025-11-04T15:28:16","modified_gmt":"2025-11-04T15:28:16","slug":"t-shirt-bomull-lfk","status":"publish","type":"product","link":"https:\/\/nehstore.com\/klubb\/produkt\/t-shirt-bomull-lfk\/","title":{"rendered":"T-shirt Bomull, LFK"},"content":{"rendered":"<!--themify_builder_content-->\n<div id=\"themify_builder_content-5034\" data-postid=\"5034\" class=\"themify_builder_content themify_builder_content-5034 themify_builder tf_clear\">\n    <\/div>\n<!--\/themify_builder_content-->\n","protected":false},"excerpt":{"rendered":"<p>Klassisk t-shirt i god kvalitet i modern passform. F\u00f6rkrymt kammad bomull, ringspunnet garn och sidos\u00f6mmar. Dubbelkrage med elastan.<\/p>\n<p><strong>F\u00f6r\u00e4dling: <\/strong>Tryckta loggor<strong><br \/>\nMaterial:<\/strong>\u00a0100% bomull<br \/>\n<strong>Vikt:<\/strong> 160 g\/m2<br \/>\n<a href=\"https:\/\/images.nwgmedia.com\/pdf\/304514\/029360_sv_storlekpdf.pdf\" target=\"_blank\" rel=\"noopener\"><strong>Storlekstabell herr<\/strong><\/a><br \/>\n<a href=\"https:\/\/images.nwgmedia.com\/pdf\/304510\/029361_sv_storlek.pdf\" target=\"_blank\" rel=\"noopener\"><strong>Storlekstabell dam<\/strong><\/a><br \/>\n<a href=\"https:\/\/images.nwgmedia.com\/pdf\/304598\/029032_sv_storlek.pdf\" target=\"_blank\" rel=\"noopener\"><strong>Storlekstabell barn<\/strong><\/a><\/p>\n","protected":false},"featured_media":5022,"template":"","meta":{"_uag_custom_page_level_css":""},"product_brand":[],"product_cat":[300],"product_tag":[],"class_list":{"0":"post-5034","1":"product","2":"type-product","3":"status-publish","4":"has-post-thumbnail","6":"product_cat-linkopings-faltrittklubb","7":"has-post-title","8":"has-post-date","9":"has-post-category","10":"has-post-tag","11":"has-post-comment","12":"has-post-author","13":"","15":"first","16":"instock","17":"taxable","18":"shipping-taxable","19":"purchasable","20":"product-type-variable"},"uagb_featured_image_src":{"full":["https:\/\/nehstore.com\/klubb\/wp-content\/uploads\/2025\/09\/Produkter-i-shop-Smedstadt1.jpg",850,850,false],"thumbnail":["https:\/\/nehstore.com\/klubb\/wp-content\/uploads\/2025\/09\/Produkter-i-shop-Smedstadt1-150x150.jpg",150,150,true],"medium":["https:\/\/nehstore.com\/klubb\/wp-content\/uploads\/2025\/09\/Produkter-i-shop-Smedstadt1-300x300.jpg",300,300,true],"medium_large":["https:\/\/nehstore.com\/klubb\/wp-content\/uploads\/2025\/09\/Produkter-i-shop-Smedstadt1-768x768.jpg",768,768,true],"large":["https:\/\/nehstore.com\/klubb\/wp-content\/uploads\/2025\/09\/Produkter-i-shop-Smedstadt1.jpg",850,850,false],"RoboGalleryMansoryImagesCenter":["https:\/\/nehstore.com\/klubb\/wp-content\/uploads\/2025\/09\/Produkter-i-shop-Smedstadt1-600x850.jpg",600,850,true],"RoboGalleryPreload":["https:\/\/nehstore.com\/klubb\/wp-content\/uploads\/2025\/09\/Produkter-i-shop-Smedstadt1-100x100.jpg",100,100,true],"1536x1536":["https:\/\/nehstore.com\/klubb\/wp-content\/uploads\/2025\/09\/Produkter-i-shop-Smedstadt1.jpg",850,850,false],"2048x2048":["https:\/\/nehstore.com\/klubb\/wp-content\/uploads\/2025\/09\/Produkter-i-shop-Smedstadt1.jpg",850,850,false],"woocommerce_thumbnail":["https:\/\/nehstore.com\/klubb\/wp-content\/uploads\/2025\/09\/Produkter-i-shop-Smedstadt1-300x300.jpg",300,300,true],"woocommerce_single":["https:\/\/nehstore.com\/klubb\/wp-content\/uploads\/2025\/09\/Produkter-i-shop-Smedstadt1-600x600-600x600.jpg",600,600,true],"woocommerce_gallery_thumbnail":["https:\/\/nehstore.com\/klubb\/wp-content\/uploads\/2025\/09\/Produkter-i-shop-Smedstadt1-100x100.jpg",100,100,true]},"uagb_author_info":{"display_name":"neh-nehstore2","author_link":"https:\/\/nehstore.com\/klubb\/author\/"},"uagb_comment_info":0,"uagb_excerpt":"Klassisk t-shirt i god kvalitet i modern passform. F\u00f6rkrymt kammad bomull, ringspunnet garn och sidos\u00f6mmar. Dubbelkrage med elastan. F\u00f6r\u00e4dling: Tryckta loggor Material:\u00a0100% bomull Vikt: 160 g\/m2 Storlekstabell herr Storlekstabell dam Storlekstabell barn","builder_content":"","_links":{"self":[{"href":"https:\/\/nehstore.com\/klubb\/wp-json\/wp\/v2\/product\/5034","targetHints":{"allow":["GET"]}}],"collection":[{"href":"https:\/\/nehstore.com\/klubb\/wp-json\/wp\/v2\/product"}],"about":[{"href":"https:\/\/nehstore.com\/klubb\/wp-json\/wp\/v2\/types\/product"}],"wp:featuredmedia":[{"embeddable":true,"href":"https:\/\/nehstore.com\/klubb\/wp-json\/wp\/v2\/media\/5022"}],"wp:attachment":[{"href":"https:\/\/nehstore.com\/klubb\/wp-json\/wp\/v2\/media?parent=5034"}],"wp:term":[{"taxonomy":"product_brand","embeddable":true,"href":"https:\/\/nehstore.com\/klubb\/wp-json\/wp\/v2\/product_brand?post=5034"},{"taxonomy":"product_cat","embeddable":true,"href":"https:\/\/nehstore.com\/klubb\/wp-json\/wp\/v2\/product_cat?post=5034"},{"taxonomy":"product_tag","embeddable":true,"href":"https:\/\/nehstore.com\/klubb\/wp-json\/wp\/v2\/product_tag?post=5034"}],"curies":[{"name":"wp","href":"https:\/\/api.w.org\/{rel}","templated":true}]}}