{"id":5036,"date":"2025-09-19T07:16:59","date_gmt":"2025-09-19T07:16:59","guid":{"rendered":"https:\/\/nehstore.com\/klubb\/?post_type=product&#038;p=5036"},"modified":"2025-11-04T15:29:09","modified_gmt":"2025-11-04T15:29:09","slug":"sweatshirt-lfk","status":"publish","type":"product","link":"https:\/\/nehstore.com\/klubb\/produkt\/sweatshirt-lfk\/","title":{"rendered":"Sweatshirt, LFK"},"content":{"rendered":"<!--themify_builder_content-->\n<div id=\"themify_builder_content-5036\" data-postid=\"5036\" class=\"themify_builder_content themify_builder_content-5036 themify_builder tf_clear\">\n    <\/div>\n<!--\/themify_builder_content-->\n","protected":false},"excerpt":{"rendered":"<p>Rundhalsad sweatshirt i bomull och \u00e5tervunnen polyester. Elastisk ribb 2&#215;2 med dubbels\u00f6m vid \u00e4rmslut och nederkant. <strong>Notera att barnmodellen skiljer sig i utseende fr\u00e5n vuxenmodellen.<\/strong><\/p>\n<div>\n<div><strong>F\u00f6r\u00e4dling: <\/strong>Tryckta loggor<\/div>\n<div class=\"Text-sc-s31epd-0 iOMnrj d-inline f3-700 mr-1\"><strong>Material vuxen:<\/strong> 80% bomull och 20% \u00e5tervunnen polyester<br \/>\n<strong>Material barn: <\/strong>65% polyester och 35% bomull<\/div>\n<div>\n<div>\n<div class=\"Text-sc-s31epd-0 iOMnrj d-inline f3-700 mr-1\"><strong>Vikt:<\/strong> 260-280 g\/m2<\/div>\n<div><a href=\"https:\/\/images.nwgmedia.com\/pdf\/336903\/0201030_sv_storlek.pdf\" target=\"_blank\" rel=\"noopener\"><strong>Storlekstabell vuxen<\/strong><\/a><br \/>\n<a href=\"https:\/\/images.nwgmedia.com\/pdf\/304711\/021020_sv_storlek.pdf\" target=\"_blank\" rel=\"noopener\"><strong>Storlekstabell barn<\/strong><\/a><\/div>\n<\/div>\n<\/div>\n<\/div>\n","protected":false},"featured_media":5014,"template":"","meta":{"_uag_custom_page_level_css":""},"product_brand":[],"product_cat":[300],"product_tag":[],"class_list":{"0":"post-5036","1":"product","2":"type-product","3":"status-publish","4":"has-post-thumbnail","6":"product_cat-linkopings-faltrittklubb","7":"has-post-title","8":"has-post-date","9":"has-post-category","10":"has-post-tag","11":"has-post-comment","12":"has-post-author","13":"","15":"first","16":"instock","17":"taxable","18":"shipping-taxable","19":"purchasable","20":"product-type-variable"},"uagb_featured_image_src":{"full":["https:\/\/nehstore.com\/klubb\/wp-content\/uploads\/2025\/09\/Produkter-i-shop-Smedstadsw1.jpg",850,850,false],"thumbnail":["https:\/\/nehstore.com\/klubb\/wp-content\/uploads\/2025\/09\/Produkter-i-shop-Smedstadsw1-150x150.jpg",150,150,true],"medium":["https:\/\/nehstore.com\/klubb\/wp-content\/uploads\/2025\/09\/Produkter-i-shop-Smedstadsw1-300x300.jpg",300,300,true],"medium_large":["https:\/\/nehstore.com\/klubb\/wp-content\/uploads\/2025\/09\/Produkter-i-shop-Smedstadsw1-768x768.jpg",768,768,true],"large":["https:\/\/nehstore.com\/klubb\/wp-content\/uploads\/2025\/09\/Produkter-i-shop-Smedstadsw1.jpg",850,850,false],"RoboGalleryMansoryImagesCenter":["https:\/\/nehstore.com\/klubb\/wp-content\/uploads\/2025\/09\/Produkter-i-shop-Smedstadsw1-600x850.jpg",600,850,true],"RoboGalleryPreload":["https:\/\/nehstore.com\/klubb\/wp-content\/uploads\/2025\/09\/Produkter-i-shop-Smedstadsw1-100x100.jpg",100,100,true],"1536x1536":["https:\/\/nehstore.com\/klubb\/wp-content\/uploads\/2025\/09\/Produkter-i-shop-Smedstadsw1.jpg",850,850,false],"2048x2048":["https:\/\/nehstore.com\/klubb\/wp-content\/uploads\/2025\/09\/Produkter-i-shop-Smedstadsw1.jpg",850,850,false],"woocommerce_thumbnail":["https:\/\/nehstore.com\/klubb\/wp-content\/uploads\/2025\/09\/Produkter-i-shop-Smedstadsw1-300x300.jpg",300,300,true],"woocommerce_single":["https:\/\/nehstore.com\/klubb\/wp-content\/uploads\/2025\/09\/Produkter-i-shop-Smedstadsw1-600x600-600x600.jpg",600,600,true],"woocommerce_gallery_thumbnail":["https:\/\/nehstore.com\/klubb\/wp-content\/uploads\/2025\/09\/Produkter-i-shop-Smedstadsw1-100x100.jpg",100,100,true]},"uagb_author_info":{"display_name":"neh-nehstore2","author_link":"https:\/\/nehstore.com\/klubb\/author\/"},"uagb_comment_info":0,"uagb_excerpt":"Rundhalsad sweatshirt i bomull och \u00e5tervunnen polyester. Elastisk ribb 2x2 med dubbels\u00f6m vid \u00e4rmslut och nederkant. Notera att barnmodellen skiljer sig i utseende fr\u00e5n vuxenmodellen. F\u00f6r\u00e4dling: Tryckta loggor Material vuxen: 80% bomull och 20% \u00e5tervunnen polyester Material barn: 65% polyester och 35% bomull Vikt: 260-280 g\/m2 Storlekstabell vuxen Storlekstabell barn","builder_content":"","_links":{"self":[{"href":"https:\/\/nehstore.com\/klubb\/wp-json\/wp\/v2\/product\/5036","targetHints":{"allow":["GET"]}}],"collection":[{"href":"https:\/\/nehstore.com\/klubb\/wp-json\/wp\/v2\/product"}],"about":[{"href":"https:\/\/nehstore.com\/klubb\/wp-json\/wp\/v2\/types\/product"}],"wp:featuredmedia":[{"embeddable":true,"href":"https:\/\/nehstore.com\/klubb\/wp-json\/wp\/v2\/media\/5014"}],"wp:attachment":[{"href":"https:\/\/nehstore.com\/klubb\/wp-json\/wp\/v2\/media?parent=5036"}],"wp:term":[{"taxonomy":"product_brand","embeddable":true,"href":"https:\/\/nehstore.com\/klubb\/wp-json\/wp\/v2\/product_brand?post=5036"},{"taxonomy":"product_cat","embeddable":true,"href":"https:\/\/nehstore.com\/klubb\/wp-json\/wp\/v2\/product_cat?post=5036"},{"taxonomy":"product_tag","embeddable":true,"href":"https:\/\/nehstore.com\/klubb\/wp-json\/wp\/v2\/product_tag?post=5036"}],"curies":[{"name":"wp","href":"https:\/\/api.w.org\/{rel}","templated":true}]}}