{"id":5042,"date":"2025-09-19T07:16:59","date_gmt":"2025-09-19T07:16:59","guid":{"rendered":"https:\/\/nehstore.com\/klubb\/?post_type=product&#038;p=5042"},"modified":"2025-11-04T15:32:19","modified_gmt":"2025-11-04T15:32:19","slug":"lattvadderad-vast-lfk","status":"publish","type":"product","link":"https:\/\/nehstore.com\/klubb\/produkt\/lattvadderad-vast-lfk\/","title":{"rendered":"L\u00e4ttvadderad V\u00e4st, LFK"},"content":{"rendered":"<!--themify_builder_content-->\n<div id=\"themify_builder_content-5042\" data-postid=\"5042\" class=\"themify_builder_content themify_builder_content-5042 themify_builder tf_clear\">\n    <\/div>\n<!--\/themify_builder_content-->\n","protected":false},"excerpt":{"rendered":"<p>Marinbl\u00e5 l\u00e4ttvadderad quiltad v\u00e4st i nylon, med sidfickor och dragkedja. Barnmodellen skiljer sig n\u00e5got i utseende fr\u00e5n vuxenmodellen.<\/p>\n<div>\n<div><strong>F\u00f6r\u00e4dling:<\/strong> Broderade loggor<strong><br \/>\n<\/strong><\/div>\n<div>\n<div>\n<div class=\"Text-sc-s31epd-0 iovWTc d-inline f3-700 mr-1\"><strong>Material vuxen<\/strong>: Huvudmaterial: 100% Polyamid \u00a0, \u00a0Foder 1: 100% Polyamid \u00a0, \u00a0Vaddering: 100% Polyester<\/div>\n<div><strong>Material barn:<\/strong> 100\u00a0% polyester, 300 taft, foder: 100\u00a0% polyester, 290 taft; Polstring: 100\u00a0% polyester, 150 g\/m\u00b2<\/div>\n<\/div>\n<\/div>\n<\/div>\n","protected":false},"featured_media":5017,"template":"","meta":{"_uag_custom_page_level_css":""},"product_brand":[],"product_cat":[300],"product_tag":[],"class_list":{"0":"post-5042","1":"product","2":"type-product","3":"status-publish","4":"has-post-thumbnail","6":"product_cat-linkopings-faltrittklubb","7":"has-post-title","8":"has-post-date","9":"has-post-category","10":"has-post-tag","11":"has-post-comment","12":"has-post-author","13":"","15":"first","16":"instock","17":"taxable","18":"shipping-taxable","19":"purchasable","20":"product-type-variable"},"uagb_featured_image_src":{"full":["https:\/\/nehstore.com\/klubb\/wp-content\/uploads\/2025\/09\/Produkter-i-shop-Smedstadvast2.jpg",850,850,false],"thumbnail":["https:\/\/nehstore.com\/klubb\/wp-content\/uploads\/2025\/09\/Produkter-i-shop-Smedstadvast2-150x150.jpg",150,150,true],"medium":["https:\/\/nehstore.com\/klubb\/wp-content\/uploads\/2025\/09\/Produkter-i-shop-Smedstadvast2-300x300.jpg",300,300,true],"medium_large":["https:\/\/nehstore.com\/klubb\/wp-content\/uploads\/2025\/09\/Produkter-i-shop-Smedstadvast2-768x768.jpg",768,768,true],"large":["https:\/\/nehstore.com\/klubb\/wp-content\/uploads\/2025\/09\/Produkter-i-shop-Smedstadvast2.jpg",850,850,false],"RoboGalleryMansoryImagesCenter":["https:\/\/nehstore.com\/klubb\/wp-content\/uploads\/2025\/09\/Produkter-i-shop-Smedstadvast2-600x850.jpg",600,850,true],"RoboGalleryPreload":["https:\/\/nehstore.com\/klubb\/wp-content\/uploads\/2025\/09\/Produkter-i-shop-Smedstadvast2-100x100.jpg",100,100,true],"1536x1536":["https:\/\/nehstore.com\/klubb\/wp-content\/uploads\/2025\/09\/Produkter-i-shop-Smedstadvast2.jpg",850,850,false],"2048x2048":["https:\/\/nehstore.com\/klubb\/wp-content\/uploads\/2025\/09\/Produkter-i-shop-Smedstadvast2.jpg",850,850,false],"woocommerce_thumbnail":["https:\/\/nehstore.com\/klubb\/wp-content\/uploads\/2025\/09\/Produkter-i-shop-Smedstadvast2-300x300.jpg",300,300,true],"woocommerce_single":["https:\/\/nehstore.com\/klubb\/wp-content\/uploads\/2025\/09\/Produkter-i-shop-Smedstadvast2-600x600-600x600.jpg",600,600,true],"woocommerce_gallery_thumbnail":["https:\/\/nehstore.com\/klubb\/wp-content\/uploads\/2025\/09\/Produkter-i-shop-Smedstadvast2-100x100.jpg",100,100,true]},"uagb_author_info":{"display_name":"neh-nehstore2","author_link":"https:\/\/nehstore.com\/klubb\/author\/"},"uagb_comment_info":0,"uagb_excerpt":"Marinbl\u00e5 l\u00e4ttvadderad quiltad v\u00e4st i nylon, med sidfickor och dragkedja. Barnmodellen skiljer sig n\u00e5got i utseende fr\u00e5n vuxenmodellen. F\u00f6r\u00e4dling: Broderade loggor Material vuxen: Huvudmaterial: 100% Polyamid \u00a0, \u00a0Foder 1: 100% Polyamid \u00a0, \u00a0Vaddering: 100% Polyester Material barn: 100\u00a0% polyester, 300 taft, foder: 100\u00a0% polyester, 290 taft; Polstring: 100\u00a0% polyester, 150 g\/m\u00b2","builder_content":"","_links":{"self":[{"href":"https:\/\/nehstore.com\/klubb\/wp-json\/wp\/v2\/product\/5042","targetHints":{"allow":["GET"]}}],"collection":[{"href":"https:\/\/nehstore.com\/klubb\/wp-json\/wp\/v2\/product"}],"about":[{"href":"https:\/\/nehstore.com\/klubb\/wp-json\/wp\/v2\/types\/product"}],"wp:featuredmedia":[{"embeddable":true,"href":"https:\/\/nehstore.com\/klubb\/wp-json\/wp\/v2\/media\/5017"}],"wp:attachment":[{"href":"https:\/\/nehstore.com\/klubb\/wp-json\/wp\/v2\/media?parent=5042"}],"wp:term":[{"taxonomy":"product_brand","embeddable":true,"href":"https:\/\/nehstore.com\/klubb\/wp-json\/wp\/v2\/product_brand?post=5042"},{"taxonomy":"product_cat","embeddable":true,"href":"https:\/\/nehstore.com\/klubb\/wp-json\/wp\/v2\/product_cat?post=5042"},{"taxonomy":"product_tag","embeddable":true,"href":"https:\/\/nehstore.com\/klubb\/wp-json\/wp\/v2\/product_tag?post=5042"}],"curies":[{"name":"wp","href":"https:\/\/api.w.org\/{rel}","templated":true}]}}