{"id":5044,"date":"2025-09-19T07:17:00","date_gmt":"2025-09-19T07:17:00","guid":{"rendered":"https:\/\/nehstore.com\/klubb\/?post_type=product&#038;p=5044"},"modified":"2025-11-04T15:24:07","modified_gmt":"2025-11-04T15:24:07","slug":"softshellvast-vuxen-lfk","status":"publish","type":"product","link":"https:\/\/nehstore.com\/klubb\/produkt\/softshellvast-vuxen-lfk\/","title":{"rendered":"Softshellv\u00e4st Vuxen, LFK"},"content":{"rendered":"<!--themify_builder_content-->\n<div id=\"themify_builder_content-5044\" data-postid=\"5044\" class=\"themify_builder_content themify_builder_content-5044 themify_builder tf_clear\">\n    <\/div>\n<!--\/themify_builder_content-->\n","protected":false},"excerpt":{"rendered":"<p>V\u00e5r 3-lagers softshellv\u00e4st tillverkad i \u00e5tervunnen polyester. Ton-i-ton omv\u00e4nd dragkedja mitt fram samt tre utv\u00e4ndiga fickor och tv\u00e5 innerfickor. Elastiskt avslut i nederkant samt \u00e4rmar.<\/p>\n<div>\n<div><strong>F\u00f6r\u00e4dling: <\/strong>Broderade loggor<\/div>\n<div class=\"Text-sc-s31epd-0 iOMnrj d-inline f3-700 mr-1\"><strong>Material:<\/strong> 96% \u00e5tervunnen polyester och 4% spandex<\/div>\n<div>\n<div>\n<div class=\"Text-sc-s31epd-0 iOMnrj d-inline f3-700 mr-1\"><strong>Vikt:<\/strong> 280 g\/m2<br \/>\n<a href=\"https:\/\/images.nwgmedia.com\/pdf\/390256\/0200911_sv_storlek.pdf\" target=\"_blank\" rel=\"noopener\"><strong>Storlekstabell herr<\/strong><\/a><br \/>\n<a href=\"https:\/\/images.nwgmedia.com\/pdf\/390262\/0200916_sv_storlek.pdf\" target=\"_blank\" rel=\"noopener\"><strong>Storlekstabell dam<\/strong><\/a><\/div>\n<\/div>\n<\/div>\n<\/div>\n","protected":false},"featured_media":5018,"template":"","meta":{"_uag_custom_page_level_css":""},"product_brand":[],"product_cat":[300],"product_tag":[],"class_list":{"0":"post-5044","1":"product","2":"type-product","3":"status-publish","4":"has-post-thumbnail","6":"product_cat-linkopings-faltrittklubb","7":"has-post-title","8":"has-post-date","9":"has-post-category","10":"has-post-tag","11":"has-post-comment","12":"has-post-author","13":"","15":"first","16":"instock","17":"taxable","18":"shipping-taxable","19":"purchasable","20":"product-type-variable"},"uagb_featured_image_src":{"full":["https:\/\/nehstore.com\/klubb\/wp-content\/uploads\/2025\/09\/Produkter-i-shop-Smedstadvas.jpg",850,850,false],"thumbnail":["https:\/\/nehstore.com\/klubb\/wp-content\/uploads\/2025\/09\/Produkter-i-shop-Smedstadvas-150x150.jpg",150,150,true],"medium":["https:\/\/nehstore.com\/klubb\/wp-content\/uploads\/2025\/09\/Produkter-i-shop-Smedstadvas-300x300.jpg",300,300,true],"medium_large":["https:\/\/nehstore.com\/klubb\/wp-content\/uploads\/2025\/09\/Produkter-i-shop-Smedstadvas-768x768.jpg",768,768,true],"large":["https:\/\/nehstore.com\/klubb\/wp-content\/uploads\/2025\/09\/Produkter-i-shop-Smedstadvas.jpg",850,850,false],"RoboGalleryMansoryImagesCenter":["https:\/\/nehstore.com\/klubb\/wp-content\/uploads\/2025\/09\/Produkter-i-shop-Smedstadvas-600x850.jpg",600,850,true],"RoboGalleryPreload":["https:\/\/nehstore.com\/klubb\/wp-content\/uploads\/2025\/09\/Produkter-i-shop-Smedstadvas-100x100.jpg",100,100,true],"1536x1536":["https:\/\/nehstore.com\/klubb\/wp-content\/uploads\/2025\/09\/Produkter-i-shop-Smedstadvas.jpg",850,850,false],"2048x2048":["https:\/\/nehstore.com\/klubb\/wp-content\/uploads\/2025\/09\/Produkter-i-shop-Smedstadvas.jpg",850,850,false],"woocommerce_thumbnail":["https:\/\/nehstore.com\/klubb\/wp-content\/uploads\/2025\/09\/Produkter-i-shop-Smedstadvas-300x300.jpg",300,300,true],"woocommerce_single":["https:\/\/nehstore.com\/klubb\/wp-content\/uploads\/2025\/09\/Produkter-i-shop-Smedstadvas-600x600-600x600.jpg",600,600,true],"woocommerce_gallery_thumbnail":["https:\/\/nehstore.com\/klubb\/wp-content\/uploads\/2025\/09\/Produkter-i-shop-Smedstadvas-100x100.jpg",100,100,true]},"uagb_author_info":{"display_name":"neh-nehstore2","author_link":"https:\/\/nehstore.com\/klubb\/author\/"},"uagb_comment_info":0,"uagb_excerpt":"V\u00e5r 3-lagers softshellv\u00e4st tillverkad i \u00e5tervunnen polyester. Ton-i-ton omv\u00e4nd dragkedja mitt fram samt tre utv\u00e4ndiga fickor och tv\u00e5 innerfickor. Elastiskt avslut i nederkant samt \u00e4rmar. F\u00f6r\u00e4dling: Broderade loggor Material: 96% \u00e5tervunnen polyester och 4% spandex Vikt: 280 g\/m2 Storlekstabell herr Storlekstabell dam","builder_content":"","_links":{"self":[{"href":"https:\/\/nehstore.com\/klubb\/wp-json\/wp\/v2\/product\/5044","targetHints":{"allow":["GET"]}}],"collection":[{"href":"https:\/\/nehstore.com\/klubb\/wp-json\/wp\/v2\/product"}],"about":[{"href":"https:\/\/nehstore.com\/klubb\/wp-json\/wp\/v2\/types\/product"}],"wp:featuredmedia":[{"embeddable":true,"href":"https:\/\/nehstore.com\/klubb\/wp-json\/wp\/v2\/media\/5018"}],"wp:attachment":[{"href":"https:\/\/nehstore.com\/klubb\/wp-json\/wp\/v2\/media?parent=5044"}],"wp:term":[{"taxonomy":"product_brand","embeddable":true,"href":"https:\/\/nehstore.com\/klubb\/wp-json\/wp\/v2\/product_brand?post=5044"},{"taxonomy":"product_cat","embeddable":true,"href":"https:\/\/nehstore.com\/klubb\/wp-json\/wp\/v2\/product_cat?post=5044"},{"taxonomy":"product_tag","embeddable":true,"href":"https:\/\/nehstore.com\/klubb\/wp-json\/wp\/v2\/product_tag?post=5044"}],"curies":[{"name":"wp","href":"https:\/\/api.w.org\/{rel}","templated":true}]}}