{"id":5046,"date":"2025-09-19T07:17:00","date_gmt":"2025-09-19T07:17:00","guid":{"rendered":"https:\/\/nehstore.com\/klubb\/?post_type=product&#038;p=5046"},"modified":"2025-11-04T15:25:10","modified_gmt":"2025-11-04T15:25:10","slug":"hoodtroja-lfk","status":"publish","type":"product","link":"https:\/\/nehstore.com\/klubb\/produkt\/hoodtroja-lfk\/","title":{"rendered":"Hoodtr\u00f6ja, LFK"},"content":{"rendered":"<!--themify_builder_content-->\n<div id=\"themify_builder_content-5046\" data-postid=\"5046\" class=\"themify_builder_content themify_builder_content-5046 themify_builder tf_clear\">\n    <\/div>\n<!--\/themify_builder_content-->\n","protected":false},"excerpt":{"rendered":"<p>Unisex hoodie i bomull och \u00e5tervunnen polyester. Huvan har dubbeltyg f\u00f6r en mer exklusiv look och en rund dragsko. Stor k\u00e4nguruficka framtill. Elastisk ribb 2&#215;2 med dubbels\u00f6m vid \u00e4rmslut och nederkant. Barnmodell skiljer sig i utseende fr\u00e5n vuxenmodell.<\/p>\n<div>\n<div><strong>F\u00f6r\u00e4dling: <\/strong>Tryckta loggor<strong><br \/>\n<\/strong><\/div>\n<div class=\"Text-sc-s31epd-0 iOMnrj d-inline f3-700 mr-1\"><strong>Material vuxen:<\/strong> 80% bomull och 20% \u00e5tervunnen polyester<\/div>\n<div><strong>Material barn:<\/strong> 65% polyester och 35% bomull<\/div>\n<div>\n<div>\n<div class=\"Text-sc-s31epd-0 iovWTc d-inline f3-700 mr-1\"><a href=\"https:\/\/images.nwgmedia.com\/pdf\/336904\/0201031_sv_storlek.pdf\" target=\"_blank\" rel=\"noopener\"><strong>Storlekstabell vuxen<\/strong><\/a><\/div>\n<div><a href=\"https:\/\/images.nwgmedia.com\/pdf\/304707\/021021_sv_storlek.pdf\">Storlekstabell barn<\/a><\/div>\n<\/div>\n<\/div>\n<\/div>\n","protected":false},"featured_media":5012,"template":"","meta":{"_uag_custom_page_level_css":""},"product_brand":[],"product_cat":[300],"product_tag":[],"class_list":{"0":"post-5046","1":"product","2":"type-product","3":"status-publish","4":"has-post-thumbnail","6":"product_cat-linkopings-faltrittklubb","7":"has-post-title","8":"has-post-date","9":"has-post-category","10":"has-post-tag","11":"has-post-comment","12":"has-post-author","13":"","15":"first","16":"instock","17":"taxable","18":"shipping-taxable","19":"purchasable","20":"product-type-variable"},"uagb_featured_image_src":{"full":["https:\/\/nehstore.com\/klubb\/wp-content\/uploads\/2025\/09\/Produkter-i-shop-Smedstadhood.jpg",850,850,false],"thumbnail":["https:\/\/nehstore.com\/klubb\/wp-content\/uploads\/2025\/09\/Produkter-i-shop-Smedstadhood-150x150.jpg",150,150,true],"medium":["https:\/\/nehstore.com\/klubb\/wp-content\/uploads\/2025\/09\/Produkter-i-shop-Smedstadhood-300x300.jpg",300,300,true],"medium_large":["https:\/\/nehstore.com\/klubb\/wp-content\/uploads\/2025\/09\/Produkter-i-shop-Smedstadhood-768x768.jpg",768,768,true],"large":["https:\/\/nehstore.com\/klubb\/wp-content\/uploads\/2025\/09\/Produkter-i-shop-Smedstadhood.jpg",850,850,false],"RoboGalleryMansoryImagesCenter":["https:\/\/nehstore.com\/klubb\/wp-content\/uploads\/2025\/09\/Produkter-i-shop-Smedstadhood-600x850.jpg",600,850,true],"RoboGalleryPreload":["https:\/\/nehstore.com\/klubb\/wp-content\/uploads\/2025\/09\/Produkter-i-shop-Smedstadhood-100x100.jpg",100,100,true],"1536x1536":["https:\/\/nehstore.com\/klubb\/wp-content\/uploads\/2025\/09\/Produkter-i-shop-Smedstadhood.jpg",850,850,false],"2048x2048":["https:\/\/nehstore.com\/klubb\/wp-content\/uploads\/2025\/09\/Produkter-i-shop-Smedstadhood.jpg",850,850,false],"woocommerce_thumbnail":["https:\/\/nehstore.com\/klubb\/wp-content\/uploads\/2025\/09\/Produkter-i-shop-Smedstadhood-300x300.jpg",300,300,true],"woocommerce_single":["https:\/\/nehstore.com\/klubb\/wp-content\/uploads\/2025\/09\/Produkter-i-shop-Smedstadhood-600x600-600x600.jpg",600,600,true],"woocommerce_gallery_thumbnail":["https:\/\/nehstore.com\/klubb\/wp-content\/uploads\/2025\/09\/Produkter-i-shop-Smedstadhood-100x100.jpg",100,100,true]},"uagb_author_info":{"display_name":"neh-nehstore2","author_link":"https:\/\/nehstore.com\/klubb\/author\/"},"uagb_comment_info":0,"uagb_excerpt":"Unisex hoodie i bomull och \u00e5tervunnen polyester. Huvan har dubbeltyg f\u00f6r en mer exklusiv look och en rund dragsko. Stor k\u00e4nguruficka framtill. Elastisk ribb 2x2 med dubbels\u00f6m vid \u00e4rmslut och nederkant. Barnmodell skiljer sig i utseende fr\u00e5n vuxenmodell. F\u00f6r\u00e4dling: Tryckta loggor Material vuxen: 80% bomull och 20% \u00e5tervunnen polyester Material barn: 65% polyester och 35%&hellip;","builder_content":"","_links":{"self":[{"href":"https:\/\/nehstore.com\/klubb\/wp-json\/wp\/v2\/product\/5046","targetHints":{"allow":["GET"]}}],"collection":[{"href":"https:\/\/nehstore.com\/klubb\/wp-json\/wp\/v2\/product"}],"about":[{"href":"https:\/\/nehstore.com\/klubb\/wp-json\/wp\/v2\/types\/product"}],"wp:featuredmedia":[{"embeddable":true,"href":"https:\/\/nehstore.com\/klubb\/wp-json\/wp\/v2\/media\/5012"}],"wp:attachment":[{"href":"https:\/\/nehstore.com\/klubb\/wp-json\/wp\/v2\/media?parent=5046"}],"wp:term":[{"taxonomy":"product_brand","embeddable":true,"href":"https:\/\/nehstore.com\/klubb\/wp-json\/wp\/v2\/product_brand?post=5046"},{"taxonomy":"product_cat","embeddable":true,"href":"https:\/\/nehstore.com\/klubb\/wp-json\/wp\/v2\/product_cat?post=5046"},{"taxonomy":"product_tag","embeddable":true,"href":"https:\/\/nehstore.com\/klubb\/wp-json\/wp\/v2\/product_tag?post=5046"}],"curies":[{"name":"wp","href":"https:\/\/api.w.org\/{rel}","templated":true}]}}