{"id":5048,"date":"2025-09-19T07:17:00","date_gmt":"2025-09-19T07:17:00","guid":{"rendered":"https:\/\/nehstore.com\/klubb\/?post_type=product&#038;p=5048"},"modified":"2025-11-04T15:26:14","modified_gmt":"2025-11-04T15:26:14","slug":"hoodtroja-zip-lfk","status":"publish","type":"product","link":"https:\/\/nehstore.com\/klubb\/produkt\/hoodtroja-zip-lfk\/","title":{"rendered":"Hoodtr\u00f6ja Zip, LFK"},"content":{"rendered":"<!--themify_builder_content-->\n<div id=\"themify_builder_content-5048\" data-postid=\"5048\" class=\"themify_builder_content themify_builder_content-5048 themify_builder tf_clear\">\n    <\/div>\n<!--\/themify_builder_content-->\n","protected":false},"excerpt":{"rendered":"<p>Ton-i-ton dragkedja framtill, p\u00e5 de tv\u00e5 frontfickorna samt p\u00e5 \u00e4rmficka. Flata sn\u00f6ren i huvan, fiskbensm\u00f6nstrat nackband i halsen, ribbad mudd i \u00e4rmavslut och nedtill.<br \/>\n<span style=\"text-decoration: underline;\"><strong>Notera att barnmodellen skiljer sig fr\u00e5n vuxenmodellen. (Saknar huva &amp; sn\u00f6ren)<\/strong><\/span><\/p>\n<div>\n<div><strong>F\u00f6r\u00e4dling:<\/strong> Tryckta loggor<\/div>\n<div class=\"Text-sc-s31epd-0 iovWTc d-inline f3-700 mr-1\"><strong>Material:<\/strong> 100% polyester<br \/>\n<strong>Vikt:<\/strong> 280 g\/m2<br \/>\n<a href=\"https:\/\/images.nwgmedia.com\/pdf\/304555\/021014_sv_storlek.pdf\" target=\"_blank\" rel=\"noopener\"><strong>Storlekstabell herr<\/strong><\/a><br \/>\n<a href=\"https:\/\/images.nwgmedia.com\/pdf\/304546\/021015_sv_storlek.pdf\" target=\"_blank\" rel=\"noopener\"><strong>Storlekstabell dam<\/strong><\/a><br \/>\n<a href=\"https:\/\/images.nwgmedia.com\/pdf\/304632\/021068_sv_storlek.pdf\" target=\"_blank\" rel=\"noopener\"><strong>Storlekstabell barn<\/strong><\/a><\/div>\n<\/div>\n","protected":false},"featured_media":5013,"template":"","meta":{"_uag_custom_page_level_css":""},"product_brand":[],"product_cat":[300],"product_tag":[],"class_list":{"0":"post-5048","1":"product","2":"type-product","3":"status-publish","4":"has-post-thumbnail","6":"product_cat-linkopings-faltrittklubb","7":"has-post-title","8":"has-post-date","9":"has-post-category","10":"has-post-tag","11":"has-post-comment","12":"has-post-author","13":"","15":"first","16":"instock","17":"taxable","18":"shipping-taxable","19":"purchasable","20":"product-type-variable"},"uagb_featured_image_src":{"full":["https:\/\/nehstore.com\/klubb\/wp-content\/uploads\/2025\/09\/Produkter-i-shop-Smedstadzip.jpg",850,850,false],"thumbnail":["https:\/\/nehstore.com\/klubb\/wp-content\/uploads\/2025\/09\/Produkter-i-shop-Smedstadzip-150x150.jpg",150,150,true],"medium":["https:\/\/nehstore.com\/klubb\/wp-content\/uploads\/2025\/09\/Produkter-i-shop-Smedstadzip-300x300.jpg",300,300,true],"medium_large":["https:\/\/nehstore.com\/klubb\/wp-content\/uploads\/2025\/09\/Produkter-i-shop-Smedstadzip-768x768.jpg",768,768,true],"large":["https:\/\/nehstore.com\/klubb\/wp-content\/uploads\/2025\/09\/Produkter-i-shop-Smedstadzip.jpg",850,850,false],"RoboGalleryMansoryImagesCenter":["https:\/\/nehstore.com\/klubb\/wp-content\/uploads\/2025\/09\/Produkter-i-shop-Smedstadzip-600x850.jpg",600,850,true],"RoboGalleryPreload":["https:\/\/nehstore.com\/klubb\/wp-content\/uploads\/2025\/09\/Produkter-i-shop-Smedstadzip-100x100.jpg",100,100,true],"1536x1536":["https:\/\/nehstore.com\/klubb\/wp-content\/uploads\/2025\/09\/Produkter-i-shop-Smedstadzip.jpg",850,850,false],"2048x2048":["https:\/\/nehstore.com\/klubb\/wp-content\/uploads\/2025\/09\/Produkter-i-shop-Smedstadzip.jpg",850,850,false],"woocommerce_thumbnail":["https:\/\/nehstore.com\/klubb\/wp-content\/uploads\/2025\/09\/Produkter-i-shop-Smedstadzip-300x300.jpg",300,300,true],"woocommerce_single":["https:\/\/nehstore.com\/klubb\/wp-content\/uploads\/2025\/09\/Produkter-i-shop-Smedstadzip-600x600-600x600.jpg",600,600,true],"woocommerce_gallery_thumbnail":["https:\/\/nehstore.com\/klubb\/wp-content\/uploads\/2025\/09\/Produkter-i-shop-Smedstadzip-100x100.jpg",100,100,true]},"uagb_author_info":{"display_name":"neh-nehstore2","author_link":"https:\/\/nehstore.com\/klubb\/author\/"},"uagb_comment_info":0,"uagb_excerpt":"Ton-i-ton dragkedja framtill, p\u00e5 de tv\u00e5 frontfickorna samt p\u00e5 \u00e4rmficka. Flata sn\u00f6ren i huvan, fiskbensm\u00f6nstrat nackband i halsen, ribbad mudd i \u00e4rmavslut och nedtill. Notera att barnmodellen skiljer sig fr\u00e5n vuxenmodellen. (Saknar huva &amp; sn\u00f6ren) F\u00f6r\u00e4dling: Tryckta loggor Material: 100% polyester Vikt: 280 g\/m2 Storlekstabell herr Storlekstabell dam Storlekstabell barn","builder_content":"","_links":{"self":[{"href":"https:\/\/nehstore.com\/klubb\/wp-json\/wp\/v2\/product\/5048","targetHints":{"allow":["GET"]}}],"collection":[{"href":"https:\/\/nehstore.com\/klubb\/wp-json\/wp\/v2\/product"}],"about":[{"href":"https:\/\/nehstore.com\/klubb\/wp-json\/wp\/v2\/types\/product"}],"wp:featuredmedia":[{"embeddable":true,"href":"https:\/\/nehstore.com\/klubb\/wp-json\/wp\/v2\/media\/5013"}],"wp:attachment":[{"href":"https:\/\/nehstore.com\/klubb\/wp-json\/wp\/v2\/media?parent=5048"}],"wp:term":[{"taxonomy":"product_brand","embeddable":true,"href":"https:\/\/nehstore.com\/klubb\/wp-json\/wp\/v2\/product_brand?post=5048"},{"taxonomy":"product_cat","embeddable":true,"href":"https:\/\/nehstore.com\/klubb\/wp-json\/wp\/v2\/product_cat?post=5048"},{"taxonomy":"product_tag","embeddable":true,"href":"https:\/\/nehstore.com\/klubb\/wp-json\/wp\/v2\/product_tag?post=5048"}],"curies":[{"name":"wp","href":"https:\/\/api.w.org\/{rel}","templated":true}]}}