{"id":5052,"date":"2025-09-19T07:17:01","date_gmt":"2025-09-19T07:17:01","guid":{"rendered":"https:\/\/nehstore.com\/klubb\/?post_type=product&#038;p=5052"},"modified":"2025-11-04T15:22:23","modified_gmt":"2025-11-04T15:22:23","slug":"pullover-rundhals-vuxen-lfk","status":"publish","type":"product","link":"https:\/\/nehstore.com\/klubb\/produkt\/pullover-rundhals-vuxen-lfk\/","title":{"rendered":"Pullover Rundhals Vuxen, LFK"},"content":{"rendered":"<!--themify_builder_content-->\n<div id=\"themify_builder_content-5052\" data-postid=\"5052\" class=\"themify_builder_content themify_builder_content-5052 themify_builder tf_clear\">\n    <\/div>\n<!--\/themify_builder_content-->\n","protected":false},"excerpt":{"rendered":"<p>Den stickade konstruktionen \u00e4r mjuk och inte f\u00f6r tjock, vilket g\u00f6r att den fungerar perfekt \u00f6ver en skjorta. Garnblandningen ger dig en behaglig mjukhet fr\u00e5n bomullen och l\u00e5ng t\u00e5lighet fr\u00e5n nylonet.<\/p>\n<div>\n<div><strong>F\u00f6r\u00e4dling: <\/strong>Broderade loggor<\/div>\n<div class=\"Text-sc-s31epd-0 iovWTc d-inline f3-700 mr-1\"><strong>Material:<\/strong> 80% bomull, 20% nylon<\/div>\n<\/div>\n<div>\n<div class=\"Text-sc-s31epd-0 iovWTc d-inline f3-700 mr-1\"><strong>Vikt:<\/strong> 200 g\/m2<br \/>\n<a href=\"https:\/\/images.nwgmedia.com\/pdf\/305767\/355416_sv_storlek.pdf\" target=\"_blank\" rel=\"noopener\"><strong>Storlekstabell herr<\/strong><\/a><br \/>\n<a href=\"https:\/\/images.nwgmedia.com\/pdf\/305850\/355417_sv_storlek.pdf\" target=\"_blank\" rel=\"noopener\"><strong>Storlekstabell dam<\/strong><\/a><\/div>\n<\/div>\n","protected":false},"featured_media":5010,"template":"","meta":{"_uag_custom_page_level_css":""},"product_brand":[],"product_cat":[300],"product_tag":[],"class_list":{"0":"post-5052","1":"product","2":"type-product","3":"status-publish","4":"has-post-thumbnail","6":"product_cat-linkopings-faltrittklubb","7":"has-post-title","8":"has-post-date","9":"has-post-category","10":"has-post-tag","11":"has-post-comment","12":"has-post-author","13":"","15":"first","16":"instock","17":"taxable","18":"shipping-taxable","19":"purchasable","20":"product-type-variable"},"uagb_featured_image_src":{"full":["https:\/\/nehstore.com\/klubb\/wp-content\/uploads\/2025\/09\/Produkter-i-shop-Smedstadtr2.jpg",850,850,false],"thumbnail":["https:\/\/nehstore.com\/klubb\/wp-content\/uploads\/2025\/09\/Produkter-i-shop-Smedstadtr2-150x150.jpg",150,150,true],"medium":["https:\/\/nehstore.com\/klubb\/wp-content\/uploads\/2025\/09\/Produkter-i-shop-Smedstadtr2-300x300.jpg",300,300,true],"medium_large":["https:\/\/nehstore.com\/klubb\/wp-content\/uploads\/2025\/09\/Produkter-i-shop-Smedstadtr2-768x768.jpg",768,768,true],"large":["https:\/\/nehstore.com\/klubb\/wp-content\/uploads\/2025\/09\/Produkter-i-shop-Smedstadtr2.jpg",850,850,false],"RoboGalleryMansoryImagesCenter":["https:\/\/nehstore.com\/klubb\/wp-content\/uploads\/2025\/09\/Produkter-i-shop-Smedstadtr2-600x850.jpg",600,850,true],"RoboGalleryPreload":["https:\/\/nehstore.com\/klubb\/wp-content\/uploads\/2025\/09\/Produkter-i-shop-Smedstadtr2-100x100.jpg",100,100,true],"1536x1536":["https:\/\/nehstore.com\/klubb\/wp-content\/uploads\/2025\/09\/Produkter-i-shop-Smedstadtr2.jpg",850,850,false],"2048x2048":["https:\/\/nehstore.com\/klubb\/wp-content\/uploads\/2025\/09\/Produkter-i-shop-Smedstadtr2.jpg",850,850,false],"woocommerce_thumbnail":["https:\/\/nehstore.com\/klubb\/wp-content\/uploads\/2025\/09\/Produkter-i-shop-Smedstadtr2-300x300.jpg",300,300,true],"woocommerce_single":["https:\/\/nehstore.com\/klubb\/wp-content\/uploads\/2025\/09\/Produkter-i-shop-Smedstadtr2-600x600-600x600.jpg",600,600,true],"woocommerce_gallery_thumbnail":["https:\/\/nehstore.com\/klubb\/wp-content\/uploads\/2025\/09\/Produkter-i-shop-Smedstadtr2-100x100.jpg",100,100,true]},"uagb_author_info":{"display_name":"neh-nehstore2","author_link":"https:\/\/nehstore.com\/klubb\/author\/"},"uagb_comment_info":0,"uagb_excerpt":"Den stickade konstruktionen \u00e4r mjuk och inte f\u00f6r tjock, vilket g\u00f6r att den fungerar perfekt \u00f6ver en skjorta. Garnblandningen ger dig en behaglig mjukhet fr\u00e5n bomullen och l\u00e5ng t\u00e5lighet fr\u00e5n nylonet. F\u00f6r\u00e4dling: Broderade loggor Material: 80% bomull, 20% nylon Vikt: 200 g\/m2 Storlekstabell herr Storlekstabell dam","builder_content":"","_links":{"self":[{"href":"https:\/\/nehstore.com\/klubb\/wp-json\/wp\/v2\/product\/5052","targetHints":{"allow":["GET"]}}],"collection":[{"href":"https:\/\/nehstore.com\/klubb\/wp-json\/wp\/v2\/product"}],"about":[{"href":"https:\/\/nehstore.com\/klubb\/wp-json\/wp\/v2\/types\/product"}],"wp:featuredmedia":[{"embeddable":true,"href":"https:\/\/nehstore.com\/klubb\/wp-json\/wp\/v2\/media\/5010"}],"wp:attachment":[{"href":"https:\/\/nehstore.com\/klubb\/wp-json\/wp\/v2\/media?parent=5052"}],"wp:term":[{"taxonomy":"product_brand","embeddable":true,"href":"https:\/\/nehstore.com\/klubb\/wp-json\/wp\/v2\/product_brand?post=5052"},{"taxonomy":"product_cat","embeddable":true,"href":"https:\/\/nehstore.com\/klubb\/wp-json\/wp\/v2\/product_cat?post=5052"},{"taxonomy":"product_tag","embeddable":true,"href":"https:\/\/nehstore.com\/klubb\/wp-json\/wp\/v2\/product_tag?post=5052"}],"curies":[{"name":"wp","href":"https:\/\/api.w.org\/{rel}","templated":true}]}}