{"id":5312,"date":"2025-10-13T11:48:01","date_gmt":"2025-10-13T11:48:01","guid":{"rendered":"https:\/\/nehstore.com\/klubb\/?post_type=product&#038;p=5312"},"modified":"2026-03-20T13:14:10","modified_gmt":"2026-03-20T13:14:10","slug":"ziptroja-bomull-herr-srk","status":"publish","type":"product","link":"https:\/\/nehstore.com\/klubb\/produkt\/ziptroja-bomull-herr-srk\/","title":{"rendered":"Ziptr\u00f6ja Bomull Herr, SRK"},"content":{"rendered":"<!--themify_builder_content-->\n<div id=\"themify_builder_content-5312\" data-postid=\"5312\" class=\"themify_builder_content themify_builder_content-5312 themify_builder tf_clear\">\n    <\/div>\n<!--\/themify_builder_content-->\n","protected":false},"excerpt":{"rendered":"<p>Sweatshirt cardigan med hel dragkedja framtill. Tv\u00e5 framfickor med dragkedjor, ribbad i mudd och avslut. Borstad insida. Mjukt och stabiliserat material som l\u00e4mpar sig perfekt f\u00f6r intensiv tv\u00e4tt, materialet \u00e4r \u00e4ven anti-pilling behandlat. Smart detalj f\u00f6r att kunna b\u00e4ra h\u00f6rlurar ing\u00e5r. Observera att produkten heter bomull i namnet, men inneh\u00e5ller mestadels polyester. Tr\u00f6jan k\u00e4nns dock mjuk och sk\u00f6n som en bomullstr\u00f6ja, d\u00e4rav namnet.<\/p>\n<div>\n<div><strong>F\u00f6r\u00e4dling: <\/strong>Tryckta loggor<\/div>\n<div class=\"Text-sc-s31epd-0 iOMnrj d-inline f3-700 mr-1\"><strong>Material:<\/strong> 65% polyester och 35% bomull<\/div>\n<div>\n<div>\n<div class=\"Text-sc-s31epd-0 iOMnrj d-inline f3-700 mr-1\"><strong>Vikt:<\/strong> 280 g\/m2<\/div>\n<\/div>\n<\/div>\n<\/div>\n","protected":false},"featured_media":5958,"template":"","meta":{"_uag_custom_page_level_css":""},"product_brand":[],"product_cat":[310],"product_tag":[],"class_list":{"0":"post-5312","1":"product","2":"type-product","3":"status-publish","4":"has-post-thumbnail","6":"product_cat-skelleftea-ridklubb","7":"has-post-title","8":"has-post-date","9":"has-post-category","10":"has-post-tag","11":"has-post-comment","12":"has-post-author","13":"","15":"first","16":"instock","17":"taxable","18":"shipping-taxable","19":"purchasable","20":"product-type-variable"},"uagb_featured_image_src":{"full":["https:\/\/nehstore.com\/klubb\/wp-content\/uploads\/2026\/03\/SRK-produkter-shopsweatprem.jpg",842,842,false],"thumbnail":["https:\/\/nehstore.com\/klubb\/wp-content\/uploads\/2026\/03\/SRK-produkter-shopsweatprem-150x150.jpg",150,150,true],"medium":["https:\/\/nehstore.com\/klubb\/wp-content\/uploads\/2026\/03\/SRK-produkter-shopsweatprem-300x300.jpg",300,300,true],"medium_large":["https:\/\/nehstore.com\/klubb\/wp-content\/uploads\/2026\/03\/SRK-produkter-shopsweatprem-768x768.jpg",768,768,true],"large":["https:\/\/nehstore.com\/klubb\/wp-content\/uploads\/2026\/03\/SRK-produkter-shopsweatprem.jpg",842,842,false],"RoboGalleryMansoryImagesCenter":["https:\/\/nehstore.com\/klubb\/wp-content\/uploads\/2026\/03\/SRK-produkter-shopsweatprem-600x842.jpg",600,842,true],"RoboGalleryPreload":["https:\/\/nehstore.com\/klubb\/wp-content\/uploads\/2026\/03\/SRK-produkter-shopsweatprem-100x100.jpg",100,100,true],"1536x1536":["https:\/\/nehstore.com\/klubb\/wp-content\/uploads\/2026\/03\/SRK-produkter-shopsweatprem.jpg",842,842,false],"2048x2048":["https:\/\/nehstore.com\/klubb\/wp-content\/uploads\/2026\/03\/SRK-produkter-shopsweatprem.jpg",842,842,false],"woocommerce_thumbnail":["https:\/\/nehstore.com\/klubb\/wp-content\/uploads\/2026\/03\/SRK-produkter-shopsweatprem-300x300.jpg",300,300,true],"woocommerce_single":["https:\/\/nehstore.com\/klubb\/wp-content\/uploads\/2026\/03\/SRK-produkter-shopsweatprem-600x600.jpg",600,600,true],"woocommerce_gallery_thumbnail":["https:\/\/nehstore.com\/klubb\/wp-content\/uploads\/2026\/03\/SRK-produkter-shopsweatprem-100x100.jpg",100,100,true]},"uagb_author_info":{"display_name":"neh-nehstore2","author_link":"https:\/\/nehstore.com\/klubb\/author\/"},"uagb_comment_info":0,"uagb_excerpt":"Sweatshirt cardigan med hel dragkedja framtill. Tv\u00e5 framfickor med dragkedjor, ribbad i mudd och avslut. Borstad insida. Mjukt och stabiliserat material som l\u00e4mpar sig perfekt f\u00f6r intensiv tv\u00e4tt, materialet \u00e4r \u00e4ven anti-pilling behandlat. Smart detalj f\u00f6r att kunna b\u00e4ra h\u00f6rlurar ing\u00e5r. Observera att produkten heter bomull i namnet, men inneh\u00e5ller mestadels polyester. Tr\u00f6jan k\u00e4nns dock&hellip;","builder_content":"","_links":{"self":[{"href":"https:\/\/nehstore.com\/klubb\/wp-json\/wp\/v2\/product\/5312","targetHints":{"allow":["GET"]}}],"collection":[{"href":"https:\/\/nehstore.com\/klubb\/wp-json\/wp\/v2\/product"}],"about":[{"href":"https:\/\/nehstore.com\/klubb\/wp-json\/wp\/v2\/types\/product"}],"wp:featuredmedia":[{"embeddable":true,"href":"https:\/\/nehstore.com\/klubb\/wp-json\/wp\/v2\/media\/5958"}],"wp:attachment":[{"href":"https:\/\/nehstore.com\/klubb\/wp-json\/wp\/v2\/media?parent=5312"}],"wp:term":[{"taxonomy":"product_brand","embeddable":true,"href":"https:\/\/nehstore.com\/klubb\/wp-json\/wp\/v2\/product_brand?post=5312"},{"taxonomy":"product_cat","embeddable":true,"href":"https:\/\/nehstore.com\/klubb\/wp-json\/wp\/v2\/product_cat?post=5312"},{"taxonomy":"product_tag","embeddable":true,"href":"https:\/\/nehstore.com\/klubb\/wp-json\/wp\/v2\/product_tag?post=5312"}],"curies":[{"name":"wp","href":"https:\/\/api.w.org\/{rel}","templated":true}]}}