{"id":856,"date":"2024-02-21T14:10:30","date_gmt":"2024-02-21T14:10:30","guid":{"rendered":"https:\/\/nehstore.com\/klubb\/?post_type=product&#038;p=856"},"modified":"2025-01-16T08:21:15","modified_gmt":"2025-01-16T08:21:15","slug":"softshelljacka-herr-2","status":"publish","type":"product","link":"https:\/\/nehstore.com\/klubb\/produkt\/softshelljacka-herr-2\/","title":{"rendered":"Softshelljacka, Herr"},"content":{"rendered":"<!--themify_builder_content-->\n<div id=\"themify_builder_content-856\" data-postid=\"856\" class=\"themify_builder_content themify_builder_content-856 themify_builder tf_clear\">\n    <\/div>\n<!--\/themify_builder_content-->\n","protected":false},"excerpt":{"rendered":"<p>3-lagers softshelljacka tillverkad i \u00e5tervunnen polyester. Ton-i-ton omv\u00e4nd dragkedja mitt fram samt tre utv\u00e4ndiga fickor och tv\u00e5 innerfickor. Elastiskt avslut i nederkant samt \u00e4rmar. WP 3000 \/ MVP 1000.<\/p>\n<div>\n<div><strong>F\u00f6r\u00e4dling: <\/strong>Broderad logga<\/div>\n<div class=\"Text-sc-s31epd-0 iOMnrj d-inline f3-700 mr-1\"><strong>Material:<\/strong> 96% \u00e5tervunnen polyester och 4% spandex<\/div>\n<div>\n<div>\n<div class=\"Text-sc-s31epd-0 iOMnrj d-inline f3-700 mr-1\"><strong>Vikt:<\/strong> 280 g\/m2<\/div>\n<\/div>\n<\/div>\n<\/div>\n","protected":false},"featured_media":873,"template":"","meta":{"_uag_custom_page_level_css":""},"product_brand":[],"product_cat":[25,246],"product_tag":[],"class_list":{"0":"post-856","1":"product","2":"type-product","3":"status-publish","4":"has-post-thumbnail","6":"product_cat-mall-herr","7":"product_cat-mallar-alla","8":"has-post-title","9":"has-post-date","10":"has-post-category","11":"has-post-tag","12":"has-post-comment","13":"has-post-author","14":"","16":"first","17":"instock","18":"taxable","19":"shipping-taxable","20":"purchasable","21":"product-type-variable"},"uagb_featured_image_src":{"full":["https:\/\/nehstore.com\/klubb\/wp-content\/uploads\/2024\/02\/softshelljacka-herr-svart.jpg",842,842,false],"thumbnail":["https:\/\/nehstore.com\/klubb\/wp-content\/uploads\/2024\/02\/softshelljacka-herr-svart-150x150.jpg",150,150,true],"medium":["https:\/\/nehstore.com\/klubb\/wp-content\/uploads\/2024\/02\/softshelljacka-herr-svart-300x300.jpg",300,300,true],"medium_large":["https:\/\/nehstore.com\/klubb\/wp-content\/uploads\/2024\/02\/softshelljacka-herr-svart-768x768.jpg",768,768,true],"large":["https:\/\/nehstore.com\/klubb\/wp-content\/uploads\/2024\/02\/softshelljacka-herr-svart.jpg",842,842,false],"RoboGalleryMansoryImagesCenter":["https:\/\/nehstore.com\/klubb\/wp-content\/uploads\/2024\/02\/softshelljacka-herr-svart.jpg",600,600,false],"RoboGalleryPreload":["https:\/\/nehstore.com\/klubb\/wp-content\/uploads\/2024\/02\/softshelljacka-herr-svart.jpg",100,100,false],"1536x1536":["https:\/\/nehstore.com\/klubb\/wp-content\/uploads\/2024\/02\/softshelljacka-herr-svart.jpg",842,842,false],"2048x2048":["https:\/\/nehstore.com\/klubb\/wp-content\/uploads\/2024\/02\/softshelljacka-herr-svart.jpg",842,842,false],"woocommerce_thumbnail":["https:\/\/nehstore.com\/klubb\/wp-content\/uploads\/2024\/02\/softshelljacka-herr-svart-300x300.jpg",300,300,true],"woocommerce_single":["https:\/\/nehstore.com\/klubb\/wp-content\/uploads\/2024\/02\/softshelljacka-herr-svart-600x600.jpg",600,600,true],"woocommerce_gallery_thumbnail":["https:\/\/nehstore.com\/klubb\/wp-content\/uploads\/2024\/02\/softshelljacka-herr-svart-100x100.jpg",100,100,true]},"uagb_author_info":{"display_name":"neh-nehstore2","author_link":"https:\/\/nehstore.com\/klubb\/author\/"},"uagb_comment_info":0,"uagb_excerpt":"3-lagers softshelljacka tillverkad i \u00e5tervunnen polyester. Ton-i-ton omv\u00e4nd dragkedja mitt fram samt tre utv\u00e4ndiga fickor och tv\u00e5 innerfickor. Elastiskt avslut i nederkant samt \u00e4rmar. WP 3000 \/ MVP 1000. F\u00f6r\u00e4dling: Broderad logga Material: 96% \u00e5tervunnen polyester och 4% spandex Vikt: 280 g\/m2","builder_content":"","_links":{"self":[{"href":"https:\/\/nehstore.com\/klubb\/wp-json\/wp\/v2\/product\/856","targetHints":{"allow":["GET"]}}],"collection":[{"href":"https:\/\/nehstore.com\/klubb\/wp-json\/wp\/v2\/product"}],"about":[{"href":"https:\/\/nehstore.com\/klubb\/wp-json\/wp\/v2\/types\/product"}],"wp:featuredmedia":[{"embeddable":true,"href":"https:\/\/nehstore.com\/klubb\/wp-json\/wp\/v2\/media\/873"}],"wp:attachment":[{"href":"https:\/\/nehstore.com\/klubb\/wp-json\/wp\/v2\/media?parent=856"}],"wp:term":[{"taxonomy":"product_brand","embeddable":true,"href":"https:\/\/nehstore.com\/klubb\/wp-json\/wp\/v2\/product_brand?post=856"},{"taxonomy":"product_cat","embeddable":true,"href":"https:\/\/nehstore.com\/klubb\/wp-json\/wp\/v2\/product_cat?post=856"},{"taxonomy":"product_tag","embeddable":true,"href":"https:\/\/nehstore.com\/klubb\/wp-json\/wp\/v2\/product_tag?post=856"}],"curies":[{"name":"wp","href":"https:\/\/api.w.org\/{rel}","templated":true}]}}