{"id":884,"date":"2024-02-21T14:10:37","date_gmt":"2024-02-21T14:10:37","guid":{"rendered":"https:\/\/nehstore.com\/klubb\/?post_type=product&#038;p=884"},"modified":"2025-01-16T08:21:14","modified_gmt":"2025-01-16T08:21:14","slug":"fleecetroja-dam-2","status":"publish","type":"product","link":"https:\/\/nehstore.com\/klubb\/produkt\/fleecetroja-dam-2\/","title":{"rendered":"Fleecetr\u00f6ja, Dam"},"content":{"rendered":"<!--themify_builder_content-->\n<div id=\"themify_builder_content-884\" data-postid=\"884\" class=\"themify_builder_content themify_builder_content-884 themify_builder tf_clear\">\n    <\/div>\n<!--\/themify_builder_content-->\n","protected":false},"excerpt":{"rendered":"<p>Microfleece jacka med tv\u00e5 sidofickor med dragkedja samt tv\u00e5 innerfickor. SBS dragkedjor.<\/p>\n<div>\n<div><strong>F\u00f6r\u00e4dling: <\/strong>Broderad logga<strong><br \/>\n<\/strong><\/div>\n<div class=\"Text-sc-s31epd-0 iOMnrj d-inline f3-700 mr-1\"><strong>Material:<\/strong> 100% polyester, antipilling behandlad microfleece<\/div>\n<div>\n<div>\n<div class=\"Text-sc-s31epd-0 iovWTc d-inline f3-700 mr-1\"><strong>Vikt<\/strong>: 190 g\/m2<\/div>\n<\/div>\n<\/div>\n<\/div>\n","protected":false},"featured_media":911,"template":"","meta":{"_uag_custom_page_level_css":""},"product_brand":[],"product_cat":[19,246],"product_tag":[],"class_list":{"0":"post-884","1":"product","2":"type-product","3":"status-publish","4":"has-post-thumbnail","6":"product_cat-mall-dam","7":"product_cat-mallar-alla","8":"has-post-title","9":"has-post-date","10":"has-post-category","11":"has-post-tag","12":"has-post-comment","13":"has-post-author","14":"","16":"first","17":"instock","18":"taxable","19":"shipping-taxable","20":"purchasable","21":"product-type-variable"},"uagb_featured_image_src":{"full":["https:\/\/nehstore.com\/klubb\/wp-content\/uploads\/2024\/02\/fleecetrojadam-svart.jpg",842,842,false],"thumbnail":["https:\/\/nehstore.com\/klubb\/wp-content\/uploads\/2024\/02\/fleecetrojadam-svart-150x150.jpg",150,150,true],"medium":["https:\/\/nehstore.com\/klubb\/wp-content\/uploads\/2024\/02\/fleecetrojadam-svart-300x300.jpg",300,300,true],"medium_large":["https:\/\/nehstore.com\/klubb\/wp-content\/uploads\/2024\/02\/fleecetrojadam-svart-768x768.jpg",768,768,true],"large":["https:\/\/nehstore.com\/klubb\/wp-content\/uploads\/2024\/02\/fleecetrojadam-svart.jpg",842,842,false],"RoboGalleryMansoryImagesCenter":["https:\/\/nehstore.com\/klubb\/wp-content\/uploads\/2024\/02\/fleecetrojadam-svart.jpg",600,600,false],"RoboGalleryPreload":["https:\/\/nehstore.com\/klubb\/wp-content\/uploads\/2024\/02\/fleecetrojadam-svart.jpg",100,100,false],"1536x1536":["https:\/\/nehstore.com\/klubb\/wp-content\/uploads\/2024\/02\/fleecetrojadam-svart.jpg",842,842,false],"2048x2048":["https:\/\/nehstore.com\/klubb\/wp-content\/uploads\/2024\/02\/fleecetrojadam-svart.jpg",842,842,false],"woocommerce_thumbnail":["https:\/\/nehstore.com\/klubb\/wp-content\/uploads\/2024\/02\/fleecetrojadam-svart-300x300.jpg",300,300,true],"woocommerce_single":["https:\/\/nehstore.com\/klubb\/wp-content\/uploads\/2024\/02\/fleecetrojadam-svart-600x600.jpg",600,600,true],"woocommerce_gallery_thumbnail":["https:\/\/nehstore.com\/klubb\/wp-content\/uploads\/2024\/02\/fleecetrojadam-svart-100x100.jpg",100,100,true]},"uagb_author_info":{"display_name":"neh-nehstore2","author_link":"https:\/\/nehstore.com\/klubb\/author\/"},"uagb_comment_info":0,"uagb_excerpt":"Microfleece jacka med tv\u00e5 sidofickor med dragkedja samt tv\u00e5 innerfickor. SBS dragkedjor. F\u00f6r\u00e4dling: Broderad logga Material: 100% polyester, antipilling behandlad microfleece Vikt: 190 g\/m2","builder_content":"","_links":{"self":[{"href":"https:\/\/nehstore.com\/klubb\/wp-json\/wp\/v2\/product\/884","targetHints":{"allow":["GET"]}}],"collection":[{"href":"https:\/\/nehstore.com\/klubb\/wp-json\/wp\/v2\/product"}],"about":[{"href":"https:\/\/nehstore.com\/klubb\/wp-json\/wp\/v2\/types\/product"}],"wp:featuredmedia":[{"embeddable":true,"href":"https:\/\/nehstore.com\/klubb\/wp-json\/wp\/v2\/media\/911"}],"wp:attachment":[{"href":"https:\/\/nehstore.com\/klubb\/wp-json\/wp\/v2\/media?parent=884"}],"wp:term":[{"taxonomy":"product_brand","embeddable":true,"href":"https:\/\/nehstore.com\/klubb\/wp-json\/wp\/v2\/product_brand?post=884"},{"taxonomy":"product_cat","embeddable":true,"href":"https:\/\/nehstore.com\/klubb\/wp-json\/wp\/v2\/product_cat?post=884"},{"taxonomy":"product_tag","embeddable":true,"href":"https:\/\/nehstore.com\/klubb\/wp-json\/wp\/v2\/product_tag?post=884"}],"curies":[{"name":"wp","href":"https:\/\/api.w.org\/{rel}","templated":true}]}}