{"id":1898,"date":"2024-03-08T14:36:39","date_gmt":"2024-03-08T14:36:39","guid":{"rendered":"https:\/\/nehstore.com\/nyshop\/?page_id=1898"},"modified":"2024-04-26T12:24:15","modified_gmt":"2024-04-26T12:24:15","slug":"information-kopvillkor","status":"publish","type":"page","link":"https:\/\/nehstore.com\/nyshop\/information-kopvillkor\/","title":{"rendered":"Information &#038; k\u00f6pvillkor"},"content":{"rendered":"<!--themify_builder_content-->\n<div id=\"themify_builder_content-1898\" data-postid=\"1898\" class=\"themify_builder_content themify_builder_content-1898 themify_builder tf_clear\">\n                    <div  data-lazy=\"1\" class=\"module_row themify_builder_row tb_syx8306 tb_first tf_w\">\n                        <div class=\"row_inner col_align_top tb_col_count_1 tf_box tf_rel\">\n                        <div  data-lazy=\"1\" class=\"module_column tb-column col-full tb_7e1q306 first\">\n                            <div  data-lazy=\"1\" class=\"module_subrow themify_builder_sub_row tf_w col_align_top tb_col_count_2 tb_r5tm307\">\n                <div  data-lazy=\"1\" class=\"module_column sub_column col4-2 tb_v2w1307 first\">\n                    <!-- module text -->\n<div  class=\"module module-text tb_or8a307   \" data-lazy=\"1\">\n        <div  class=\"tb_text_wrap\">\n        <h4>OM DENNA SIDA<\/h4>\n<p>Administration och drift av denna webbshop hanteras av NeH Direkt AB. Vid fr\u00e5gor, v\u00e4nligen kontakta oss. Du hittar kontaktuppgifterna under sidan &#8221;kontakta oss&#8221;.<\/p>    <\/div>\n<\/div>\n<!-- \/module text --><!-- module text -->\n<div  class=\"module module-text tb_b84c82   \" data-lazy=\"1\">\n        <div  class=\"tb_text_wrap\">\n        <h4>LEVERANSTID &amp; KOSTNAD<\/h4>\n<p>Leveranstiden f\u00f6r en ny shop \u00e4r vanligtvis 20 arbetsdagar, men oftast g\u00e5r det snabbare \u00e4n s\u00e5. OM det skulle ta l\u00e4ngre tid \u00e4n 20 arbetsdagar s\u00e5 kommer vi att kontakta er innan, ni har d\u00e5 \u00e4ven m\u00f6jlighet att avbryta framtagandet av er nya shop kostnadsfritt om ni tycker att det tar f\u00f6r l\u00e5ng tid. Observera att det \u00e4r f\u00f6rsta utkastet p\u00e5 shoppen som \u00e4r klar inom 20 arbetsdagar, vill ni ha \u00e4ndringar s\u00e5 kommer det att ta l\u00e4ngre tid.<\/p>\n<p>Kostnaden f\u00f6r en shop hos oss \u00e4r endast startpaketet, vilket \u00e4r en eng\u00e5ngskostnad. Om du har valt fel startpaket kommer vi att kontakta dig f\u00f6r att fr\u00e5ga om du vill byta produkter som motsvarar ditt valda startpaket, alternativt skicka ut en kostnad p\u00e5 mellanskillnaden av startpaketet f\u00f6r att matcha dina \u00f6nskem\u00e5l av produkter och tryck.<\/p>\n<p>Tiden f\u00f6r att ta fram en shop startar s\u00e5 fort vi har f\u00e5tt in ordern via Klarna. R\u00f6da dagar r\u00e4knas ej inom leveranstiden. Vid eventuella f\u00f6rseningar s\u00e5 kommer vi att kontakta dig i god tid innan.<\/p>    <\/div>\n<\/div>\n<!-- \/module text --><!-- module text -->\n<div  class=\"module module-text tb_agcy871   \" data-lazy=\"1\">\n        <div  class=\"tb_text_wrap\">\n        <h4>TRANSFER &amp; BRODYRKORT<\/h4>\n<p>Vid k\u00f6p av ett startpaket hos oss ing\u00e5r alltid n\u00e5gon typ av transfer och brodyrkort. Dessa \u00e4ger ni om ni mot f\u00f6rmodan skulle vilja avsluta er shop hos oss. Vi sparar alltid dessa 3 m\u00e5nader efter avslutat samarbete och ni har under denna 3-m\u00e5nadersperiod r\u00e4tt till att meddela oss om ni vill ha era transfer och brodyrkort. Transferna skickas mot en fraktkostnad och brodyrkortet skickas digitalt.<\/p>    <\/div>\n<\/div>\n<!-- \/module text --><!-- module text -->\n<div  class=\"module module-text tb_efhh307   \" data-lazy=\"1\">\n        <div  class=\"tb_text_wrap\">\n        <h4>ALLM\u00c4NNA VILLKOR<\/h4>\n<p>Force Majeure \u2013 NeH Direkt AB ansvarar inte f\u00f6r f\u00f6rseningar av skapande av webbshoppar orsakade av omst\u00e4ndigheter som NeH Direkt AB inte kunnat r\u00e5da \u00f6ver s\u00e5som exempelvis allm\u00e4n arbetskonflikt, krig, eldsv\u00e5da, blixtnedslag, terroristattack, \u00e4ndrad myndighetsbest\u00e4mmelse, tekniska problem, fel i el-\/tele-\/dataf\u00f6rbindelser eller annan kommunikation samt fel eller f\u00f6rsening i tj\u00e4nster fr\u00e5n underleverant\u00f6r p\u00e5 grund av omst\u00e4ndighet som h\u00e4r angivits. Dessa omst\u00e4ndigheter ska utg\u00f6ra befrielsegrund som medf\u00f6r befrielse fr\u00e5n skadest\u00e5nd och andra p\u00e5f\u00f6ljder. Om n\u00e5gon s\u00e5dan situation skulle uppst\u00e5 informerar NeH Direkt AB dig dels i b\u00f6rjan och dels i slutet av tiden f\u00f6r den aktuella situationen. Har omst\u00e4ndigheten varat l\u00e4ngre \u00e4n tv\u00e5 m\u00e5nader har b\u00e5de Du och NeH Direkt AB r\u00e4tt att h\u00e4va k\u00f6pet med omedelbar verkan.<\/p>    <\/div>\n<\/div>\n<!-- \/module text -->        <\/div>\n                    <div  data-lazy=\"1\" class=\"module_column sub_column col4-2 tb_99ac307 last\">\n                    <!-- module text -->\n<div  class=\"module module-text tb_xrjm307   \" data-lazy=\"1\">\n        <div  class=\"tb_text_wrap\">\n        <h4>DATAHANTERING, GDPR<\/h4>\n<p>N\u00e4r du handlar fr\u00e5n n\u00e5gon shop som NeH Direkt AB driver s\u00e5 kommer dina personuppgifter att sparas s\u00e5 l\u00e4nge som shoppen \u00e4r aktiv. Detta g\u00f6r vi med den lagliga grunden fullg\u00f6rande av k\u00f6peavtalet; utan den h\u00e4r informationen kan vi inte fullg\u00f6ra v\u00e5rt avtal med dig. Du som kund har sj\u00e4lvklart m\u00f6jlighet att ta bort dina uppgifter om du inte vill att vi ska behandla dessa (mer info om det l\u00e4ngre ner).<\/p>\n<p>Vi kommer att samla in f\u00f6ljande personuppgifter; f\u00f6r- och efternamn, leverans- och faktureringsadress, mejladress och telefonnummer. V\u00e5r betalpartner Klarna kr\u00e4ver \u00e4ven personnummer (f\u00f6r vissa betalalternativ), betalningsinformation och betalningshistorik. Detta kommer vi p\u00e5 NeH att beh\u00f6va samla in f\u00f6r att kunna behandla och slutf\u00f6ra din order. Vi p\u00e5 NeH Direkt AB kommer inte att l\u00e4mna vidare dina uppgifter till n\u00e5gon annan utan ditt godk\u00e4nnande.<\/p>\n<p>N\u00e4r du g\u00f6r ett k\u00f6p i n\u00e5gon av v\u00e5ra shoppar som har Klarna som betalmedel, s\u00e5 godk\u00e4nner du Klarnas och NeH\u2019s villkor genom att skriva i dina uppgifter och slutf\u00f6ra ditt k\u00f6p. Du kan l\u00e4sa mer om Klarnas villkor h\u00e4r: <a href=\"https:\/\/cdn.klarna.com\/1.0\/shared\/content\/legal\/terms\/50341\/sv_se\/privacy\">https:\/\/cdn.klarna.com\/1.0\/shared\/content\/legal\/terms\/50341\/sv_se\/privacy<\/a><\/p>\n<p>Genom att genomf\u00f6ra ett k\u00f6p p\u00e5 n\u00e5gon av v\u00e5ra sidor s\u00e5 kan din mejladress komma att anv\u00e4ndas till mejlutskick. Vill du inte ta del av dessa s\u00e5 kan du sj\u00e4lvklart avs\u00e4ga dig fr\u00e5n dessa genom att klicka i \u201djag vill inte l\u00e4ngre f\u00e5 dessa utskick\u201d i mejlet.<\/p>\n<p>Genom att genomf\u00f6ra ett k\u00f6p p\u00e5 n\u00e5gon av v\u00e5ra sidor s\u00e5 kan ditt telefonnummer komma att anv\u00e4ndas till sms-utskick. Vill du inte ta del av dessa s\u00e5 kan du sj\u00e4lvklart avs\u00e4ga dig fr\u00e5n dessa genom att klicka i \u201djag vill inte l\u00e4ngre f\u00e5 dessa utskick\u201d, vilket du g\u00f6r via en l\u00e4nk som du f\u00e5r i smset.<\/p>\n<p>Vill du inte att vi p\u00e5 NeH Direkt AB sparar dina uppgifter i webbshoppen, meddela oss detta via mail. Skicka f\u00f6ljande till <a href=\"mailto:info@nehstore.com\">info@nehstore.com<\/a><\/p>\n<p>Ditt f\u00f6r- och efternamn, epostadress, vilken shop som du har handlat ifr\u00e5n, samt varf\u00f6r du vill bli borttagen (sistn\u00e4mnda \u00e4r frivilligt i utbildningssyfte).<\/p>\n<p>VIKTIGT \u00e4r att du meddelar vilken shop du handlat i, har du handlat i flera shoppar som vi p\u00e5 NeH Direkt AB driver s\u00e5 kommer dina uppgifter att sparas i alla dessa shoppar. Vill du bli borttagen fr\u00e5n alla shoppar som du handlat i hos oss \u00e4r det viktigt att du anger de shoppar som det handlar om.<\/p>    <\/div>\n<\/div>\n<!-- \/module text -->        <\/div>\n                    <\/div>\n                <\/div>\n                        <\/div>\n        <\/div>\n        <\/div>\n<!--\/themify_builder_content-->","protected":false},"excerpt":{"rendered":"<p>OM DENNA SIDA Administration och drift av denna webbshop hanteras av NeH Direkt AB. Vid fr\u00e5gor, v\u00e4nligen kontakta oss. Du hittar kontaktuppgifterna under sidan &#8221;kontakta oss&#8221;. LEVERANSTID &amp; KOSTNAD Leveranstiden f\u00f6r en ny shop \u00e4r vanligtvis 20 arbetsdagar, men oftast g\u00e5r det snabbare \u00e4n s\u00e5. OM det skulle ta l\u00e4ngre tid \u00e4n 20 arbetsdagar s\u00e5 [&hellip;]<\/p>\n","protected":false},"author":1,"featured_media":0,"parent":0,"menu_order":0,"comment_status":"closed","ping_status":"closed","template":"","meta":{"footnotes":""},"class_list":["post-1898","page","type-page","status-publish","hentry","has-post-title","has-post-date","has-post-category","has-post-tag","has-post-comment","has-post-author",""],"builder_content":"<h4>OM DENNA SIDA<\/h4> <p>Administration och drift av denna webbshop hanteras av NeH Direkt AB. Vid fr\u00e5gor, v\u00e4nligen kontakta oss. Du hittar kontaktuppgifterna under sidan \"kontakta oss\".<\/p>\n<h4>LEVERANSTID &amp; KOSTNAD<\/h4> <p>Leveranstiden f\u00f6r en ny shop \u00e4r vanligtvis 20 arbetsdagar, men oftast g\u00e5r det snabbare \u00e4n s\u00e5. OM det skulle ta l\u00e4ngre tid \u00e4n 20 arbetsdagar s\u00e5 kommer vi att kontakta er innan, ni har d\u00e5 \u00e4ven m\u00f6jlighet att avbryta framtagandet av er nya shop kostnadsfritt om ni tycker att det tar f\u00f6r l\u00e5ng tid. Observera att det \u00e4r f\u00f6rsta utkastet p\u00e5 shoppen som \u00e4r klar inom 20 arbetsdagar, vill ni ha \u00e4ndringar s\u00e5 kommer det att ta l\u00e4ngre tid.<\/p> <p>Kostnaden f\u00f6r en shop hos oss \u00e4r endast startpaketet, vilket \u00e4r en eng\u00e5ngskostnad. Om du har valt fel startpaket kommer vi att kontakta dig f\u00f6r att fr\u00e5ga om du vill byta produkter som motsvarar ditt valda startpaket, alternativt skicka ut en kostnad p\u00e5 mellanskillnaden av startpaketet f\u00f6r att matcha dina \u00f6nskem\u00e5l av produkter och tryck.<\/p> <p>Tiden f\u00f6r att ta fram en shop startar s\u00e5 fort vi har f\u00e5tt in ordern via Klarna. R\u00f6da dagar r\u00e4knas ej inom leveranstiden. Vid eventuella f\u00f6rseningar s\u00e5 kommer vi att kontakta dig i god tid innan.<\/p>\n<h4>TRANSFER &amp; BRODYRKORT<\/h4> <p>Vid k\u00f6p av ett startpaket hos oss ing\u00e5r alltid n\u00e5gon typ av transfer och brodyrkort. Dessa \u00e4ger ni om ni mot f\u00f6rmodan skulle vilja avsluta er shop hos oss. Vi sparar alltid dessa 3 m\u00e5nader efter avslutat samarbete och ni har under denna 3-m\u00e5nadersperiod r\u00e4tt till att meddela oss om ni vill ha era transfer och brodyrkort. Transferna skickas mot en fraktkostnad och brodyrkortet skickas digitalt.<\/p>\n<h4>ALLM\u00c4NNA VILLKOR<\/h4> <p>Force Majeure \u2013 NeH Direkt AB ansvarar inte f\u00f6r f\u00f6rseningar av skapande av webbshoppar orsakade av omst\u00e4ndigheter som NeH Direkt AB inte kunnat r\u00e5da \u00f6ver s\u00e5som exempelvis allm\u00e4n arbetskonflikt, krig, eldsv\u00e5da, blixtnedslag, terroristattack, \u00e4ndrad myndighetsbest\u00e4mmelse, tekniska problem, fel i el-\/tele-\/dataf\u00f6rbindelser eller annan kommunikation samt fel eller f\u00f6rsening i tj\u00e4nster fr\u00e5n underleverant\u00f6r p\u00e5 grund av omst\u00e4ndighet som h\u00e4r angivits. Dessa omst\u00e4ndigheter ska utg\u00f6ra befrielsegrund som medf\u00f6r befrielse fr\u00e5n skadest\u00e5nd och andra p\u00e5f\u00f6ljder. Om n\u00e5gon s\u00e5dan situation skulle uppst\u00e5 informerar NeH Direkt AB dig dels i b\u00f6rjan och dels i slutet av tiden f\u00f6r den aktuella situationen. Har omst\u00e4ndigheten varat l\u00e4ngre \u00e4n tv\u00e5 m\u00e5nader har b\u00e5de Du och NeH Direkt AB r\u00e4tt att h\u00e4va k\u00f6pet med omedelbar verkan.<\/p>\n<h4>DATAHANTERING, GDPR<\/h4> <p>N\u00e4r du handlar fr\u00e5n n\u00e5gon shop som NeH Direkt AB driver s\u00e5 kommer dina personuppgifter att sparas s\u00e5 l\u00e4nge som shoppen \u00e4r aktiv. Detta g\u00f6r vi med den lagliga grunden fullg\u00f6rande av k\u00f6peavtalet; utan den h\u00e4r informationen kan vi inte fullg\u00f6ra v\u00e5rt avtal med dig. Du som kund har sj\u00e4lvklart m\u00f6jlighet att ta bort dina uppgifter om du inte vill att vi ska behandla dessa (mer info om det l\u00e4ngre ner).<\/p> <p>Vi kommer att samla in f\u00f6ljande personuppgifter; f\u00f6r- och efternamn, leverans- och faktureringsadress, mejladress och telefonnummer. V\u00e5r betalpartner Klarna kr\u00e4ver \u00e4ven personnummer (f\u00f6r vissa betalalternativ), betalningsinformation och betalningshistorik. Detta kommer vi p\u00e5 NeH att beh\u00f6va samla in f\u00f6r att kunna behandla och slutf\u00f6ra din order. Vi p\u00e5 NeH Direkt AB kommer inte att l\u00e4mna vidare dina uppgifter till n\u00e5gon annan utan ditt godk\u00e4nnande.<\/p> <p>N\u00e4r du g\u00f6r ett k\u00f6p i n\u00e5gon av v\u00e5ra shoppar som har Klarna som betalmedel, s\u00e5 godk\u00e4nner du Klarnas och NeH\u2019s villkor genom att skriva i dina uppgifter och slutf\u00f6ra ditt k\u00f6p. Du kan l\u00e4sa mer om Klarnas villkor h\u00e4r: <a href=\"https:\/\/cdn.klarna.com\/1.0\/shared\/content\/legal\/terms\/50341\/sv_se\/privacy\">https:\/\/cdn.klarna.com\/1.0\/shared\/content\/legal\/terms\/50341\/sv_se\/privacy<\/a><\/p> <p>Genom att genomf\u00f6ra ett k\u00f6p p\u00e5 n\u00e5gon av v\u00e5ra sidor s\u00e5 kan din mejladress komma att anv\u00e4ndas till mejlutskick. Vill du inte ta del av dessa s\u00e5 kan du sj\u00e4lvklart avs\u00e4ga dig fr\u00e5n dessa genom att klicka i \u201djag vill inte l\u00e4ngre f\u00e5 dessa utskick\u201d i mejlet.<\/p> <p>Genom att genomf\u00f6ra ett k\u00f6p p\u00e5 n\u00e5gon av v\u00e5ra sidor s\u00e5 kan ditt telefonnummer komma att anv\u00e4ndas till sms-utskick. Vill du inte ta del av dessa s\u00e5 kan du sj\u00e4lvklart avs\u00e4ga dig fr\u00e5n dessa genom att klicka i \u201djag vill inte l\u00e4ngre f\u00e5 dessa utskick\u201d, vilket du g\u00f6r via en l\u00e4nk som du f\u00e5r i smset.<\/p> <p>Vill du inte att vi p\u00e5 NeH Direkt AB sparar dina uppgifter i webbshoppen, meddela oss detta via mail. Skicka f\u00f6ljande till <a href=\"mailto:info@nehstore.com\">info@nehstore.com<\/a><\/p> <p>Ditt f\u00f6r- och efternamn, epostadress, vilken shop som du har handlat ifr\u00e5n, samt varf\u00f6r du vill bli borttagen (sistn\u00e4mnda \u00e4r frivilligt i utbildningssyfte).<\/p> <p>VIKTIGT \u00e4r att du meddelar vilken shop du handlat i, har du handlat i flera shoppar som vi p\u00e5 NeH Direkt AB driver s\u00e5 kommer dina uppgifter att sparas i alla dessa shoppar. Vill du bli borttagen fr\u00e5n alla shoppar som du handlat i hos oss \u00e4r det viktigt att du anger de shoppar som det handlar om.<\/p>","_links":{"self":[{"href":"https:\/\/nehstore.com\/nyshop\/wp-json\/wp\/v2\/pages\/1898","targetHints":{"allow":["GET"]}}],"collection":[{"href":"https:\/\/nehstore.com\/nyshop\/wp-json\/wp\/v2\/pages"}],"about":[{"href":"https:\/\/nehstore.com\/nyshop\/wp-json\/wp\/v2\/types\/page"}],"author":[{"embeddable":true,"href":"https:\/\/nehstore.com\/nyshop\/wp-json\/wp\/v2\/users\/1"}],"replies":[{"embeddable":true,"href":"https:\/\/nehstore.com\/nyshop\/wp-json\/wp\/v2\/comments?post=1898"}],"version-history":[{"count":15,"href":"https:\/\/nehstore.com\/nyshop\/wp-json\/wp\/v2\/pages\/1898\/revisions"}],"predecessor-version":[{"id":2175,"href":"https:\/\/nehstore.com\/nyshop\/wp-json\/wp\/v2\/pages\/1898\/revisions\/2175"}],"wp:attachment":[{"href":"https:\/\/nehstore.com\/nyshop\/wp-json\/wp\/v2\/media?parent=1898"}],"curies":[{"name":"wp","href":"https:\/\/api.w.org\/{rel}","templated":true}]}}