{"id":1025,"date":"2024-01-26T07:50:12","date_gmt":"2024-01-26T07:50:12","guid":{"rendered":"https:\/\/nehstore.com\/nyshop\/?post_type=product&#038;p=1025"},"modified":"2024-04-26T12:47:44","modified_gmt":"2024-04-26T12:47:44","slug":"tights-funktion-barn","status":"publish","type":"product","link":"https:\/\/nehstore.com\/nyshop\/produkt\/tights-funktion-barn\/","title":{"rendered":"Tights Funktion, Barn"},"content":{"rendered":"<p>Denna produkt finns \u00e4ven f\u00f6r <strong>DAM \u2013<\/strong> <a href=\"https:\/\/nehstore.com\/nyshop\/product\/tights-funktion-dam\/\"><em>klicka h\u00e4r<\/em><\/a><\/p>\n<p>Denna produkt finns \u00e4ven f\u00f6r <strong>HERR \u2013<\/strong> <a href=\"https:\/\/nehstore.com\/nyshop\/product\/tights-funktion-herr\/\"><em>klicka h\u00e4r<\/em><\/a><\/p>\n","protected":false},"excerpt":{"rendered":"<p>Sportiga l\u00f6partights f\u00f6r dam med andasfunktion som h\u00e5ller dig torr och sval<\/p>\n<div>\n<div><strong>Storlekar: <\/strong>90\/100, 110\/120, 130\/140 och 150\/160<\/div>\n<div class=\"Text-sc-s31epd-0 iOMnrj d-inline f3-700 mr-1\"><strong>Material:<\/strong> 95% polyester och 5% elastan<\/div>\n<div>\n<div>\n<div class=\"Text-sc-s31epd-0 iOMnrj d-inline f3-700 mr-1\"><strong>Vikt:<\/strong> 210 g\/m2<\/div>\n<\/div>\n<\/div>\n<\/div>\n","protected":false},"featured_media":1021,"template":"","meta":[],"product_brand":[],"product_cat":[21,22],"product_tag":[59,90,65,91,92,64],"class_list":{"0":"post-1025","1":"product","2":"type-product","3":"status-publish","4":"has-post-thumbnail","6":"product_cat-barn","7":"product_cat-klader","8":"product_tag-barn","9":"product_tag-byxa","10":"product_tag-funktion","11":"product_tag-sport","12":"product_tag-tights","13":"product_tag-traning","14":"has-post-title","15":"has-post-date","16":"has-post-category","17":"has-post-tag","18":"has-post-comment","19":"has-post-author","20":"","22":"first","23":"instock","24":"shipping-taxable","25":"purchasable","26":"product-type-variable"},"builder_content":"","_links":{"self":[{"href":"https:\/\/nehstore.com\/nyshop\/wp-json\/wp\/v2\/product\/1025","targetHints":{"allow":["GET"]}}],"collection":[{"href":"https:\/\/nehstore.com\/nyshop\/wp-json\/wp\/v2\/product"}],"about":[{"href":"https:\/\/nehstore.com\/nyshop\/wp-json\/wp\/v2\/types\/product"}],"wp:featuredmedia":[{"embeddable":true,"href":"https:\/\/nehstore.com\/nyshop\/wp-json\/wp\/v2\/media\/1021"}],"wp:attachment":[{"href":"https:\/\/nehstore.com\/nyshop\/wp-json\/wp\/v2\/media?parent=1025"}],"wp:term":[{"taxonomy":"product_brand","embeddable":true,"href":"https:\/\/nehstore.com\/nyshop\/wp-json\/wp\/v2\/product_brand?post=1025"},{"taxonomy":"product_cat","embeddable":true,"href":"https:\/\/nehstore.com\/nyshop\/wp-json\/wp\/v2\/product_cat?post=1025"},{"taxonomy":"product_tag","embeddable":true,"href":"https:\/\/nehstore.com\/nyshop\/wp-json\/wp\/v2\/product_tag?post=1025"}],"curies":[{"name":"wp","href":"https:\/\/api.w.org\/{rel}","templated":true}]}}