{"id":1036,"date":"2024-01-26T09:15:33","date_gmt":"2024-01-26T09:15:33","guid":{"rendered":"https:\/\/nehstore.com\/nyshop\/?post_type=product&#038;p=1036"},"modified":"2024-04-26T12:47:44","modified_gmt":"2024-04-26T12:47:44","slug":"teambyxa-funktion-barn","status":"publish","type":"product","link":"https:\/\/nehstore.com\/nyshop\/produkt\/teambyxa-funktion-barn\/","title":{"rendered":"Teambyxa Funktion, Barn"},"content":{"rendered":"<p>Denna produkt finns \u00e4ven f\u00f6r <strong>UNISEX \u2013<\/strong> <a href=\"https:\/\/nehstore.com\/nyshop\/product\/teambyxa-funktion-unisex\/\"><em>klicka h\u00e4r<\/em><\/a><\/p>\n","protected":false},"excerpt":{"rendered":"<p>Sportiga byxor i funktionsmaterial perfekt f\u00f6r tr\u00e4ning eller uppv\u00e4rmning. Tv\u00e5 sidofickor med dragkedja och dragkedja i benavslut. Res\u00e5r och dragsko i midjan.<\/p>\n<p><strong>Storlekar: <\/strong>90\/100, 110\/120, 130\/140 och 150\/160<\/p>\n","protected":false},"featured_media":1034,"template":"","meta":[],"product_brand":[],"product_cat":[21,22],"product_tag":[59,84,65,95,94,88,93],"class_list":{"0":"post-1036","1":"product","2":"type-product","3":"status-publish","4":"has-post-thumbnail","6":"product_cat-barn","7":"product_cat-klader","8":"product_tag-barn","9":"product_tag-dragkedja","10":"product_tag-funktion","11":"product_tag-lag","12":"product_tag-lagbyxa","13":"product_tag-langa","14":"product_tag-team","15":"has-post-title","16":"has-post-date","17":"has-post-category","18":"has-post-tag","19":"has-post-comment","20":"has-post-author","21":"","23":"first","24":"instock","25":"shipping-taxable","26":"purchasable","27":"product-type-variable"},"builder_content":"","_links":{"self":[{"href":"https:\/\/nehstore.com\/nyshop\/wp-json\/wp\/v2\/product\/1036","targetHints":{"allow":["GET"]}}],"collection":[{"href":"https:\/\/nehstore.com\/nyshop\/wp-json\/wp\/v2\/product"}],"about":[{"href":"https:\/\/nehstore.com\/nyshop\/wp-json\/wp\/v2\/types\/product"}],"wp:featuredmedia":[{"embeddable":true,"href":"https:\/\/nehstore.com\/nyshop\/wp-json\/wp\/v2\/media\/1034"}],"wp:attachment":[{"href":"https:\/\/nehstore.com\/nyshop\/wp-json\/wp\/v2\/media?parent=1036"}],"wp:term":[{"taxonomy":"product_brand","embeddable":true,"href":"https:\/\/nehstore.com\/nyshop\/wp-json\/wp\/v2\/product_brand?post=1036"},{"taxonomy":"product_cat","embeddable":true,"href":"https:\/\/nehstore.com\/nyshop\/wp-json\/wp\/v2\/product_cat?post=1036"},{"taxonomy":"product_tag","embeddable":true,"href":"https:\/\/nehstore.com\/nyshop\/wp-json\/wp\/v2\/product_tag?post=1036"}],"curies":[{"name":"wp","href":"https:\/\/api.w.org\/{rel}","templated":true}]}}