{"id":1044,"date":"2024-01-26T09:53:31","date_gmt":"2024-01-26T09:53:31","guid":{"rendered":"https:\/\/nehstore.com\/nyshop\/?post_type=product&#038;p=1044"},"modified":"2024-04-26T12:47:43","modified_gmt":"2024-04-26T12:47:43","slug":"tackbyxa-funktion-dam","status":"publish","type":"product","link":"https:\/\/nehstore.com\/nyshop\/produkt\/tackbyxa-funktion-dam\/","title":{"rendered":"T\u00e4ckbyxa Funktion, Dam"},"content":{"rendered":"<p>Denna produkt finns \u00e4ven f\u00f6r <strong>HERR \u2013<\/strong> <a href=\"https:\/\/nehstore.com\/nyshop\/product\/tackbyxa-funktion-herr\/\"><em>klicka h\u00e4r<\/em><\/a><\/p>\n","protected":false},"excerpt":{"rendered":"<p>Fodrade byxor som h\u00e5ller dig varm och sk\u00f6n. Dragkedja l\u00e4ngs hela sidan. Kardborreband vid benslut.<\/p>\n<div>\n<div><strong>Storlekar: X<\/strong>S &#8211; XL<\/div>\n<div class=\"Text-sc-s31epd-0 iOMnrj d-inline f3-700 mr-1\"><strong>Material: <\/strong>Shell: 100% polyester 240 Twith Taflon finishing. Lining: 100% polyester 190T tafata. Padding: 100% polyester 80G.<\/div>\n<\/div>\n","protected":false},"featured_media":1047,"template":"","meta":[],"product_brand":[],"product_cat":[19,22],"product_tag":[90,35,65,91,92,64],"class_list":{"0":"post-1044","1":"product","2":"type-product","3":"status-publish","4":"has-post-thumbnail","6":"product_cat-dam","7":"product_cat-klader","8":"product_tag-byxa","9":"product_tag-dam","10":"product_tag-funktion","11":"product_tag-sport","12":"product_tag-tights","13":"product_tag-traning","14":"has-post-title","15":"has-post-date","16":"has-post-category","17":"has-post-tag","18":"has-post-comment","19":"has-post-author","20":"","22":"first","23":"instock","24":"shipping-taxable","25":"purchasable","26":"product-type-variable"},"builder_content":"","_links":{"self":[{"href":"https:\/\/nehstore.com\/nyshop\/wp-json\/wp\/v2\/product\/1044","targetHints":{"allow":["GET"]}}],"collection":[{"href":"https:\/\/nehstore.com\/nyshop\/wp-json\/wp\/v2\/product"}],"about":[{"href":"https:\/\/nehstore.com\/nyshop\/wp-json\/wp\/v2\/types\/product"}],"wp:featuredmedia":[{"embeddable":true,"href":"https:\/\/nehstore.com\/nyshop\/wp-json\/wp\/v2\/media\/1047"}],"wp:attachment":[{"href":"https:\/\/nehstore.com\/nyshop\/wp-json\/wp\/v2\/media?parent=1044"}],"wp:term":[{"taxonomy":"product_brand","embeddable":true,"href":"https:\/\/nehstore.com\/nyshop\/wp-json\/wp\/v2\/product_brand?post=1044"},{"taxonomy":"product_cat","embeddable":true,"href":"https:\/\/nehstore.com\/nyshop\/wp-json\/wp\/v2\/product_cat?post=1044"},{"taxonomy":"product_tag","embeddable":true,"href":"https:\/\/nehstore.com\/nyshop\/wp-json\/wp\/v2\/product_tag?post=1044"}],"curies":[{"name":"wp","href":"https:\/\/api.w.org\/{rel}","templated":true}]}}