{"id":1057,"date":"2024-01-26T10:04:03","date_gmt":"2024-01-26T10:04:03","guid":{"rendered":"https:\/\/nehstore.com\/nyshop\/?post_type=product&#038;p=1057"},"modified":"2024-04-26T12:47:43","modified_gmt":"2024-04-26T12:47:43","slug":"shorts-funktion-barn","status":"publish","type":"product","link":"https:\/\/nehstore.com\/nyshop\/produkt\/shorts-funktion-barn\/","title":{"rendered":"Shorts Funktion, Barn"},"content":{"rendered":"<p>Denna produkt finns \u00e4ven f\u00f6r <strong>UNISEX \u2013<\/strong> <a href=\"https:\/\/nehstore.com\/nyshop\/product\/shorts-funktion-unisex\/\"><em>klicka h\u00e4r<\/em><\/a><\/p>\n","protected":false},"excerpt":{"rendered":"<p>Spun dyed shorts i junior-modell med interlockstickat tyg och sidos\u00f6mmar. Tv\u00e5 fickor fram och en myntficka p\u00e5 insidan. Res\u00e5r och dragsko i midjan.<\/p>\n<div>\n<div><strong>Storlekar: <\/strong>110\/120, 130\/140 och 150\/160<\/div>\n<div class=\"Text-sc-s31epd-0 iOMnrj d-inline f3-700 mr-1\"><strong>Material:<\/strong> 100% polyester<br \/>\n<strong>Vikt:<\/strong> 135 g\/m2<\/div>\n<\/div>\n","protected":false},"featured_media":1052,"template":"","meta":[],"product_brand":[],"product_cat":[21,22],"product_tag":[59,90,65,96,97,91,64],"class_list":{"0":"post-1057","1":"product","2":"type-product","3":"status-publish","4":"has-post-thumbnail","6":"product_cat-barn","7":"product_cat-klader","8":"product_tag-barn","9":"product_tag-byxa","10":"product_tag-funktion","11":"product_tag-short","12":"product_tag-shorts","13":"product_tag-sport","14":"product_tag-traning","15":"has-post-title","16":"has-post-date","17":"has-post-category","18":"has-post-tag","19":"has-post-comment","20":"has-post-author","21":"","23":"first","24":"instock","25":"shipping-taxable","26":"purchasable","27":"product-type-variable"},"builder_content":"","_links":{"self":[{"href":"https:\/\/nehstore.com\/nyshop\/wp-json\/wp\/v2\/product\/1057","targetHints":{"allow":["GET"]}}],"collection":[{"href":"https:\/\/nehstore.com\/nyshop\/wp-json\/wp\/v2\/product"}],"about":[{"href":"https:\/\/nehstore.com\/nyshop\/wp-json\/wp\/v2\/types\/product"}],"wp:featuredmedia":[{"embeddable":true,"href":"https:\/\/nehstore.com\/nyshop\/wp-json\/wp\/v2\/media\/1052"}],"wp:attachment":[{"href":"https:\/\/nehstore.com\/nyshop\/wp-json\/wp\/v2\/media?parent=1057"}],"wp:term":[{"taxonomy":"product_brand","embeddable":true,"href":"https:\/\/nehstore.com\/nyshop\/wp-json\/wp\/v2\/product_brand?post=1057"},{"taxonomy":"product_cat","embeddable":true,"href":"https:\/\/nehstore.com\/nyshop\/wp-json\/wp\/v2\/product_cat?post=1057"},{"taxonomy":"product_tag","embeddable":true,"href":"https:\/\/nehstore.com\/nyshop\/wp-json\/wp\/v2\/product_tag?post=1057"}],"curies":[{"name":"wp","href":"https:\/\/api.w.org\/{rel}","templated":true}]}}