{"id":1086,"date":"2024-01-26T10:28:08","date_gmt":"2024-01-26T10:28:08","guid":{"rendered":"https:\/\/nehstore.com\/nyshop\/?post_type=product&#038;p=1086"},"modified":"2024-04-26T12:47:42","modified_gmt":"2024-04-26T12:47:42","slug":"teamshorts-funktion-unisex","status":"publish","type":"product","link":"https:\/\/nehstore.com\/nyshop\/produkt\/teamshorts-funktion-unisex\/","title":{"rendered":"Teamshorts Funktion, Unisex"},"content":{"rendered":"<p>Denna produkt finns \u00e4ven f\u00f6r <strong>BARN \u2013<\/strong> <a href=\"https:\/\/nehstore.com\/nyshop\/product\/teamshorts-funktion-barn\/\"><em>klicka h\u00e4r<\/em><\/a><\/p>\n","protected":false},"excerpt":{"rendered":"<p>Tr\u00e4ningsshorts i funktionsmaterial f\u00f6r maximal fukttransport och komfort vid fysisk aktivitet. Passformen och stretchen i materialet ger god r\u00f6relse oavsett idrott. Dragsko i midjan.<\/p>\n<div>\n<div><strong>Storlekar: <\/strong>XS &#8211; 3XL<\/div>\n<div class=\"Text-sc-s31epd-0 iOMnrj d-inline f3-700 mr-1\"><strong>Material:<\/strong> 100% polyester<\/div>\n<\/div>\n","protected":false},"featured_media":1092,"template":"","meta":[],"product_brand":[],"product_cat":[19,20,22],"product_tag":[90,65,96,97,91,64,77],"class_list":{"0":"post-1086","1":"product","2":"type-product","3":"status-publish","4":"has-post-thumbnail","6":"product_cat-dam","7":"product_cat-herr","8":"product_cat-klader","9":"product_tag-byxa","10":"product_tag-funktion","11":"product_tag-short","12":"product_tag-shorts","13":"product_tag-sport","14":"product_tag-traning","15":"product_tag-unisex","16":"has-post-title","17":"has-post-date","18":"has-post-category","19":"has-post-tag","20":"has-post-comment","21":"has-post-author","22":"","24":"first","25":"instock","26":"shipping-taxable","27":"purchasable","28":"product-type-variable"},"builder_content":"","_links":{"self":[{"href":"https:\/\/nehstore.com\/nyshop\/wp-json\/wp\/v2\/product\/1086","targetHints":{"allow":["GET"]}}],"collection":[{"href":"https:\/\/nehstore.com\/nyshop\/wp-json\/wp\/v2\/product"}],"about":[{"href":"https:\/\/nehstore.com\/nyshop\/wp-json\/wp\/v2\/types\/product"}],"wp:featuredmedia":[{"embeddable":true,"href":"https:\/\/nehstore.com\/nyshop\/wp-json\/wp\/v2\/media\/1092"}],"wp:attachment":[{"href":"https:\/\/nehstore.com\/nyshop\/wp-json\/wp\/v2\/media?parent=1086"}],"wp:term":[{"taxonomy":"product_brand","embeddable":true,"href":"https:\/\/nehstore.com\/nyshop\/wp-json\/wp\/v2\/product_brand?post=1086"},{"taxonomy":"product_cat","embeddable":true,"href":"https:\/\/nehstore.com\/nyshop\/wp-json\/wp\/v2\/product_cat?post=1086"},{"taxonomy":"product_tag","embeddable":true,"href":"https:\/\/nehstore.com\/nyshop\/wp-json\/wp\/v2\/product_tag?post=1086"}],"curies":[{"name":"wp","href":"https:\/\/api.w.org\/{rel}","templated":true}]}}