{"id":1127,"date":"2024-01-26T12:04:05","date_gmt":"2024-01-26T12:04:05","guid":{"rendered":"https:\/\/nehstore.com\/nyshop\/?post_type=product&#038;p=1127"},"modified":"2024-04-26T12:47:41","modified_gmt":"2024-04-26T12:47:41","slug":"lattvadderad-jacka-herr","status":"publish","type":"product","link":"https:\/\/nehstore.com\/nyshop\/produkt\/lattvadderad-jacka-herr\/","title":{"rendered":"L\u00e4ttvadderad Jacka, Herr"},"content":{"rendered":"<p>Denna produkt finns \u00e4ven f\u00f6r <strong>DAM \u2013<\/strong> <a href=\"https:\/\/nehstore.com\/nyshop\/product\/lattvadderad-jacka-dam\/\"><em>klicka h\u00e4r<\/em><\/a><\/p>\n<p>Denna produkt finns \u00e4ven f\u00f6r <strong>BARN \u2013<\/strong> <a href=\"https:\/\/nehstore.com\/nyshop\/product\/lattvadderad-jacka-barn\/\"><em>klicka h\u00e4r<\/em><\/a><\/p>\n","protected":false},"excerpt":{"rendered":"<p>Modern l\u00e4ttvadderad jacka. Avtagbar huva och tre fickor med dragkedjor samt tv\u00e5 innerfickor. H\u00f6rlurs\u00f6gla p\u00e5 insidan av hals\u00f6ppningen.<\/p>\n<p><strong><em>Vid f\u00f6r\u00e4dling broderas denna jacka.<\/em><\/strong><\/p>\n<div>\n<div><strong>Storlekar: <\/strong>XS \u2013 4XL<\/div>\n<div class=\"Text-sc-s31epd-0 iOMnrj d-inline f3-700 mr-1\"><strong>Material:<\/strong> Skal och foder: 100% polyester. Vaddering: dunliknande i 100% polyester<\/div>\n<\/div>\n","protected":false},"featured_media":1126,"template":"","meta":[],"product_brand":[],"product_cat":[20,22],"product_tag":[106,84,58,104,107,108],"class_list":{"0":"post-1127","1":"product","2":"type-product","3":"status-publish","4":"has-post-thumbnail","6":"product_cat-herr","7":"product_cat-klader","8":"product_tag-brodyr","9":"product_tag-dragkedja","10":"product_tag-herr","11":"product_tag-jacka","12":"product_tag-lattvadderad","13":"product_tag-vadderad","14":"has-post-title","15":"has-post-date","16":"has-post-category","17":"has-post-tag","18":"has-post-comment","19":"has-post-author","20":"","22":"first","23":"instock","24":"shipping-taxable","25":"purchasable","26":"product-type-variable"},"builder_content":"","_links":{"self":[{"href":"https:\/\/nehstore.com\/nyshop\/wp-json\/wp\/v2\/product\/1127","targetHints":{"allow":["GET"]}}],"collection":[{"href":"https:\/\/nehstore.com\/nyshop\/wp-json\/wp\/v2\/product"}],"about":[{"href":"https:\/\/nehstore.com\/nyshop\/wp-json\/wp\/v2\/types\/product"}],"wp:featuredmedia":[{"embeddable":true,"href":"https:\/\/nehstore.com\/nyshop\/wp-json\/wp\/v2\/media\/1126"}],"wp:attachment":[{"href":"https:\/\/nehstore.com\/nyshop\/wp-json\/wp\/v2\/media?parent=1127"}],"wp:term":[{"taxonomy":"product_brand","embeddable":true,"href":"https:\/\/nehstore.com\/nyshop\/wp-json\/wp\/v2\/product_brand?post=1127"},{"taxonomy":"product_cat","embeddable":true,"href":"https:\/\/nehstore.com\/nyshop\/wp-json\/wp\/v2\/product_cat?post=1127"},{"taxonomy":"product_tag","embeddable":true,"href":"https:\/\/nehstore.com\/nyshop\/wp-json\/wp\/v2\/product_tag?post=1127"}],"curies":[{"name":"wp","href":"https:\/\/api.w.org\/{rel}","templated":true}]}}