{"id":1257,"date":"2024-02-09T11:45:02","date_gmt":"2024-02-09T11:45:02","guid":{"rendered":"https:\/\/nehstore.com\/nyshop\/?post_type=product&#038;p=1257"},"modified":"2024-04-26T12:45:11","modified_gmt":"2024-04-26T12:45:11","slug":"mossa-fleece-unisex","status":"publish","type":"product","link":"https:\/\/nehstore.com\/nyshop\/produkt\/mossa-fleece-unisex\/","title":{"rendered":"M\u00f6ssa Fleece, Unisex"},"content":{"rendered":"","protected":false},"excerpt":{"rendered":"<p>L\u00e4tt och sk\u00f6n m\u00f6ssa i single jersey med mjukt fleecefoder. One size.<\/p>\n<div>\n<div class=\"Text-sc-s31epd-0 iovWTc d-inline f3-700 mr-1\">\n<div id=\"react-tabs-283\" class=\"ProductTabs__StyledTabPanel-sc-uf201h-4 IQaaw react-tabs__tab-panel--selected\" role=\"tabpanel\" aria-labelledby=\"react-tabs-282\">\n<div>\n<div class=\"Text-sc-s31epd-0 iovWTc d-inline f3-700 mr-1\"><strong>Material:<\/strong> 100% bomull single jersey stickat med 100% polyester fleece foder<\/div>\n<\/div>\n<div>\n<div class=\"Text-sc-s31epd-0 iovWTc d-inline f3-700 mr-1\"><strong>Vikt<\/strong>: 180 g\/m2<\/div>\n<\/div>\n<\/div>\n<\/div>\n<\/div>\n","protected":false},"featured_media":1264,"template":"","meta":[],"product_brand":[],"product_cat":[26,25],"product_tag":[110,145,77],"class_list":{"0":"post-1257","1":"product","2":"type-product","3":"status-publish","4":"has-post-thumbnail","6":"product_cat-mossor","7":"product_cat-tillbehor","8":"product_tag-fleece","9":"product_tag-mossa","10":"product_tag-unisex","11":"has-post-title","12":"has-post-date","13":"has-post-category","14":"has-post-tag","15":"has-post-comment","16":"has-post-author","17":"","19":"first","20":"instock","21":"shipping-taxable","22":"purchasable","23":"product-type-variable"},"builder_content":"","_links":{"self":[{"href":"https:\/\/nehstore.com\/nyshop\/wp-json\/wp\/v2\/product\/1257","targetHints":{"allow":["GET"]}}],"collection":[{"href":"https:\/\/nehstore.com\/nyshop\/wp-json\/wp\/v2\/product"}],"about":[{"href":"https:\/\/nehstore.com\/nyshop\/wp-json\/wp\/v2\/types\/product"}],"wp:featuredmedia":[{"embeddable":true,"href":"https:\/\/nehstore.com\/nyshop\/wp-json\/wp\/v2\/media\/1264"}],"wp:attachment":[{"href":"https:\/\/nehstore.com\/nyshop\/wp-json\/wp\/v2\/media?parent=1257"}],"wp:term":[{"taxonomy":"product_brand","embeddable":true,"href":"https:\/\/nehstore.com\/nyshop\/wp-json\/wp\/v2\/product_brand?post=1257"},{"taxonomy":"product_cat","embeddable":true,"href":"https:\/\/nehstore.com\/nyshop\/wp-json\/wp\/v2\/product_cat?post=1257"},{"taxonomy":"product_tag","embeddable":true,"href":"https:\/\/nehstore.com\/nyshop\/wp-json\/wp\/v2\/product_tag?post=1257"}],"curies":[{"name":"wp","href":"https:\/\/api.w.org\/{rel}","templated":true}]}}