{"id":1332,"date":"2024-02-09T12:51:29","date_gmt":"2024-02-09T12:51:29","guid":{"rendered":"https:\/\/nehstore.com\/nyshop\/?post_type=product&#038;p=1332"},"modified":"2024-04-26T12:45:09","modified_gmt":"2024-04-26T12:45:09","slug":"ryggsack-reflex","status":"publish","type":"product","link":"https:\/\/nehstore.com\/nyshop\/produkt\/ryggsack-reflex\/","title":{"rendered":"Ryggs\u00e4ck Reflex"},"content":{"rendered":"","protected":false},"excerpt":{"rendered":"<p>En enkel ryggs\u00e4ck i reflekterande material f\u00f6r god synlighet i m\u00f6rker. Reflekteringsindex 250.<\/p>\n<div>\n<div class=\"Text-sc-s31epd-0 iovWTc d-inline f3-700 mr-1\">\n<div id=\"react-tabs-283\" class=\"ProductTabs__StyledTabPanel-sc-uf201h-4 IQaaw react-tabs__tab-panel--selected\" role=\"tabpanel\" aria-labelledby=\"react-tabs-282\">\n<div id=\"react-tabs-357\" class=\"ProductTabs__StyledTabPanel-sc-uf201h-4 IQaaw react-tabs__tab-panel--selected\" role=\"tabpanel\" aria-labelledby=\"react-tabs-356\">\n<div>\n<div class=\"Text-sc-s31epd-0 iovWTc d-inline f3-700 mr-1\">\n<div>\n<div class=\"Text-sc-s31epd-0 iovWTc d-inline f3-700 mr-1\">\n<div id=\"react-tabs-613\" class=\"ProductTabs__StyledTabPanel-sc-uf201h-4 IQaaw react-tabs__tab-panel--selected\" role=\"tabpanel\" aria-labelledby=\"react-tabs-612\">\n<div id=\"react-tabs-641\" class=\"ProductTabs__StyledTabPanel-sc-uf201h-4 IQaaw react-tabs__tab-panel--selected\" role=\"tabpanel\" aria-labelledby=\"react-tabs-640\">\n<div>\n<div class=\"Text-sc-s31epd-0 iovWTc d-inline f3-700 mr-1\"><strong>Material:<\/strong> 600D polyester med reflekterande PU-bel\u00e4ggning<\/div>\n<div class=\"Text-sc-s31epd-0 iovWTc d-inline f3-700 mr-1\"><strong>M\u00e5tt:<\/strong> 29x18x42 cm, ca 21 liter.<\/div>\n<\/div>\n<\/div>\n<\/div>\n<\/div>\n<\/div>\n<\/div>\n<\/div>\n<\/div>\n<\/div>\n<\/div>\n<\/div>\n","protected":false},"featured_media":1334,"template":"","meta":[],"product_brand":[],"product_cat":[25,29],"product_tag":[167,168,166,164],"class_list":{"0":"post-1332","1":"product","2":"type-product","3":"status-publish","4":"has-post-thumbnail","6":"product_cat-tillbehor","7":"product_cat-vaskor","8":"product_tag-backpack","9":"product_tag-reflex","10":"product_tag-ryggsack","11":"product_tag-vaska","12":"has-post-title","13":"has-post-date","14":"has-post-category","15":"has-post-tag","16":"has-post-comment","17":"has-post-author","18":"","20":"first","21":"instock","22":"shipping-taxable","23":"purchasable","24":"product-type-variable"},"builder_content":"","_links":{"self":[{"href":"https:\/\/nehstore.com\/nyshop\/wp-json\/wp\/v2\/product\/1332","targetHints":{"allow":["GET"]}}],"collection":[{"href":"https:\/\/nehstore.com\/nyshop\/wp-json\/wp\/v2\/product"}],"about":[{"href":"https:\/\/nehstore.com\/nyshop\/wp-json\/wp\/v2\/types\/product"}],"wp:featuredmedia":[{"embeddable":true,"href":"https:\/\/nehstore.com\/nyshop\/wp-json\/wp\/v2\/media\/1334"}],"wp:attachment":[{"href":"https:\/\/nehstore.com\/nyshop\/wp-json\/wp\/v2\/media?parent=1332"}],"wp:term":[{"taxonomy":"product_brand","embeddable":true,"href":"https:\/\/nehstore.com\/nyshop\/wp-json\/wp\/v2\/product_brand?post=1332"},{"taxonomy":"product_cat","embeddable":true,"href":"https:\/\/nehstore.com\/nyshop\/wp-json\/wp\/v2\/product_cat?post=1332"},{"taxonomy":"product_tag","embeddable":true,"href":"https:\/\/nehstore.com\/nyshop\/wp-json\/wp\/v2\/product_tag?post=1332"}],"curies":[{"name":"wp","href":"https:\/\/api.w.org\/{rel}","templated":true}]}}