{"id":1335,"date":"2024-02-09T13:02:25","date_gmt":"2024-02-09T13:02:25","guid":{"rendered":"https:\/\/nehstore.com\/nyshop\/?post_type=product&#038;p=1335"},"modified":"2024-04-26T12:45:09","modified_gmt":"2024-04-26T12:45:09","slug":"pasvaska","status":"publish","type":"product","link":"https:\/\/nehstore.com\/nyshop\/produkt\/pasvaska\/","title":{"rendered":"P\u00e5sv\u00e4ska"},"content":{"rendered":"","protected":false},"excerpt":{"rendered":"<p>Tv\u00e5f\u00e4rgad l\u00e4tt sportig p\u00e5sv\u00e4ska med dragskojustering upptill.<\/p>\n<div id=\"react-tabs-761\" class=\"ProductTabs__StyledTabPanel-sc-uf201h-4 IQaaw react-tabs__tab-panel--selected\" role=\"tabpanel\" aria-labelledby=\"react-tabs-760\">\n<div>\n<div class=\"Text-sc-s31epd-0 iovWTc d-inline f3-700 mr-1\"><strong>Material<\/strong>: Diamond non-woven, 95g och 600D polyester<\/div>\n<\/div>\n<div>\n<div class=\"Text-sc-s31epd-0 iovWTc d-inline f3-700 mr-1\"><strong>M\u00e5tt:<\/strong> 48&#215;35.5 cm, ca 10 liter.<\/div>\n<\/div>\n<\/div>\n","protected":false},"featured_media":1336,"template":"","meta":[],"product_brand":[],"product_cat":[25,29],"product_tag":[],"class_list":{"0":"post-1335","1":"product","2":"type-product","3":"status-publish","4":"has-post-thumbnail","6":"product_cat-tillbehor","7":"product_cat-vaskor","8":"has-post-title","9":"has-post-date","10":"has-post-category","11":"has-post-tag","12":"has-post-comment","13":"has-post-author","14":"","16":"first","17":"instock","18":"shipping-taxable","19":"purchasable","20":"product-type-variable"},"builder_content":"","_links":{"self":[{"href":"https:\/\/nehstore.com\/nyshop\/wp-json\/wp\/v2\/product\/1335","targetHints":{"allow":["GET"]}}],"collection":[{"href":"https:\/\/nehstore.com\/nyshop\/wp-json\/wp\/v2\/product"}],"about":[{"href":"https:\/\/nehstore.com\/nyshop\/wp-json\/wp\/v2\/types\/product"}],"wp:featuredmedia":[{"embeddable":true,"href":"https:\/\/nehstore.com\/nyshop\/wp-json\/wp\/v2\/media\/1336"}],"wp:attachment":[{"href":"https:\/\/nehstore.com\/nyshop\/wp-json\/wp\/v2\/media?parent=1335"}],"wp:term":[{"taxonomy":"product_brand","embeddable":true,"href":"https:\/\/nehstore.com\/nyshop\/wp-json\/wp\/v2\/product_brand?post=1335"},{"taxonomy":"product_cat","embeddable":true,"href":"https:\/\/nehstore.com\/nyshop\/wp-json\/wp\/v2\/product_cat?post=1335"},{"taxonomy":"product_tag","embeddable":true,"href":"https:\/\/nehstore.com\/nyshop\/wp-json\/wp\/v2\/product_tag?post=1335"}],"curies":[{"name":"wp","href":"https:\/\/api.w.org\/{rel}","templated":true}]}}