{"id":1342,"date":"2024-02-09T13:03:01","date_gmt":"2024-02-09T13:03:01","guid":{"rendered":"https:\/\/nehstore.com\/nyshop\/?post_type=product&#038;p=1342"},"modified":"2024-04-26T12:45:09","modified_gmt":"2024-04-26T12:45:09","slug":"ryggsack-sport","status":"publish","type":"product","link":"https:\/\/nehstore.com\/nyshop\/produkt\/ryggsack-sport\/","title":{"rendered":"Ryggs\u00e4ck Sport"},"content":{"rendered":"","protected":false},"excerpt":{"rendered":"<p>Sportbetonad ryggs\u00e4ck med plats f\u00f6r de viktigaste prylarna. Reglerbara remmar p\u00e5 vardera sida, reflexpiping p\u00e5 utsidan. Ficka med synlig dragkedja fram. Rej\u00e4lt handtag i gummimaterial. Flera innerfickor med plats f\u00f6r sm\u00e5saker och mobiltelefon. Vadderade baksida f\u00f6r sk\u00f6n komfort mot ryggen. Reglerbara och vadderade b\u00e4rremmar.<\/p>\n<div id=\"react-tabs-761\" class=\"ProductTabs__StyledTabPanel-sc-uf201h-4 IQaaw react-tabs__tab-panel--selected\" role=\"tabpanel\" aria-labelledby=\"react-tabs-760\">\n<div id=\"react-tabs-801\" class=\"ProductTabs__StyledTabPanel-sc-uf201h-4 IQaaw react-tabs__tab-panel--selected\" role=\"tabpanel\" aria-labelledby=\"react-tabs-800\">\n<div>\n<div class=\"Text-sc-s31epd-0 iovWTc d-inline f3-700 mr-1\"><strong>Material<\/strong>: 600D polyester med PVC-bel\u00e4ggning<\/div>\n<\/div>\n<div>\n<div class=\"Text-sc-s31epd-0 iovWTc d-inline f3-700 mr-1\"><strong>M\u00e5tt<\/strong>: 46x28x13 cm<\/div>\n<\/div>\n<\/div>\n<\/div>\n","protected":false},"featured_media":1348,"template":"","meta":[],"product_brand":[],"product_cat":[25,29],"product_tag":[166,91],"class_list":{"0":"post-1342","1":"product","2":"type-product","3":"status-publish","4":"has-post-thumbnail","6":"product_cat-tillbehor","7":"product_cat-vaskor","8":"product_tag-ryggsack","9":"product_tag-sport","10":"has-post-title","11":"has-post-date","12":"has-post-category","13":"has-post-tag","14":"has-post-comment","15":"has-post-author","16":"","18":"first","19":"instock","20":"shipping-taxable","21":"purchasable","22":"product-type-variable"},"builder_content":"","_links":{"self":[{"href":"https:\/\/nehstore.com\/nyshop\/wp-json\/wp\/v2\/product\/1342","targetHints":{"allow":["GET"]}}],"collection":[{"href":"https:\/\/nehstore.com\/nyshop\/wp-json\/wp\/v2\/product"}],"about":[{"href":"https:\/\/nehstore.com\/nyshop\/wp-json\/wp\/v2\/types\/product"}],"wp:featuredmedia":[{"embeddable":true,"href":"https:\/\/nehstore.com\/nyshop\/wp-json\/wp\/v2\/media\/1348"}],"wp:attachment":[{"href":"https:\/\/nehstore.com\/nyshop\/wp-json\/wp\/v2\/media?parent=1342"}],"wp:term":[{"taxonomy":"product_brand","embeddable":true,"href":"https:\/\/nehstore.com\/nyshop\/wp-json\/wp\/v2\/product_brand?post=1342"},{"taxonomy":"product_cat","embeddable":true,"href":"https:\/\/nehstore.com\/nyshop\/wp-json\/wp\/v2\/product_cat?post=1342"},{"taxonomy":"product_tag","embeddable":true,"href":"https:\/\/nehstore.com\/nyshop\/wp-json\/wp\/v2\/product_tag?post=1342"}],"curies":[{"name":"wp","href":"https:\/\/api.w.org\/{rel}","templated":true}]}}