{"id":1350,"date":"2024-02-09T13:07:42","date_gmt":"2024-02-09T13:07:42","guid":{"rendered":"https:\/\/nehstore.com\/nyshop\/?post_type=product&#038;p=1350"},"modified":"2024-04-26T12:45:09","modified_gmt":"2024-04-26T12:45:09","slug":"ryggsack-basic","status":"publish","type":"product","link":"https:\/\/nehstore.com\/nyshop\/produkt\/ryggsack-basic\/","title":{"rendered":"Ryggs\u00e4ck Basic"},"content":{"rendered":"","protected":false},"excerpt":{"rendered":"<p>Tv\u00e5f\u00e4rgad l\u00e4tt sportryggs\u00e4ck i non woven material. Justerbara axelband och dragkedja. Zippuller.<\/p>\n<div id=\"react-tabs-761\" class=\"ProductTabs__StyledTabPanel-sc-uf201h-4 IQaaw react-tabs__tab-panel--selected\" role=\"tabpanel\" aria-labelledby=\"react-tabs-760\">\n<div id=\"react-tabs-801\" class=\"ProductTabs__StyledTabPanel-sc-uf201h-4 IQaaw react-tabs__tab-panel--selected\" role=\"tabpanel\" aria-labelledby=\"react-tabs-800\">\n<div>\n<div class=\"Text-sc-s31epd-0 iovWTc d-inline f3-700 mr-1\"><strong>Material<\/strong>: Non woven 95g och 600D polyester<\/div>\n<\/div>\n<div>\n<div class=\"Text-sc-s31epd-0 iovWTc d-inline f3-700 mr-1\"><strong>M\u00e5tt<\/strong>: 29x18x42cm, ca 21 l<\/div>\n<\/div>\n<\/div>\n<\/div>\n","protected":false},"featured_media":1355,"template":"","meta":[],"product_brand":[],"product_cat":[25,29],"product_tag":[74,166,91],"class_list":{"0":"post-1350","1":"product","2":"type-product","3":"status-publish","4":"has-post-thumbnail","6":"product_cat-tillbehor","7":"product_cat-vaskor","8":"product_tag-basic","9":"product_tag-ryggsack","10":"product_tag-sport","11":"has-post-title","12":"has-post-date","13":"has-post-category","14":"has-post-tag","15":"has-post-comment","16":"has-post-author","17":"","19":"first","20":"instock","21":"shipping-taxable","22":"purchasable","23":"product-type-variable"},"builder_content":"","_links":{"self":[{"href":"https:\/\/nehstore.com\/nyshop\/wp-json\/wp\/v2\/product\/1350","targetHints":{"allow":["GET"]}}],"collection":[{"href":"https:\/\/nehstore.com\/nyshop\/wp-json\/wp\/v2\/product"}],"about":[{"href":"https:\/\/nehstore.com\/nyshop\/wp-json\/wp\/v2\/types\/product"}],"wp:featuredmedia":[{"embeddable":true,"href":"https:\/\/nehstore.com\/nyshop\/wp-json\/wp\/v2\/media\/1355"}],"wp:attachment":[{"href":"https:\/\/nehstore.com\/nyshop\/wp-json\/wp\/v2\/media?parent=1350"}],"wp:term":[{"taxonomy":"product_brand","embeddable":true,"href":"https:\/\/nehstore.com\/nyshop\/wp-json\/wp\/v2\/product_brand?post=1350"},{"taxonomy":"product_cat","embeddable":true,"href":"https:\/\/nehstore.com\/nyshop\/wp-json\/wp\/v2\/product_cat?post=1350"},{"taxonomy":"product_tag","embeddable":true,"href":"https:\/\/nehstore.com\/nyshop\/wp-json\/wp\/v2\/product_tag?post=1350"}],"curies":[{"name":"wp","href":"https:\/\/api.w.org\/{rel}","templated":true}]}}