{"id":1368,"date":"2024-02-09T13:16:27","date_gmt":"2024-02-09T13:16:27","guid":{"rendered":"https:\/\/nehstore.com\/nyshop\/?post_type=product&#038;p=1368"},"modified":"2024-04-26T12:45:09","modified_gmt":"2024-04-26T12:45:09","slug":"datorvaska","status":"publish","type":"product","link":"https:\/\/nehstore.com\/nyshop\/produkt\/datorvaska\/","title":{"rendered":"Datorv\u00e4ska"},"content":{"rendered":"","protected":false},"excerpt":{"rendered":"<p>En ren och minimalistiskt designad datorv\u00e4ska. Den \u00e4r utrustad med ett vadderat huvudfack med SBS dragkedja samt utanp\u00e5 ficka \u00e4ven den med SBS dragkedja. V\u00e4skan har robusta b\u00e4rhandtag.<\/p>\n<div>\n<div class=\"Text-sc-s31epd-0 iovWTc d-inline f3-700 mr-1\">\n<div id=\"react-tabs-283\" class=\"ProductTabs__StyledTabPanel-sc-uf201h-4 IQaaw react-tabs__tab-panel--selected\" role=\"tabpanel\" aria-labelledby=\"react-tabs-282\">\n<div id=\"react-tabs-357\" class=\"ProductTabs__StyledTabPanel-sc-uf201h-4 IQaaw react-tabs__tab-panel--selected\" role=\"tabpanel\" aria-labelledby=\"react-tabs-356\">\n<div>\n<div class=\"Text-sc-s31epd-0 iovWTc d-inline f3-700 mr-1\">\n<div>\n<div class=\"Text-sc-s31epd-0 iovWTc d-inline f3-700 mr-1\">\n<div id=\"react-tabs-613\" class=\"ProductTabs__StyledTabPanel-sc-uf201h-4 IQaaw react-tabs__tab-panel--selected\" role=\"tabpanel\" aria-labelledby=\"react-tabs-612\">\n<div id=\"react-tabs-895\" class=\"ProductTabs__StyledTabPanel-sc-uf201h-4 IQaaw react-tabs__tab-panel--selected\" role=\"tabpanel\" aria-labelledby=\"react-tabs-894\">\n<div>\n<div class=\"Text-sc-s31epd-0 iovWTc d-inline f3-700 mr-1\"><strong>Material:<\/strong> 600D Polyester\/TPE backing. Foder: 100% Polyester<\/div>\n<\/div>\n<div>\n<div class=\"Text-sc-s31epd-0 iovWTc d-inline f3-700 mr-1\"><strong>M\u00e5tt:<\/strong> 36x26x3 cm, ca 3 l<\/div>\n<\/div>\n<\/div>\n<\/div>\n<\/div>\n<\/div>\n<\/div>\n<\/div>\n<\/div>\n<\/div>\n<\/div>\n<\/div>\n","protected":false},"featured_media":1370,"template":"","meta":[],"product_brand":[],"product_cat":[25,29],"product_tag":[170,171,164],"class_list":{"0":"post-1368","1":"product","2":"type-product","3":"status-publish","4":"has-post-thumbnail","6":"product_cat-tillbehor","7":"product_cat-vaskor","8":"product_tag-dator","9":"product_tag-datorvaska","10":"product_tag-vaska","11":"has-post-title","12":"has-post-date","13":"has-post-category","14":"has-post-tag","15":"has-post-comment","16":"has-post-author","17":"","19":"first","20":"instock","21":"shipping-taxable","22":"purchasable","23":"product-type-variable"},"builder_content":"","_links":{"self":[{"href":"https:\/\/nehstore.com\/nyshop\/wp-json\/wp\/v2\/product\/1368","targetHints":{"allow":["GET"]}}],"collection":[{"href":"https:\/\/nehstore.com\/nyshop\/wp-json\/wp\/v2\/product"}],"about":[{"href":"https:\/\/nehstore.com\/nyshop\/wp-json\/wp\/v2\/types\/product"}],"wp:featuredmedia":[{"embeddable":true,"href":"https:\/\/nehstore.com\/nyshop\/wp-json\/wp\/v2\/media\/1370"}],"wp:attachment":[{"href":"https:\/\/nehstore.com\/nyshop\/wp-json\/wp\/v2\/media?parent=1368"}],"wp:term":[{"taxonomy":"product_brand","embeddable":true,"href":"https:\/\/nehstore.com\/nyshop\/wp-json\/wp\/v2\/product_brand?post=1368"},{"taxonomy":"product_cat","embeddable":true,"href":"https:\/\/nehstore.com\/nyshop\/wp-json\/wp\/v2\/product_cat?post=1368"},{"taxonomy":"product_tag","embeddable":true,"href":"https:\/\/nehstore.com\/nyshop\/wp-json\/wp\/v2\/product_tag?post=1368"}],"curies":[{"name":"wp","href":"https:\/\/api.w.org\/{rel}","templated":true}]}}