{"id":1630,"date":"2024-03-05T10:42:28","date_gmt":"2024-03-05T10:42:28","guid":{"rendered":"https:\/\/nehstore.com\/nyshop\/?post_type=product&#038;p=1630"},"modified":"2024-04-26T12:44:11","modified_gmt":"2024-04-26T12:44:11","slug":"pike-funktion-premium-herr","status":"publish","type":"product","link":"https:\/\/nehstore.com\/nyshop\/produkt\/pike-funktion-premium-herr\/","title":{"rendered":"Pik\u00e9 Funktion Premium, Herr"},"content":{"rendered":"<p>Denna produkt finns \u00e4ven f\u00f6r <strong>DAM \u2013<\/strong> <a href=\"https:\/\/nehstore.com\/nyshop\/product\/pike-funktion-premium-dam\/\"><em>klicka h\u00e4r<\/em><\/a><\/p>\n","protected":false},"excerpt":{"rendered":"<p>En klassisk pike med sportig passform som \u00e4r specifikt designad att b\u00e4ras n\u00e4ra kroppen. Den h\u00e4r bekv\u00e4ma kort\u00e4rmade pik\u00e9n k\u00e4nns mjuk och transporterar effektivt bort fukt fr\u00e5n kroppen. Designad med ribbat kragavslut och 3 knappar framtill i knappsl\u00e5n f\u00f6r ett avslappnat uttryck.<\/p>\n<div>\n<div><strong>Storlekar:<\/strong> S &#8211; 4XL<\/div>\n<div class=\"Text-sc-s31epd-0 iovWTc d-inline f3-700 mr-1\"><strong>Material:<\/strong> 100% polyester med UV-skydd<\/div>\n<\/div>\n<div>\n<div class=\"Text-sc-s31epd-0 iovWTc d-inline f3-700 mr-1\"><strong>Vikt:<\/strong> 155 g\/m2<\/div>\n<\/div>\n","protected":false},"featured_media":1513,"template":"","meta":[],"product_brand":[],"product_cat":[20,22],"product_tag":[65,58,72,177,91,34],"class_list":{"0":"post-1630","1":"product","2":"type-product","3":"status-publish","4":"has-post-thumbnail","6":"product_cat-herr","7":"product_cat-klader","8":"product_tag-funktion","9":"product_tag-herr","10":"product_tag-kortarmad","11":"product_tag-premium","12":"product_tag-sport","13":"product_tag-troja","14":"has-post-title","15":"has-post-date","16":"has-post-category","17":"has-post-tag","18":"has-post-comment","19":"has-post-author","20":"","22":"first","23":"instock","24":"shipping-taxable","25":"purchasable","26":"product-type-variable"},"builder_content":"","_links":{"self":[{"href":"https:\/\/nehstore.com\/nyshop\/wp-json\/wp\/v2\/product\/1630","targetHints":{"allow":["GET"]}}],"collection":[{"href":"https:\/\/nehstore.com\/nyshop\/wp-json\/wp\/v2\/product"}],"about":[{"href":"https:\/\/nehstore.com\/nyshop\/wp-json\/wp\/v2\/types\/product"}],"wp:featuredmedia":[{"embeddable":true,"href":"https:\/\/nehstore.com\/nyshop\/wp-json\/wp\/v2\/media\/1513"}],"wp:attachment":[{"href":"https:\/\/nehstore.com\/nyshop\/wp-json\/wp\/v2\/media?parent=1630"}],"wp:term":[{"taxonomy":"product_brand","embeddable":true,"href":"https:\/\/nehstore.com\/nyshop\/wp-json\/wp\/v2\/product_brand?post=1630"},{"taxonomy":"product_cat","embeddable":true,"href":"https:\/\/nehstore.com\/nyshop\/wp-json\/wp\/v2\/product_cat?post=1630"},{"taxonomy":"product_tag","embeddable":true,"href":"https:\/\/nehstore.com\/nyshop\/wp-json\/wp\/v2\/product_tag?post=1630"}],"curies":[{"name":"wp","href":"https:\/\/api.w.org\/{rel}","templated":true}]}}