{"id":1639,"date":"2024-03-05T10:49:33","date_gmt":"2024-03-05T10:49:33","guid":{"rendered":"https:\/\/nehstore.com\/nyshop\/?post_type=product&#038;p=1639"},"modified":"2024-04-26T12:44:11","modified_gmt":"2024-04-26T12:44:11","slug":"pike-bomull-premium-dam","status":"publish","type":"product","link":"https:\/\/nehstore.com\/nyshop\/produkt\/pike-bomull-premium-dam\/","title":{"rendered":"Pik\u00e9 Bomull Premium, Dam"},"content":{"rendered":"<p>Denna produkt finns \u00e4ven f\u00f6r <strong>HERR \u2013<\/strong> <a href=\"https:\/\/nehstore.com\/nyshop\/product\/pike-bomull-premium-herr\/\"><em>klicka h\u00e4r<\/em><\/a><\/p>\n","protected":false},"excerpt":{"rendered":"<p>En pik\u00e9 \u00e4r ett klassiskt plagg som aldrig g\u00e5r ur modet. Denna pik\u00e9 har en unik bi-blend-kvalitet av bomull och extra elastan &#8211; mjuk och h\u00e5llbar med sk\u00f6n stretch och passform. Den har alla klassiska detaljer men med en extra touch av exklusivitet i form av brodyr-logo i nacken, ton-i-ton knappar samt mjukt jersey-tyg p\u00e5 insidan av kragen.<\/p>\n<div>\n<div><strong>Storlekar:<\/strong> XS &#8211; XXL<\/div>\n<div class=\"Text-sc-s31epd-0 iovWTc d-inline f3-700 mr-1\"><strong>Material:<\/strong> 95% bomull, 5% elastan<\/div>\n<\/div>\n<div>\n<div class=\"Text-sc-s31epd-0 iovWTc d-inline f3-700 mr-1\"><strong>Vikt:<\/strong> 190 g\/m2<\/div>\n<\/div>\n","protected":false},"featured_media":1524,"template":"","meta":[],"product_brand":[],"product_cat":[19,22],"product_tag":[71,35,72,69,70,177,34],"class_list":{"0":"post-1639","1":"product","2":"type-product","3":"status-publish","4":"has-post-thumbnail","6":"product_cat-dam","7":"product_cat-klader","8":"product_tag-bomull","9":"product_tag-dam","10":"product_tag-kortarmad","11":"product_tag-pike","12":"product_tag-piketroja","13":"product_tag-premium","14":"product_tag-troja","15":"has-post-title","16":"has-post-date","17":"has-post-category","18":"has-post-tag","19":"has-post-comment","20":"has-post-author","21":"","23":"first","24":"instock","25":"shipping-taxable","26":"purchasable","27":"product-type-variable"},"builder_content":"","_links":{"self":[{"href":"https:\/\/nehstore.com\/nyshop\/wp-json\/wp\/v2\/product\/1639","targetHints":{"allow":["GET"]}}],"collection":[{"href":"https:\/\/nehstore.com\/nyshop\/wp-json\/wp\/v2\/product"}],"about":[{"href":"https:\/\/nehstore.com\/nyshop\/wp-json\/wp\/v2\/types\/product"}],"wp:featuredmedia":[{"embeddable":true,"href":"https:\/\/nehstore.com\/nyshop\/wp-json\/wp\/v2\/media\/1524"}],"wp:attachment":[{"href":"https:\/\/nehstore.com\/nyshop\/wp-json\/wp\/v2\/media?parent=1639"}],"wp:term":[{"taxonomy":"product_brand","embeddable":true,"href":"https:\/\/nehstore.com\/nyshop\/wp-json\/wp\/v2\/product_brand?post=1639"},{"taxonomy":"product_cat","embeddable":true,"href":"https:\/\/nehstore.com\/nyshop\/wp-json\/wp\/v2\/product_cat?post=1639"},{"taxonomy":"product_tag","embeddable":true,"href":"https:\/\/nehstore.com\/nyshop\/wp-json\/wp\/v2\/product_tag?post=1639"}],"curies":[{"name":"wp","href":"https:\/\/api.w.org\/{rel}","templated":true}]}}