{"id":1656,"date":"2024-03-05T11:41:24","date_gmt":"2024-03-05T11:41:24","guid":{"rendered":"https:\/\/nehstore.com\/nyshop\/?post_type=product&#038;p=1656"},"modified":"2024-04-26T12:44:10","modified_gmt":"2024-04-26T12:44:10","slug":"hood-bomull-premium-herr","status":"publish","type":"product","link":"https:\/\/nehstore.com\/nyshop\/produkt\/hood-bomull-premium-herr\/","title":{"rendered":"Hood Bomull Premium, Herr"},"content":{"rendered":"<p>Denna produkt finns \u00e4ven f\u00f6r <strong>DAM \u2013<\/strong> <a href=\"https:\/\/nehstore.com\/nyshop\/product\/hood-bomull-premium-dam\/\"><em>klicka h\u00e4r<\/em><\/a><\/p>\n","protected":false},"excerpt":{"rendered":"<p>Hoodtr\u00f6ja i sk\u00f6nt, stretchigt, dubbelstickat l\u00e4ttviktsmaterial &#8211; ett perfekt \u00e5ret-runt plagg. Det tekniska materialet \u00e4r gjort av certifierad \u00e5tervunnen polyester, rayon samt tillf\u00f6rd elastan f\u00f6r bra stretch. Den h\u00f6ga kragen skyddar mot kallt v\u00e4der. Tr\u00f6jan har tv\u00e5 fickor framtill med dragkedjor. CUTTER &amp; BUCK-loggan \u00e4r inbroderad l\u00e4ngs huvan ytterkant.<\/p>\n<div>\n<div><strong>Storlekar:<\/strong> S &#8211; 4XL<\/div>\n<div class=\"Text-sc-s31epd-0 iovWTc d-inline f3-700 mr-1\"><strong>Material:<\/strong> 66% \u00e5tervunnen polyester, 4% polyester, 26% rayon, 4% elastan*<\/div>\n<\/div>\n<div>\n<div class=\"Text-sc-s31epd-0 iovWTc d-inline f3-700 mr-1\"><strong>Vikt:<\/strong> 350 g\/m2<\/div>\n<\/div>\n","protected":false},"featured_media":1533,"template":"","meta":[],"product_brand":[],"product_cat":[20,22],"product_tag":[58,79,78,177,34],"class_list":{"0":"post-1656","1":"product","2":"type-product","3":"status-publish","4":"has-post-thumbnail","6":"product_cat-herr","7":"product_cat-klader","8":"product_tag-herr","9":"product_tag-hood","10":"product_tag-hoodtroja","11":"product_tag-premium","12":"product_tag-troja","13":"has-post-title","14":"has-post-date","15":"has-post-category","16":"has-post-tag","17":"has-post-comment","18":"has-post-author","19":"","21":"first","22":"instock","23":"shipping-taxable","24":"purchasable","25":"product-type-variable"},"builder_content":"","_links":{"self":[{"href":"https:\/\/nehstore.com\/nyshop\/wp-json\/wp\/v2\/product\/1656","targetHints":{"allow":["GET"]}}],"collection":[{"href":"https:\/\/nehstore.com\/nyshop\/wp-json\/wp\/v2\/product"}],"about":[{"href":"https:\/\/nehstore.com\/nyshop\/wp-json\/wp\/v2\/types\/product"}],"wp:featuredmedia":[{"embeddable":true,"href":"https:\/\/nehstore.com\/nyshop\/wp-json\/wp\/v2\/media\/1533"}],"wp:attachment":[{"href":"https:\/\/nehstore.com\/nyshop\/wp-json\/wp\/v2\/media?parent=1656"}],"wp:term":[{"taxonomy":"product_brand","embeddable":true,"href":"https:\/\/nehstore.com\/nyshop\/wp-json\/wp\/v2\/product_brand?post=1656"},{"taxonomy":"product_cat","embeddable":true,"href":"https:\/\/nehstore.com\/nyshop\/wp-json\/wp\/v2\/product_cat?post=1656"},{"taxonomy":"product_tag","embeddable":true,"href":"https:\/\/nehstore.com\/nyshop\/wp-json\/wp\/v2\/product_tag?post=1656"}],"curies":[{"name":"wp","href":"https:\/\/api.w.org\/{rel}","templated":true}]}}