{"id":1676,"date":"2024-03-05T12:19:48","date_gmt":"2024-03-05T12:19:48","guid":{"rendered":"https:\/\/nehstore.com\/nyshop\/?post_type=product&#038;p=1676"},"modified":"2024-04-26T12:44:10","modified_gmt":"2024-04-26T12:44:10","slug":"stickad-troja-premium-dam","status":"publish","type":"product","link":"https:\/\/nehstore.com\/nyshop\/produkt\/stickad-troja-premium-dam\/","title":{"rendered":"Stickad Tr\u00f6ja Premium, Dam"},"content":{"rendered":"<p>Denna produkt finns \u00e4ven f\u00f6r <strong>HERR \u2013<\/strong> <a href=\"https:\/\/nehstore.com\/nyshop\/product\/stickad-troja-premium-herr\/\"><em>klicka h\u00e4r<\/em><\/a><\/p>\n","protected":false},"excerpt":{"rendered":"<p>Stickade tr\u00f6ja som g\u00e5r att matcha med allt. Den stickade konstruktionen \u00e4r mjuk och inte f\u00f6r tjock, vilket g\u00f6r att den fungerar perfekt \u00f6ver en skjorta. Garnblandningen ger dig en behaglig mjukhet fr\u00e5n bomullen och l\u00e5ng h\u00e5llbarhet fr\u00e5n nylonet.<\/p>\n<p><strong><em>Vid f\u00f6r\u00e4dling broderas denna produkt.<\/em><\/strong><\/p>\n<div>\n<div><strong>Storlekar:<\/strong> XS &#8211; XXL<\/div>\n<div class=\"Text-sc-s31epd-0 iovWTc d-inline f3-700 mr-1\"><strong>Material:<\/strong> 80% bomull, 20% nylon<\/div>\n<\/div>\n<div>\n<div class=\"Text-sc-s31epd-0 iovWTc d-inline f3-700 mr-1\"><strong>Vikt:<\/strong> 200 g\/m2<\/div>\n<\/div>\n","protected":false},"featured_media":1681,"template":"","meta":[],"product_brand":[],"product_cat":[19,22],"product_tag":[35,177,178,34],"class_list":{"0":"post-1676","1":"product","2":"type-product","3":"status-publish","4":"has-post-thumbnail","6":"product_cat-dam","7":"product_cat-klader","8":"product_tag-dam","9":"product_tag-premium","10":"product_tag-stickad","11":"product_tag-troja","12":"has-post-title","13":"has-post-date","14":"has-post-category","15":"has-post-tag","16":"has-post-comment","17":"has-post-author","18":"","20":"first","21":"instock","22":"shipping-taxable","23":"purchasable","24":"product-type-variable"},"builder_content":"","_links":{"self":[{"href":"https:\/\/nehstore.com\/nyshop\/wp-json\/wp\/v2\/product\/1676","targetHints":{"allow":["GET"]}}],"collection":[{"href":"https:\/\/nehstore.com\/nyshop\/wp-json\/wp\/v2\/product"}],"about":[{"href":"https:\/\/nehstore.com\/nyshop\/wp-json\/wp\/v2\/types\/product"}],"wp:featuredmedia":[{"embeddable":true,"href":"https:\/\/nehstore.com\/nyshop\/wp-json\/wp\/v2\/media\/1681"}],"wp:attachment":[{"href":"https:\/\/nehstore.com\/nyshop\/wp-json\/wp\/v2\/media?parent=1676"}],"wp:term":[{"taxonomy":"product_brand","embeddable":true,"href":"https:\/\/nehstore.com\/nyshop\/wp-json\/wp\/v2\/product_brand?post=1676"},{"taxonomy":"product_cat","embeddable":true,"href":"https:\/\/nehstore.com\/nyshop\/wp-json\/wp\/v2\/product_cat?post=1676"},{"taxonomy":"product_tag","embeddable":true,"href":"https:\/\/nehstore.com\/nyshop\/wp-json\/wp\/v2\/product_tag?post=1676"}],"curies":[{"name":"wp","href":"https:\/\/api.w.org\/{rel}","templated":true}]}}