{"id":1727,"date":"2024-03-05T13:21:52","date_gmt":"2024-03-05T13:21:52","guid":{"rendered":"https:\/\/nehstore.com\/nyshop\/?post_type=product&#038;p=1727"},"modified":"2024-04-26T12:44:09","modified_gmt":"2024-04-26T12:44:09","slug":"t-shirt-funktion-craft-dam","status":"publish","type":"product","link":"https:\/\/nehstore.com\/nyshop\/produkt\/t-shirt-funktion-craft-dam\/","title":{"rendered":"T-shirt Funktion Craft, Dam"},"content":{"rendered":"<p>Denna produkt finns \u00e4ven f\u00f6r <strong>HERR \u2013<\/strong> <a href=\"https:\/\/nehstore.com\/nyshop\/product\/t-shirt-funktion-craft-herr\/\"><em>klicka h\u00e4r<\/em><\/a><\/p>\n","protected":false},"excerpt":{"rendered":"<p>En mjuk och funktionell tr\u00e4nings-t-shirt i \u00e5tervunnen polyester med effektiv fukttransport som passar till de flesta typer av intensiva aktiviteter. Detta avancerade tr\u00e4ningsplagg har \u00e4ven ergonomisk design f\u00f6r optimal passform, r\u00f6relsefrihet och komfort.<\/p>\n<p>\u2022 \u00c5tervunnen polyester<br \/>\n\u2022 Meshdetaljer f\u00f6r extra ventilation<br \/>\n\u2022 Dold ficka med dragkedja p\u00e5 h\u00f6ger sida<br \/>\n\u2022 Normal passform<\/p>\n<div>\n<div><strong>Storlekar:<\/strong> XS &#8211; XXL<\/div>\n<div class=\"Text-sc-s31epd-0 iovWTc d-inline f3-700 mr-1\"><strong>Material:<\/strong> Body 95% Polyester-recycled 5% Elastane Upper back body 100% Polyester-recycled<\/div>\n<\/div>\n","protected":false},"featured_media":1725,"template":"","meta":[],"product_brand":[],"product_cat":[19,22],"product_tag":[180,35,31,64,34],"class_list":{"0":"post-1727","1":"product","2":"type-product","3":"status-publish","4":"has-post-thumbnail","6":"product_cat-dam","7":"product_cat-klader","8":"product_tag-craft","9":"product_tag-dam","10":"product_tag-t-shirt","11":"product_tag-traning","12":"product_tag-troja","13":"has-post-title","14":"has-post-date","15":"has-post-category","16":"has-post-tag","17":"has-post-comment","18":"has-post-author","19":"","21":"first","22":"instock","23":"shipping-taxable","24":"purchasable","25":"product-type-variable"},"builder_content":"","_links":{"self":[{"href":"https:\/\/nehstore.com\/nyshop\/wp-json\/wp\/v2\/product\/1727","targetHints":{"allow":["GET"]}}],"collection":[{"href":"https:\/\/nehstore.com\/nyshop\/wp-json\/wp\/v2\/product"}],"about":[{"href":"https:\/\/nehstore.com\/nyshop\/wp-json\/wp\/v2\/types\/product"}],"wp:featuredmedia":[{"embeddable":true,"href":"https:\/\/nehstore.com\/nyshop\/wp-json\/wp\/v2\/media\/1725"}],"wp:attachment":[{"href":"https:\/\/nehstore.com\/nyshop\/wp-json\/wp\/v2\/media?parent=1727"}],"wp:term":[{"taxonomy":"product_brand","embeddable":true,"href":"https:\/\/nehstore.com\/nyshop\/wp-json\/wp\/v2\/product_brand?post=1727"},{"taxonomy":"product_cat","embeddable":true,"href":"https:\/\/nehstore.com\/nyshop\/wp-json\/wp\/v2\/product_cat?post=1727"},{"taxonomy":"product_tag","embeddable":true,"href":"https:\/\/nehstore.com\/nyshop\/wp-json\/wp\/v2\/product_tag?post=1727"}],"curies":[{"name":"wp","href":"https:\/\/api.w.org\/{rel}","templated":true}]}}