{"id":1837,"date":"2024-03-08T08:09:22","date_gmt":"2024-03-08T08:09:22","guid":{"rendered":"https:\/\/nehstore.com\/nyshop\/?post_type=product&#038;p=1837"},"modified":"2024-04-26T12:44:08","modified_gmt":"2024-04-26T12:44:08","slug":"crewneck-zip-craft-dam","status":"publish","type":"product","link":"https:\/\/nehstore.com\/nyshop\/produkt\/crewneck-zip-craft-dam\/","title":{"rendered":"Crewneck Zip Craft, Dam"},"content":{"rendered":"<p>Denna produkt finns \u00e4ven f\u00f6r <strong>HERR \u2013<\/strong> <a href=\"https:\/\/nehstore.com\/nyshop\/product\/crewneck-zip-craft-herr\/\"><em>klicka h\u00e4r<\/em><\/a><\/p>\n<p>Denna produkt finns \u00e4ven f\u00f6r <strong>BARN \u2013<\/strong> <a href=\"https:\/\/nehstore.com\/nyshop\/product\/crewneck-zip-craft-barn\/\"><em>klicka h\u00e4r<\/em><\/a><\/p>\n","protected":false},"excerpt":{"rendered":"<p>En funktionell, l\u00e5ng\u00e4rmad tr\u00e4ningstr\u00f6ja. Plagget \u00e4r gjort av \u00e5tervunnen polyester som ger effektiv fukttransport och har dessutom h\u00f6g elasticitet och ergonomisk design f\u00f6r optimal passform och bra r\u00f6relsefrihet. Tr\u00f6jan har \u00e4ven dragkedja i halsen. Regular fit.<\/p>\n<p>\u2022 \u00c5tervunnen polyester<br \/>\n\u2022 Mycket elastiskt material<br \/>\n\u2022 Dragkedja i halsen<\/p>\n<div>\n<div><strong>Storlekar:<\/strong> XS &#8211; XXL<\/div>\n<div class=\"Text-sc-s31epd-0 iovWTc d-inline f3-700 mr-1\"><strong>Material:<\/strong> 100% Polyester recycled<br \/>\n<strong>Vikt:<\/strong> 200 g\/m2<\/div>\n<\/div>\n","protected":false},"featured_media":1820,"template":"","meta":[],"product_brand":[],"product_cat":[19,22],"product_tag":[180,35,64,34,80],"class_list":{"0":"post-1837","1":"product","2":"type-product","3":"status-publish","4":"has-post-thumbnail","6":"product_cat-dam","7":"product_cat-klader","8":"product_tag-craft","9":"product_tag-dam","10":"product_tag-traning","11":"product_tag-troja","12":"product_tag-zip","13":"has-post-title","14":"has-post-date","15":"has-post-category","16":"has-post-tag","17":"has-post-comment","18":"has-post-author","19":"","21":"first","22":"instock","23":"shipping-taxable","24":"purchasable","25":"product-type-variable"},"builder_content":"","_links":{"self":[{"href":"https:\/\/nehstore.com\/nyshop\/wp-json\/wp\/v2\/product\/1837","targetHints":{"allow":["GET"]}}],"collection":[{"href":"https:\/\/nehstore.com\/nyshop\/wp-json\/wp\/v2\/product"}],"about":[{"href":"https:\/\/nehstore.com\/nyshop\/wp-json\/wp\/v2\/types\/product"}],"wp:featuredmedia":[{"embeddable":true,"href":"https:\/\/nehstore.com\/nyshop\/wp-json\/wp\/v2\/media\/1820"}],"wp:attachment":[{"href":"https:\/\/nehstore.com\/nyshop\/wp-json\/wp\/v2\/media?parent=1837"}],"wp:term":[{"taxonomy":"product_brand","embeddable":true,"href":"https:\/\/nehstore.com\/nyshop\/wp-json\/wp\/v2\/product_brand?post=1837"},{"taxonomy":"product_cat","embeddable":true,"href":"https:\/\/nehstore.com\/nyshop\/wp-json\/wp\/v2\/product_cat?post=1837"},{"taxonomy":"product_tag","embeddable":true,"href":"https:\/\/nehstore.com\/nyshop\/wp-json\/wp\/v2\/product_tag?post=1837"}],"curies":[{"name":"wp","href":"https:\/\/api.w.org\/{rel}","templated":true}]}}