{"id":1855,"date":"2024-03-08T08:21:56","date_gmt":"2024-03-08T08:21:56","guid":{"rendered":"https:\/\/nehstore.com\/nyshop\/?post_type=product&#038;p=1855"},"modified":"2024-04-26T12:44:08","modified_gmt":"2024-04-26T12:44:08","slug":"traningsbyxa-craft-dam","status":"publish","type":"product","link":"https:\/\/nehstore.com\/nyshop\/produkt\/traningsbyxa-craft-dam\/","title":{"rendered":"Tr\u00e4ningsbyxa Craft, Dam"},"content":{"rendered":"<p>Denna produkt finns \u00e4ven f\u00f6r <strong>HERR \u2013<\/strong> <a href=\"https:\/\/nehstore.com\/nyshop\/product\/traningsbyxa-craft-herr\/\"><em>klicka h\u00e4r<\/em><\/a><\/p>\n<p>Denna produkt finns \u00e4ven f\u00f6r <strong>BARN \u2013<\/strong> <a href=\"https:\/\/nehstore.com\/nyshop\/product\/traningsbyxa-craft-barn\/\"><em>klicka h\u00e4r<\/em><\/a><\/p>\n","protected":false},"excerpt":{"rendered":"<p>En funktionell tr\u00e4ningsbyxa. Plagget \u00e4r gjort av \u00e5tervunnen polyester som ger effektiv fukttransport och har dessutom h\u00f6g elasticitet och ergonomisk design f\u00f6r optimal passform och bra r\u00f6relsefrihet. Tr\u00e4ningsbyxorna \u00e4r utrustade med tv\u00e5 sidfickor samt dragkedja i bensluten f\u00f6r enkel av- och p\u00e5tagning.<\/p>\n<p>\u2022 \u00c5tervunnen polyester<br \/>\n\u2022 Mycket elastiskt material<br \/>\n\u2022 Tv\u00e5 sidfickor<br \/>\n\u2022 Dragkedja i bensluten<\/p>\n<div>\n<div><strong>Storlekar:<\/strong> XS &#8211; 3XL<\/div>\n<div class=\"Text-sc-s31epd-0 iovWTc d-inline f3-700 mr-1\"><strong>Material:<\/strong> 100% Polyester recycled<br \/>\n<strong>Vikt:<\/strong> 118 g\/m2<\/div>\n<\/div>\n","protected":false},"featured_media":1827,"template":"","meta":[],"product_brand":[],"product_cat":[19,22],"product_tag":[90,180,35,64],"class_list":{"0":"post-1855","1":"product","2":"type-product","3":"status-publish","4":"has-post-thumbnail","6":"product_cat-dam","7":"product_cat-klader","8":"product_tag-byxa","9":"product_tag-craft","10":"product_tag-dam","11":"product_tag-traning","12":"has-post-title","13":"has-post-date","14":"has-post-category","15":"has-post-tag","16":"has-post-comment","17":"has-post-author","18":"","20":"first","21":"instock","22":"shipping-taxable","23":"purchasable","24":"product-type-variable"},"builder_content":"","_links":{"self":[{"href":"https:\/\/nehstore.com\/nyshop\/wp-json\/wp\/v2\/product\/1855","targetHints":{"allow":["GET"]}}],"collection":[{"href":"https:\/\/nehstore.com\/nyshop\/wp-json\/wp\/v2\/product"}],"about":[{"href":"https:\/\/nehstore.com\/nyshop\/wp-json\/wp\/v2\/types\/product"}],"wp:featuredmedia":[{"embeddable":true,"href":"https:\/\/nehstore.com\/nyshop\/wp-json\/wp\/v2\/media\/1827"}],"wp:attachment":[{"href":"https:\/\/nehstore.com\/nyshop\/wp-json\/wp\/v2\/media?parent=1855"}],"wp:term":[{"taxonomy":"product_brand","embeddable":true,"href":"https:\/\/nehstore.com\/nyshop\/wp-json\/wp\/v2\/product_brand?post=1855"},{"taxonomy":"product_cat","embeddable":true,"href":"https:\/\/nehstore.com\/nyshop\/wp-json\/wp\/v2\/product_cat?post=1855"},{"taxonomy":"product_tag","embeddable":true,"href":"https:\/\/nehstore.com\/nyshop\/wp-json\/wp\/v2\/product_tag?post=1855"}],"curies":[{"name":"wp","href":"https:\/\/api.w.org\/{rel}","templated":true}]}}