{"id":2088,"date":"2024-04-17T12:49:46","date_gmt":"2024-04-17T12:49:46","guid":{"rendered":"https:\/\/nehstore.com\/nyshop\/?post_type=product&#038;p=2088"},"modified":"2024-04-26T11:57:27","modified_gmt":"2024-04-26T11:57:27","slug":"fardigt-paket-tillbehor","status":"publish","type":"product","link":"https:\/\/nehstore.com\/nyshop\/produkt\/fardigt-paket-tillbehor\/","title":{"rendered":"F\u00e4rdigt paket, Tillbeh\u00f6r"},"content":{"rendered":"","protected":false},"excerpt":{"rendered":"<p>I detta f\u00e4rdiga paket ing\u00e5r f\u00f6ljande produkter:<\/p>\n<p>&#8211; <a href=\"https:\/\/nehstore.com\/nyshop\/product\/mossa-tub-unisex\/\">M\u00f6ssa Tub<\/a><br \/>\n&#8211; <a href=\"https:\/\/nehstore.com\/nyshop\/product\/multiscarf-unisex\/\">Multiscarf<\/a><br \/>\n&#8211; <a href=\"https:\/\/nehstore.com\/nyshop\/product\/pannband-unisex\/\">Pannband<\/a><br \/>\n&#8211; <a href=\"https:\/\/nehstore.com\/nyshop\/product\/keps-trucker-unisex\/\">Keps Trucker<\/a><br \/>\n&#8211; <a href=\"https:\/\/nehstore.com\/nyshop\/product\/keps-twill-unisex\/\">Keps Twill<\/a><br \/>\n&#8211; <a href=\"https:\/\/nehstore.com\/nyshop\/product\/mossa-pom-pom-unisex\/\">M\u00f6ssa Pom-pom<\/a><br \/>\n&#8211; <a href=\"https:\/\/nehstore.com\/nyshop\/product\/tygkasse\/\">Tygkasse<\/a><br \/>\n&#8211; <a href=\"https:\/\/nehstore.com\/nyshop\/product\/ryggsack-basic\/\">Ryggs\u00e4ck Basic<\/a><br \/>\n&#8211; <a href=\"https:\/\/nehstore.com\/nyshop\/product\/sportbag-basic\/\">Sportbag Basic<\/a><\/p>\n<p>\u00d6nskar ni n\u00e5got mer ut\u00f6ver dessa produkter kan ni l\u00e4gga till dem i varukorgen ut\u00f6ver detta paket.<\/p>\n<p><em>Observera att f\u00e4rgen ni v\u00e4ljer inte g\u00e4ller p\u00e5 alla plagg, d\u00e5 till exempel byxorna endast finns i en begr\u00e4nsad m\u00e4ngd f\u00e4rger. Vi kommer att anpassa sortimentet efter vald f\u00e4rg. V\u00e4nligen kontakta oss om ni har fr\u00e5gor.<br \/>\nObservera \u00e4ven att storlekarna som ni v\u00e4ljer g\u00e4ller p\u00e5 m\u00e5nga plagg, men att vissa plagg endast finns i unisex. Unisexstorlekarna kommer att ing\u00e5 under b\u00e5de dam och herr om ni v\u00e4ljer dessa produkter.<\/em><\/p>\n","protected":false},"featured_media":2089,"template":"","meta":[],"product_brand":[],"product_cat":[181,28],"product_tag":[],"class_list":{"0":"post-2088","1":"product","2":"type-product","3":"status-publish","4":"has-post-thumbnail","6":"product_cat-fardiga-paket","7":"product_cat-ovrigt","8":"has-post-title","9":"has-post-date","10":"has-post-category","11":"has-post-tag","12":"has-post-comment","13":"has-post-author","14":"","16":"first","17":"instock","18":"shipping-taxable","19":"purchasable","20":"product-type-simple"},"builder_content":"","_links":{"self":[{"href":"https:\/\/nehstore.com\/nyshop\/wp-json\/wp\/v2\/product\/2088","targetHints":{"allow":["GET"]}}],"collection":[{"href":"https:\/\/nehstore.com\/nyshop\/wp-json\/wp\/v2\/product"}],"about":[{"href":"https:\/\/nehstore.com\/nyshop\/wp-json\/wp\/v2\/types\/product"}],"wp:featuredmedia":[{"embeddable":true,"href":"https:\/\/nehstore.com\/nyshop\/wp-json\/wp\/v2\/media\/2089"}],"wp:attachment":[{"href":"https:\/\/nehstore.com\/nyshop\/wp-json\/wp\/v2\/media?parent=2088"}],"wp:term":[{"taxonomy":"product_brand","embeddable":true,"href":"https:\/\/nehstore.com\/nyshop\/wp-json\/wp\/v2\/product_brand?post=2088"},{"taxonomy":"product_cat","embeddable":true,"href":"https:\/\/nehstore.com\/nyshop\/wp-json\/wp\/v2\/product_cat?post=2088"},{"taxonomy":"product_tag","embeddable":true,"href":"https:\/\/nehstore.com\/nyshop\/wp-json\/wp\/v2\/product_tag?post=2088"}],"curies":[{"name":"wp","href":"https:\/\/api.w.org\/{rel}","templated":true}]}}